{"id":10876,"date":"2025-06-23T19:54:49","date_gmt":"2025-06-23T19:54:49","guid":{"rendered":"https:\/\/andreapop.com\/?post_type=product&#038;p=10876"},"modified":"2025-06-23T20:08:37","modified_gmt":"2025-06-23T20:08:37","slug":"panama-hat","status":"publish","type":"product","link":"https:\/\/andreapop.com\/en\/product\/panama-hat\/","title":{"rendered":"Sombrero Panama"},"content":{"rendered":"<p data-start=\"697\" data-end=\"768\"><strong data-start=\"697\" data-end=\"768\">Sombrero Panama<\/strong><\/p>\n<ul>\n<li>Hat made by hand in Spain<\/li>\n<li>Color: natural<\/li>\n<li>Material: paja de toquilla 100% NATURAL<\/li>\n<li>Corona sombrero: 11 cm (modificable bajo petici\u00f3n)<\/li>\n<li>Ala sombrero: 9 cm (modificable bajo petici\u00f3n)<\/li>\n<li>The color may vary slightly from the image depending on the lighting.<\/li>\n<\/ul>\n<p>We strongly recommend measuring your head before placing the order and not using the size of other hat brands you may own as a reference.<\/p>","protected":false},"excerpt":{"rendered":"<p>Sombrero Panam\u00e1<\/p>\n<p>Paja de toquilla 100 %<\/p>\n<p>Color natural, cinta de cuero negra y ligeramente quemado<\/p>","protected":false},"featured_media":10889,"comment_status":"open","ping_status":"closed","template":"","meta":{"inline_featured_image":false},"product_brand":[],"product_cat":[352],"product_tag":[],"class_list":{"0":"post-10876","1":"product","2":"type-product","3":"status-publish","4":"has-post-thumbnail","6":"product_cat-sombreros","8":"first","9":"instock","10":"taxable","11":"shipping-taxable","12":"purchasable","13":"product-type-variable"},"yoast_head":"<!-- This site is optimized with the Yoast SEO Premium plugin v25.3.1 (Yoast SEO v25.4) - https:\/\/yoast.com\/wordpress\/plugins\/seo\/ -->\n<title>Sombrero Panama - Andrea Pop<\/title>\n<meta name=\"description\" content=\"El sombrero fedora La Justicia es un sombrero artesanal hecho en Espa\u00f1a con dise\u00f1o \u00fanico y car\u00e1cter. Descubre elegancia y autenticidad en cada detalle.\" \/>\n<meta name=\"robots\" content=\"index, follow, max-snippet:-1, max-image-preview:large, max-video-preview:-1\" \/>\n<link rel=\"canonical\" href=\"https:\/\/andreapop.com\/en\/product\/panama-hat\/\" \/>\n<meta property=\"og:locale\" content=\"en_US\" \/>\n<meta property=\"og:type\" content=\"article\" \/>\n<meta property=\"og:title\" content=\"Sombrero Panama\" \/>\n<meta property=\"og:description\" content=\"El sombrero fedora La Justicia es un sombrero artesanal hecho en Espa\u00f1a con dise\u00f1o \u00fanico y car\u00e1cter. Descubre elegancia y autenticidad en cada detalle.\" \/>\n<meta property=\"og:url\" content=\"https:\/\/andreapop.com\/en\/product\/panama-hat\/\" \/>\n<meta property=\"og:site_name\" content=\"Andrea Pop\" \/>\n<meta property=\"article:modified_time\" content=\"2025-06-23T20:08:37+00:00\" \/>\n<meta property=\"og:image\" content=\"https:\/\/andreapop.com\/wp-content\/uploads\/2025\/06\/PANAMA-11.webp\" \/>\n\t<meta property=\"og:image:width\" content=\"1890\" \/>\n\t<meta property=\"og:image:height\" content=\"1417\" \/>\n\t<meta property=\"og:image:type\" content=\"image\/webp\" \/>\n<meta name=\"twitter:card\" content=\"summary_large_image\" \/>\n<meta name=\"twitter:label1\" content=\"Est. reading time\" \/>\n\t<meta name=\"twitter:data1\" content=\"1 minute\" \/>\n<script type=\"application\/ld+json\" class=\"yoast-schema-graph\">{\"@context\":\"https:\/\/schema.org\",\"@graph\":[{\"@type\":\"WebPage\",\"@id\":\"https:\/\/andreapop.com\/producto\/sombrero-panama\/\",\"url\":\"https:\/\/andreapop.com\/producto\/sombrero-panama\/\",\"name\":\"Sombrero Panama - Andrea Pop\",\"isPartOf\":{\"@id\":\"https:\/\/andreapop.com\/#website\"},\"primaryImageOfPage\":{\"@id\":\"https:\/\/andreapop.com\/producto\/sombrero-panama\/#primaryimage\"},\"image\":{\"@id\":\"https:\/\/andreapop.com\/producto\/sombrero-panama\/#primaryimage\"},\"thumbnailUrl\":\"https:\/\/i0.wp.com\/andreapop.com\/wp-content\/uploads\/2025\/06\/PANAMA-11.webp?fit=1890%2C1417&ssl=1\",\"datePublished\":\"2025-06-23T19:54:49+00:00\",\"dateModified\":\"2025-06-23T20:08:37+00:00\",\"description\":\"El sombrero fedora La Justicia es un sombrero artesanal hecho en Espa\u00f1a con dise\u00f1o \u00fanico y car\u00e1cter. Descubre elegancia y autenticidad en cada detalle.\",\"breadcrumb\":{\"@id\":\"https:\/\/andreapop.com\/producto\/sombrero-panama\/#breadcrumb\"},\"inLanguage\":\"en-US\",\"potentialAction\":[{\"@type\":\"ReadAction\",\"target\":[\"https:\/\/andreapop.com\/producto\/sombrero-panama\/\"]}]},{\"@type\":\"ImageObject\",\"inLanguage\":\"en-US\",\"@id\":\"https:\/\/andreapop.com\/producto\/sombrero-panama\/#primaryimage\",\"url\":\"https:\/\/i0.wp.com\/andreapop.com\/wp-content\/uploads\/2025\/06\/PANAMA-11.webp?fit=1890%2C1417&ssl=1\",\"contentUrl\":\"https:\/\/i0.wp.com\/andreapop.com\/wp-content\/uploads\/2025\/06\/PANAMA-11.webp?fit=1890%2C1417&ssl=1\",\"width\":1890,\"height\":1417},{\"@type\":\"BreadcrumbList\",\"@id\":\"https:\/\/andreapop.com\/producto\/sombrero-panama\/#breadcrumb\",\"itemListElement\":[{\"@type\":\"ListItem\",\"position\":1,\"name\":\"Portada\",\"item\":\"https:\/\/andreapop.com\/\"},{\"@type\":\"ListItem\",\"position\":2,\"name\":\"Tienda de Sombrerer\u00eda &#8211; Herramientas y Sombreros Artesanales\",\"item\":\"https:\/\/andreapop.com\/tienda\/\"},{\"@type\":\"ListItem\",\"position\":3,\"name\":\"Sombrero Panama\"}]},{\"@type\":\"WebSite\",\"@id\":\"https:\/\/andreapop.com\/#website\",\"url\":\"https:\/\/andreapop.com\/\",\"name\":\"Andrea Pop\",\"description\":\"Aprende a crear sombreros \u00fanicos y personalizados\",\"publisher\":{\"@id\":\"https:\/\/andreapop.com\/#organization\"},\"alternateName\":\"Andrea Pop Hat Maker\",\"potentialAction\":[{\"@type\":\"SearchAction\",\"target\":{\"@type\":\"EntryPoint\",\"urlTemplate\":\"https:\/\/andreapop.com\/?s={search_term_string}\"},\"query-input\":{\"@type\":\"PropertyValueSpecification\",\"valueRequired\":true,\"valueName\":\"search_term_string\"}}],\"inLanguage\":\"en-US\"},{\"@type\":\"Organization\",\"@id\":\"https:\/\/andreapop.com\/#organization\",\"name\":\"Andrea Pop\",\"url\":\"https:\/\/andreapop.com\/\",\"logo\":{\"@type\":\"ImageObject\",\"inLanguage\":\"en-US\",\"@id\":\"https:\/\/andreapop.com\/#\/schema\/logo\/image\/\",\"url\":\"https:\/\/andreapop.com\/wp-content\/uploads\/2025\/03\/SILUETA.png\",\"contentUrl\":\"https:\/\/andreapop.com\/wp-content\/uploads\/2025\/03\/SILUETA.png\",\"width\":1920,\"height\":1080,\"caption\":\"Andrea Pop\"},\"image\":{\"@id\":\"https:\/\/andreapop.com\/#\/schema\/logo\/image\/\"},\"email\":\"info@andreapop.com\",\"legalName\":\"Andrea Pop\",\"foundingDate\":\"2025-01-01\",\"vatID\":\"X4653121Z\",\"taxID\":\"X4653121Z\",\"numberOfEmployees\":{\"@type\":\"QuantitativeValue\",\"minValue\":\"1\",\"maxValue\":\"10\"}}]}<\/script>\n<!-- \/ Yoast SEO Premium plugin. -->","yoast_head_json":{"title":"Sombrero Panama - Andrea Pop","description":"El sombrero fedora La Justicia es un sombrero artesanal hecho en Espa\u00f1a con dise\u00f1o \u00fanico y car\u00e1cter. Descubre elegancia y autenticidad en cada detalle.","robots":{"index":"index","follow":"follow","max-snippet":"max-snippet:-1","max-image-preview":"max-image-preview:large","max-video-preview":"max-video-preview:-1"},"canonical":"https:\/\/andreapop.com\/en\/product\/panama-hat\/","og_locale":"en_US","og_type":"article","og_title":"Sombrero Panama","og_description":"El sombrero fedora La Justicia es un sombrero artesanal hecho en Espa\u00f1a con dise\u00f1o \u00fanico y car\u00e1cter. Descubre elegancia y autenticidad en cada detalle.","og_url":"https:\/\/andreapop.com\/en\/product\/panama-hat\/","og_site_name":"Andrea Pop","article_modified_time":"2025-06-23T20:08:37+00:00","og_image":[{"width":1890,"height":1417,"url":"https:\/\/andreapop.com\/wp-content\/uploads\/2025\/06\/PANAMA-11.webp","type":"image\/webp"}],"twitter_card":"summary_large_image","twitter_misc":{"Est. reading time":"1 minute"},"schema":{"@context":"https:\/\/schema.org","@graph":[{"@type":"WebPage","@id":"https:\/\/andreapop.com\/producto\/sombrero-panama\/","url":"https:\/\/andreapop.com\/producto\/sombrero-panama\/","name":"Sombrero Panama - Andrea Pop","isPartOf":{"@id":"https:\/\/andreapop.com\/#website"},"primaryImageOfPage":{"@id":"https:\/\/andreapop.com\/producto\/sombrero-panama\/#primaryimage"},"image":{"@id":"https:\/\/andreapop.com\/producto\/sombrero-panama\/#primaryimage"},"thumbnailUrl":"https:\/\/i0.wp.com\/andreapop.com\/wp-content\/uploads\/2025\/06\/PANAMA-11.webp?fit=1890%2C1417&ssl=1","datePublished":"2025-06-23T19:54:49+00:00","dateModified":"2025-06-23T20:08:37+00:00","description":"El sombrero fedora La Justicia es un sombrero artesanal hecho en Espa\u00f1a con dise\u00f1o \u00fanico y car\u00e1cter. Descubre elegancia y autenticidad en cada detalle.","breadcrumb":{"@id":"https:\/\/andreapop.com\/producto\/sombrero-panama\/#breadcrumb"},"inLanguage":"en-US","potentialAction":[{"@type":"ReadAction","target":["https:\/\/andreapop.com\/producto\/sombrero-panama\/"]}]},{"@type":"ImageObject","inLanguage":"en-US","@id":"https:\/\/andreapop.com\/producto\/sombrero-panama\/#primaryimage","url":"https:\/\/i0.wp.com\/andreapop.com\/wp-content\/uploads\/2025\/06\/PANAMA-11.webp?fit=1890%2C1417&ssl=1","contentUrl":"https:\/\/i0.wp.com\/andreapop.com\/wp-content\/uploads\/2025\/06\/PANAMA-11.webp?fit=1890%2C1417&ssl=1","width":1890,"height":1417},{"@type":"BreadcrumbList","@id":"https:\/\/andreapop.com\/producto\/sombrero-panama\/#breadcrumb","itemListElement":[{"@type":"ListItem","position":1,"name":"Portada","item":"https:\/\/andreapop.com\/"},{"@type":"ListItem","position":2,"name":"Tienda de Sombrerer\u00eda &#8211; Herramientas y Sombreros Artesanales","item":"https:\/\/andreapop.com\/tienda\/"},{"@type":"ListItem","position":3,"name":"Sombrero Panama"}]},{"@type":"WebSite","@id":"https:\/\/andreapop.com\/#website","url":"https:\/\/andreapop.com\/","name":"Andrea Pop","description":"Aprende a crear sombreros \u00fanicos y personalizados","publisher":{"@id":"https:\/\/andreapop.com\/#organization"},"alternateName":"Andrea Pop Hat Maker","potentialAction":[{"@type":"SearchAction","target":{"@type":"EntryPoint","urlTemplate":"https:\/\/andreapop.com\/?s={search_term_string}"},"query-input":{"@type":"PropertyValueSpecification","valueRequired":true,"valueName":"search_term_string"}}],"inLanguage":"en-US"},{"@type":"Organization","@id":"https:\/\/andreapop.com\/#organization","name":"Andrea Pop","url":"https:\/\/andreapop.com\/","logo":{"@type":"ImageObject","inLanguage":"en-US","@id":"https:\/\/andreapop.com\/#\/schema\/logo\/image\/","url":"https:\/\/andreapop.com\/wp-content\/uploads\/2025\/03\/SILUETA.png","contentUrl":"https:\/\/andreapop.com\/wp-content\/uploads\/2025\/03\/SILUETA.png","width":1920,"height":1080,"caption":"Andrea Pop"},"image":{"@id":"https:\/\/andreapop.com\/#\/schema\/logo\/image\/"},"email":"info@andreapop.com","legalName":"Andrea Pop","foundingDate":"2025-01-01","vatID":"X4653121Z","taxID":"X4653121Z","numberOfEmployees":{"@type":"QuantitativeValue","minValue":"1","maxValue":"10"}}]}},"jetpack_sharing_enabled":true,"_links":{"self":[{"href":"https:\/\/andreapop.com\/en\/wp-json\/wp\/v2\/product\/10876","targetHints":{"allow":["GET"]}}],"collection":[{"href":"https:\/\/andreapop.com\/en\/wp-json\/wp\/v2\/product"}],"about":[{"href":"https:\/\/andreapop.com\/en\/wp-json\/wp\/v2\/types\/product"}],"replies":[{"embeddable":true,"href":"https:\/\/andreapop.com\/en\/wp-json\/wp\/v2\/comments?post=10876"}],"wp:featuredmedia":[{"embeddable":true,"href":"https:\/\/andreapop.com\/en\/wp-json\/wp\/v2\/media\/10889"}],"wp:attachment":[{"href":"https:\/\/andreapop.com\/en\/wp-json\/wp\/v2\/media?parent=10876"}],"wp:term":[{"taxonomy":"product_brand","embeddable":true,"href":"https:\/\/andreapop.com\/en\/wp-json\/wp\/v2\/product_brand?post=10876"},{"taxonomy":"product_cat","embeddable":true,"href":"https:\/\/andreapop.com\/en\/wp-json\/wp\/v2\/product_cat?post=10876"},{"taxonomy":"product_tag","embeddable":true,"href":"https:\/\/andreapop.com\/en\/wp-json\/wp\/v2\/product_tag?post=10876"}],"curies":[{"name":"wp","href":"https:\/\/api.w.org\/{rel}","templated":true}]}}