{"id":11064,"date":"2026-01-02T18:11:56","date_gmt":"2026-01-02T18:11:56","guid":{"rendered":"https:\/\/andreapop.com\/?post_type=product&#038;p=11064"},"modified":"2026-03-22T18:42:31","modified_gmt":"2026-03-22T18:42:31","slug":"leather-sweatbands-molde-badana-sudor-sombrero","status":"publish","type":"product","link":"https:\/\/andreapop.com\/en\/product\/leather-sweatbands-molde-badana-sudor-sombrero\/","title":{"rendered":"Leather Sweatbands Form | Molde Badana Sudor Sombrero"},"content":{"rendered":"<h1 data-start=\"749\" data-end=\"824\">Leather Sweatbands Form | Molde Badana Sudor Sombrero<\/h1>\n<p data-start=\"826\" data-end=\"1256\">Molde profesional universal para la fabricaci\u00f3n de <em data-start=\"287\" data-end=\"307\">Leather Sweatbands<\/em>, dise\u00f1ado para artesanos y fabricantes de sombreros. Este molde permite crear bandas de sudor de cuero, englobando todas las tallas, con un acabado uniforme, medidas exactas y bordes definidos, facilitando el proceso de producci\u00f3n y optimizando tiempos de trabajo.<\/p>\n<p data-start=\"826\" data-end=\"1256\">Fabricado con filamento PETG, el molde es ideal para trabajar con cuero natural y sint\u00e9tico. Su dise\u00f1o curvado garantiza un uso sencillo en la elaboraci\u00f3n de <em>sweatbands<\/em> de alta calidad.<\/p>\n<p><strong>Details:<\/strong><\/p>\n<p>Handmade<\/p>\n<p>Material Type: PETG <strong>(100% recyclable)<\/strong><\/p>\n<p>&nbsp;<\/p>\n<p><strong>Description:<\/strong><\/p>\n<p>Manufacturing process: 3D Printing (FDM)<\/p>\n<p>Formado por tres piezas que se unen como un puzle.<\/p>\n<p>&nbsp;<\/p>\n<p><strong>Care &amp; Working Guidelines:<\/strong><\/p>\n<p>Material type requires consistent moving of any heat source applied to the block.\nKeep your iron moving, Apply heat to block no more then 5 seconds to one location.<\/p>","protected":false},"excerpt":{"rendered":"<p class=\"ai-optimize-33\">Molde Profesional para hacer tus propios <em>Leather Sweatband<\/em> de Cuero<\/p>\n<p>https:\/\/andreapop.com\/wp-content\/uploads\/2026\/01\/SWETBANDS.webm<\/p>","protected":false},"featured_media":11071,"comment_status":"open","ping_status":"closed","template":"","meta":{"inline_featured_image":false},"product_brand":[],"product_cat":[347],"product_tag":[],"class_list":{"0":"post-11064","1":"product","2":"type-product","3":"status-publish","4":"has-post-thumbnail","6":"product_cat-herramientas-para-sombreros","8":"first","9":"instock","10":"taxable","11":"shipping-taxable","12":"purchasable","13":"product-type-simple"},"yoast_head":"<!-- This site is optimized with the Yoast SEO Premium plugin v25.3.1 (Yoast SEO v25.4) - https:\/\/yoast.com\/wordpress\/plugins\/seo\/ -->\n<title>Leather Sweatbands Form | Molde Badana Sudor Sombrero<\/title>\n<meta name=\"description\" content=\"Descubre el molde para hacer tu propia Badana de cuero para tu Sombrero o tambi\u00e9n llamado Leather Sweatbands\" \/>\n<meta name=\"robots\" content=\"index, follow, max-snippet:-1, max-image-preview:large, max-video-preview:-1\" \/>\n<link rel=\"canonical\" href=\"https:\/\/andreapop.com\/en\/product\/leather-sweatbands-molde-badana-sudor-sombrero\/\" \/>\n<meta property=\"og:locale\" content=\"en_US\" \/>\n<meta property=\"og:type\" content=\"article\" \/>\n<meta property=\"og:title\" content=\"Leather Sweatbands Form | Molde Badana Sudor Sombrero\" \/>\n<meta property=\"og:description\" content=\"Descubre el molde para hacer tu propia Badana de cuero para tu Sombrero o tambi\u00e9n llamado Leather Sweatbands\" \/>\n<meta property=\"og:url\" content=\"https:\/\/andreapop.com\/en\/product\/leather-sweatbands-molde-badana-sudor-sombrero\/\" \/>\n<meta property=\"og:site_name\" content=\"Andrea Pop\" \/>\n<meta property=\"article:modified_time\" content=\"2026-03-22T18:42:31+00:00\" \/>\n<meta property=\"og:image\" content=\"https:\/\/andreapop.com\/wp-content\/uploads\/2026\/01\/ChatGPT-Image-2-ene-2026_-19_46_37.webp\" \/>\n\t<meta property=\"og:image:width\" content=\"1536\" \/>\n\t<meta property=\"og:image:height\" content=\"1024\" \/>\n\t<meta property=\"og:image:type\" content=\"image\/webp\" \/>\n<meta name=\"twitter:card\" content=\"summary_large_image\" \/>\n<meta name=\"twitter:label1\" content=\"Est. reading time\" \/>\n\t<meta name=\"twitter:data1\" content=\"1 minute\" \/>\n<script type=\"application\/ld+json\" class=\"yoast-schema-graph\">{\"@context\":\"https:\/\/schema.org\",\"@graph\":[{\"@type\":\"WebPage\",\"@id\":\"https:\/\/andreapop.com\/producto\/leather-sweatbands-molde-badana-sudor-sombrero\/\",\"url\":\"https:\/\/andreapop.com\/producto\/leather-sweatbands-molde-badana-sudor-sombrero\/\",\"name\":\"Leather Sweatbands Form | Molde Badana Sudor Sombrero\",\"isPartOf\":{\"@id\":\"https:\/\/andreapop.com\/#website\"},\"primaryImageOfPage\":{\"@id\":\"https:\/\/andreapop.com\/producto\/leather-sweatbands-molde-badana-sudor-sombrero\/#primaryimage\"},\"image\":{\"@id\":\"https:\/\/andreapop.com\/producto\/leather-sweatbands-molde-badana-sudor-sombrero\/#primaryimage\"},\"thumbnailUrl\":\"https:\/\/i0.wp.com\/andreapop.com\/wp-content\/uploads\/2026\/01\/ChatGPT-Image-2-ene-2026_-19_46_37.webp?fit=1536%2C1024&ssl=1\",\"datePublished\":\"2026-01-02T18:11:56+00:00\",\"dateModified\":\"2026-03-22T18:42:31+00:00\",\"description\":\"Descubre el molde para hacer tu propia Badana de cuero para tu Sombrero o tambi\u00e9n llamado Leather Sweatbands\",\"breadcrumb\":{\"@id\":\"https:\/\/andreapop.com\/producto\/leather-sweatbands-molde-badana-sudor-sombrero\/#breadcrumb\"},\"inLanguage\":\"en-US\",\"potentialAction\":[{\"@type\":\"ReadAction\",\"target\":[\"https:\/\/andreapop.com\/producto\/leather-sweatbands-molde-badana-sudor-sombrero\/\"]}]},{\"@type\":\"ImageObject\",\"inLanguage\":\"en-US\",\"@id\":\"https:\/\/andreapop.com\/producto\/leather-sweatbands-molde-badana-sudor-sombrero\/#primaryimage\",\"url\":\"https:\/\/i0.wp.com\/andreapop.com\/wp-content\/uploads\/2026\/01\/ChatGPT-Image-2-ene-2026_-19_46_37.webp?fit=1536%2C1024&ssl=1\",\"contentUrl\":\"https:\/\/i0.wp.com\/andreapop.com\/wp-content\/uploads\/2026\/01\/ChatGPT-Image-2-ene-2026_-19_46_37.webp?fit=1536%2C1024&ssl=1\",\"width\":1536,\"height\":1024},{\"@type\":\"BreadcrumbList\",\"@id\":\"https:\/\/andreapop.com\/producto\/leather-sweatbands-molde-badana-sudor-sombrero\/#breadcrumb\",\"itemListElement\":[{\"@type\":\"ListItem\",\"position\":1,\"name\":\"Portada\",\"item\":\"https:\/\/andreapop.com\/\"},{\"@type\":\"ListItem\",\"position\":2,\"name\":\"Tienda de Sombrerer\u00eda &#8211; Herramientas y Sombreros Artesanales\",\"item\":\"https:\/\/andreapop.com\/tienda\/\"},{\"@type\":\"ListItem\",\"position\":3,\"name\":\"Leather Sweatbands Form | Molde Badana Sudor Sombrero\"}]},{\"@type\":\"WebSite\",\"@id\":\"https:\/\/andreapop.com\/#website\",\"url\":\"https:\/\/andreapop.com\/\",\"name\":\"Andrea Pop\",\"description\":\"Aprende a crear sombreros \u00fanicos y personalizados\",\"publisher\":{\"@id\":\"https:\/\/andreapop.com\/#organization\"},\"alternateName\":\"Andrea Pop Hat Maker\",\"potentialAction\":[{\"@type\":\"SearchAction\",\"target\":{\"@type\":\"EntryPoint\",\"urlTemplate\":\"https:\/\/andreapop.com\/?s={search_term_string}\"},\"query-input\":{\"@type\":\"PropertyValueSpecification\",\"valueRequired\":true,\"valueName\":\"search_term_string\"}}],\"inLanguage\":\"en-US\"},{\"@type\":\"Organization\",\"@id\":\"https:\/\/andreapop.com\/#organization\",\"name\":\"Andrea Pop\",\"url\":\"https:\/\/andreapop.com\/\",\"logo\":{\"@type\":\"ImageObject\",\"inLanguage\":\"en-US\",\"@id\":\"https:\/\/andreapop.com\/#\/schema\/logo\/image\/\",\"url\":\"https:\/\/andreapop.com\/wp-content\/uploads\/2025\/03\/SILUETA.png\",\"contentUrl\":\"https:\/\/andreapop.com\/wp-content\/uploads\/2025\/03\/SILUETA.png\",\"width\":1920,\"height\":1080,\"caption\":\"Andrea Pop\"},\"image\":{\"@id\":\"https:\/\/andreapop.com\/#\/schema\/logo\/image\/\"},\"email\":\"info@andreapop.com\",\"legalName\":\"Andrea Pop\",\"foundingDate\":\"2025-01-01\",\"vatID\":\"X4653121Z\",\"taxID\":\"X4653121Z\",\"numberOfEmployees\":{\"@type\":\"QuantitativeValue\",\"minValue\":\"1\",\"maxValue\":\"10\"}}]}<\/script>\n<!-- \/ Yoast SEO Premium plugin. -->","yoast_head_json":{"title":"Leather Sweatbands Form | Molde Badana Sudor Sombrero","description":"Descubre el molde para hacer tu propia Badana de cuero para tu Sombrero o tambi\u00e9n llamado Leather Sweatbands","robots":{"index":"index","follow":"follow","max-snippet":"max-snippet:-1","max-image-preview":"max-image-preview:large","max-video-preview":"max-video-preview:-1"},"canonical":"https:\/\/andreapop.com\/en\/product\/leather-sweatbands-molde-badana-sudor-sombrero\/","og_locale":"en_US","og_type":"article","og_title":"Leather Sweatbands Form | Molde Badana Sudor Sombrero","og_description":"Descubre el molde para hacer tu propia Badana de cuero para tu Sombrero o tambi\u00e9n llamado Leather Sweatbands","og_url":"https:\/\/andreapop.com\/en\/product\/leather-sweatbands-molde-badana-sudor-sombrero\/","og_site_name":"Andrea Pop","article_modified_time":"2026-03-22T18:42:31+00:00","og_image":[{"width":1536,"height":1024,"url":"https:\/\/andreapop.com\/wp-content\/uploads\/2026\/01\/ChatGPT-Image-2-ene-2026_-19_46_37.webp","type":"image\/webp"}],"twitter_card":"summary_large_image","twitter_misc":{"Est. reading time":"1 minute"},"schema":{"@context":"https:\/\/schema.org","@graph":[{"@type":"WebPage","@id":"https:\/\/andreapop.com\/producto\/leather-sweatbands-molde-badana-sudor-sombrero\/","url":"https:\/\/andreapop.com\/producto\/leather-sweatbands-molde-badana-sudor-sombrero\/","name":"Leather Sweatbands Form | Molde Badana Sudor Sombrero","isPartOf":{"@id":"https:\/\/andreapop.com\/#website"},"primaryImageOfPage":{"@id":"https:\/\/andreapop.com\/producto\/leather-sweatbands-molde-badana-sudor-sombrero\/#primaryimage"},"image":{"@id":"https:\/\/andreapop.com\/producto\/leather-sweatbands-molde-badana-sudor-sombrero\/#primaryimage"},"thumbnailUrl":"https:\/\/i0.wp.com\/andreapop.com\/wp-content\/uploads\/2026\/01\/ChatGPT-Image-2-ene-2026_-19_46_37.webp?fit=1536%2C1024&ssl=1","datePublished":"2026-01-02T18:11:56+00:00","dateModified":"2026-03-22T18:42:31+00:00","description":"Descubre el molde para hacer tu propia Badana de cuero para tu Sombrero o tambi\u00e9n llamado Leather Sweatbands","breadcrumb":{"@id":"https:\/\/andreapop.com\/producto\/leather-sweatbands-molde-badana-sudor-sombrero\/#breadcrumb"},"inLanguage":"en-US","potentialAction":[{"@type":"ReadAction","target":["https:\/\/andreapop.com\/producto\/leather-sweatbands-molde-badana-sudor-sombrero\/"]}]},{"@type":"ImageObject","inLanguage":"en-US","@id":"https:\/\/andreapop.com\/producto\/leather-sweatbands-molde-badana-sudor-sombrero\/#primaryimage","url":"https:\/\/i0.wp.com\/andreapop.com\/wp-content\/uploads\/2026\/01\/ChatGPT-Image-2-ene-2026_-19_46_37.webp?fit=1536%2C1024&ssl=1","contentUrl":"https:\/\/i0.wp.com\/andreapop.com\/wp-content\/uploads\/2026\/01\/ChatGPT-Image-2-ene-2026_-19_46_37.webp?fit=1536%2C1024&ssl=1","width":1536,"height":1024},{"@type":"BreadcrumbList","@id":"https:\/\/andreapop.com\/producto\/leather-sweatbands-molde-badana-sudor-sombrero\/#breadcrumb","itemListElement":[{"@type":"ListItem","position":1,"name":"Portada","item":"https:\/\/andreapop.com\/"},{"@type":"ListItem","position":2,"name":"Tienda de Sombrerer\u00eda &#8211; Herramientas y Sombreros Artesanales","item":"https:\/\/andreapop.com\/tienda\/"},{"@type":"ListItem","position":3,"name":"Leather Sweatbands Form | Molde Badana Sudor Sombrero"}]},{"@type":"WebSite","@id":"https:\/\/andreapop.com\/#website","url":"https:\/\/andreapop.com\/","name":"Andrea Pop","description":"Aprende a crear sombreros \u00fanicos y personalizados","publisher":{"@id":"https:\/\/andreapop.com\/#organization"},"alternateName":"Andrea Pop Hat Maker","potentialAction":[{"@type":"SearchAction","target":{"@type":"EntryPoint","urlTemplate":"https:\/\/andreapop.com\/?s={search_term_string}"},"query-input":{"@type":"PropertyValueSpecification","valueRequired":true,"valueName":"search_term_string"}}],"inLanguage":"en-US"},{"@type":"Organization","@id":"https:\/\/andreapop.com\/#organization","name":"Andrea Pop","url":"https:\/\/andreapop.com\/","logo":{"@type":"ImageObject","inLanguage":"en-US","@id":"https:\/\/andreapop.com\/#\/schema\/logo\/image\/","url":"https:\/\/andreapop.com\/wp-content\/uploads\/2025\/03\/SILUETA.png","contentUrl":"https:\/\/andreapop.com\/wp-content\/uploads\/2025\/03\/SILUETA.png","width":1920,"height":1080,"caption":"Andrea Pop"},"image":{"@id":"https:\/\/andreapop.com\/#\/schema\/logo\/image\/"},"email":"info@andreapop.com","legalName":"Andrea Pop","foundingDate":"2025-01-01","vatID":"X4653121Z","taxID":"X4653121Z","numberOfEmployees":{"@type":"QuantitativeValue","minValue":"1","maxValue":"10"}}]}},"jetpack_sharing_enabled":true,"_links":{"self":[{"href":"https:\/\/andreapop.com\/en\/wp-json\/wp\/v2\/product\/11064","targetHints":{"allow":["GET"]}}],"collection":[{"href":"https:\/\/andreapop.com\/en\/wp-json\/wp\/v2\/product"}],"about":[{"href":"https:\/\/andreapop.com\/en\/wp-json\/wp\/v2\/types\/product"}],"replies":[{"embeddable":true,"href":"https:\/\/andreapop.com\/en\/wp-json\/wp\/v2\/comments?post=11064"}],"wp:featuredmedia":[{"embeddable":true,"href":"https:\/\/andreapop.com\/en\/wp-json\/wp\/v2\/media\/11071"}],"wp:attachment":[{"href":"https:\/\/andreapop.com\/en\/wp-json\/wp\/v2\/media?parent=11064"}],"wp:term":[{"taxonomy":"product_brand","embeddable":true,"href":"https:\/\/andreapop.com\/en\/wp-json\/wp\/v2\/product_brand?post=11064"},{"taxonomy":"product_cat","embeddable":true,"href":"https:\/\/andreapop.com\/en\/wp-json\/wp\/v2\/product_cat?post=11064"},{"taxonomy":"product_tag","embeddable":true,"href":"https:\/\/andreapop.com\/en\/wp-json\/wp\/v2\/product_tag?post=11064"}],"curies":[{"name":"wp","href":"https:\/\/api.w.org\/{rel}","templated":true}]}}