{"id":8282,"date":"2025-03-04T22:15:36","date_gmt":"2025-03-04T22:15:36","guid":{"rendered":"https:\/\/andreapop.com\/?post_type=product&#038;p=8282"},"modified":"2025-06-21T15:43:55","modified_gmt":"2025-06-21T15:43:55","slug":"sombrero-de-corte-elegante","status":"publish","type":"product","link":"https:\/\/andreapop.com\/en\/product\/sombrero-de-corte-elegante\/","title":{"rendered":"Elegant Fedora Hat \"Las Monta\u00f1as\"."},"content":{"rendered":"<p data-start=\"751\" data-end=\"821\"><strong data-start=\"751\" data-end=\"821\">Elegant Fedora Hat Las Monta\u00f1as \u2013 Serene Elegance and Natural Character<\/strong><\/p>\n<p data-start=\"823\" data-end=\"1096\">Este <strong data-start=\"826\" data-end=\"858\">sombrero\u00a0 de ala ancha &#8220;Las Monta\u00f1as&#8221;<\/strong> es un homenaje a la libertad, la introspecci\u00f3n y la conexi\u00f3n con la naturaleza. Este <strong data-start=\"944\" data-end=\"966\">handmade hat<\/strong> ha sido creado con l\u00edneas limpias y un corte elegante, perfecto para quienes buscan una pieza refinada con un esp\u00edritu aut\u00e9ntico.<\/p>\n<p data-start=\"1098\" data-end=\"1390\" class=\"translation-block\">Handmade by expert hatters, it is part of our exclusive line of <strong data-start=\"1187\" data-end=\"1217\">elegant fedora hats made in Spain<\/strong>, where every detail reflects quality, tradition, and aesthetic sensitivity. Its versatile design makes it an ideal complement for both casual and sophisticated looks.<\/p>\n<p data-start=\"1392\" data-end=\"1502\">The wide-brimmed Fedora Las Monta\u00f1as hat features an elegant look and is more than just an accessory\u2014it is an invitation to live with purpose, style, and depth.<\/p>\n<ul>\n<li>Color: light grey<\/li>\n<li>Material: felt-100% rabbit hair<\/li>\n<li>Crown: 11.5 cm<\/li>\n<li>Brim: 9 cm<\/li>\n<li>The color may vary slightly from the image depending on the lighting.<\/li>\n<\/ul>\n<p>We strongly recommend measuring your head before placing the order and not using the size of other hat brands you may own as a reference.<\/p>\n<p><span style=\"color: #ffffff;\">The <strong data-start=\"284\" data-end=\"316\">fedora hat Las Monta\u00f1as<\/strong> is a symbol of style and authenticity. Designed with an elegant cut and handcrafted in Spain, it is part of our collection of <strong data-start=\"451\" data-end=\"474\">handcrafted hats<\/strong>. This <strong data-start=\"481\" data-end=\"503\">handmade hat<\/strong> unites tradition and timeless design for those who value quality. It is part of our exclusive <strong data-start=\"605\" data-end=\"635\">hats made in Spain<\/strong>created for free spirits who appreciate distinction and detail.<\/span><\/p>","protected":false},"excerpt":{"rendered":"<p>Fedora Hat<\/p>\n<p>Felt-100% Rabbit Hair<\/p>\n<p>Light gray color, with hand-embroidered mountain landscape and stars.<\/p>\n<p>Made by hand in Spain<\/p>","protected":false},"featured_media":10206,"comment_status":"open","ping_status":"closed","template":"","meta":{"inline_featured_image":false},"product_brand":[],"product_cat":[352],"product_tag":[],"class_list":{"0":"post-8282","1":"product","2":"type-product","3":"status-publish","4":"has-post-thumbnail","6":"product_cat-sombreros","8":"first","9":"instock","10":"taxable","11":"shipping-taxable","12":"purchasable","13":"product-type-variable"},"yoast_head":"<!-- This site is optimized with the Yoast SEO Premium plugin v25.3.1 (Yoast SEO v25.4) - https:\/\/yoast.com\/wordpress\/plugins\/seo\/ -->\n<title>Sombrero Fedora Elegante &quot;Las Monta\u00f1as&quot; - Andrea Pop<\/title>\n<meta name=\"description\" content=\"El sombrero fedora, de ala ancha, Las Monta\u00f1as es un sombrero artesanal elegante. Estilo atemporal y dise\u00f1o exclusivo para almas libres y sofisticadas.\" \/>\n<meta name=\"robots\" content=\"index, follow, max-snippet:-1, max-image-preview:large, max-video-preview:-1\" \/>\n<link rel=\"canonical\" href=\"https:\/\/andreapop.com\/en\/product\/sombrero-de-corte-elegante\/\" \/>\n<meta property=\"og:locale\" content=\"en_US\" \/>\n<meta property=\"og:type\" content=\"article\" \/>\n<meta property=\"og:title\" content=\"Sombrero Fedora Elegante &quot;Las Monta\u00f1as&quot;\" \/>\n<meta property=\"og:description\" content=\"El sombrero fedora, de ala ancha, Las Monta\u00f1as es un sombrero artesanal elegante. Estilo atemporal y dise\u00f1o exclusivo para almas libres y sofisticadas.\" \/>\n<meta property=\"og:url\" content=\"https:\/\/andreapop.com\/en\/product\/sombrero-de-corte-elegante\/\" \/>\n<meta property=\"og:site_name\" content=\"Andrea Pop\" \/>\n<meta property=\"article:modified_time\" content=\"2025-06-21T15:43:55+00:00\" \/>\n<meta property=\"og:image\" content=\"https:\/\/andreapop.com\/wp-content\/uploads\/2025\/03\/Sobrero-Fedora-Las-Montanas.webp\" \/>\n\t<meta property=\"og:image:width\" content=\"1600\" \/>\n\t<meta property=\"og:image:height\" content=\"1019\" \/>\n\t<meta property=\"og:image:type\" content=\"image\/webp\" \/>\n<meta name=\"twitter:card\" content=\"summary_large_image\" \/>\n<meta name=\"twitter:label1\" content=\"Est. reading time\" \/>\n\t<meta name=\"twitter:data1\" content=\"2 minutes\" \/>\n<script type=\"application\/ld+json\" class=\"yoast-schema-graph\">{\"@context\":\"https:\/\/schema.org\",\"@graph\":[{\"@type\":\"WebPage\",\"@id\":\"https:\/\/andreapop.com\/producto\/sombrero-de-corte-elegante\/\",\"url\":\"https:\/\/andreapop.com\/producto\/sombrero-de-corte-elegante\/\",\"name\":\"Sombrero Fedora Elegante \\\"Las Monta\u00f1as\\\" - Andrea Pop\",\"isPartOf\":{\"@id\":\"https:\/\/andreapop.com\/#website\"},\"primaryImageOfPage\":{\"@id\":\"https:\/\/andreapop.com\/producto\/sombrero-de-corte-elegante\/#primaryimage\"},\"image\":{\"@id\":\"https:\/\/andreapop.com\/producto\/sombrero-de-corte-elegante\/#primaryimage\"},\"thumbnailUrl\":\"https:\/\/i0.wp.com\/andreapop.com\/wp-content\/uploads\/2025\/03\/Sobrero-Fedora-Las-Montanas.webp?fit=1600%2C1019&ssl=1\",\"datePublished\":\"2025-03-04T22:15:36+00:00\",\"dateModified\":\"2025-06-21T15:43:55+00:00\",\"description\":\"El sombrero fedora, de ala ancha, Las Monta\u00f1as es un sombrero artesanal elegante. Estilo atemporal y dise\u00f1o exclusivo para almas libres y sofisticadas.\",\"breadcrumb\":{\"@id\":\"https:\/\/andreapop.com\/producto\/sombrero-de-corte-elegante\/#breadcrumb\"},\"inLanguage\":\"en-US\",\"potentialAction\":[{\"@type\":\"ReadAction\",\"target\":[\"https:\/\/andreapop.com\/producto\/sombrero-de-corte-elegante\/\"]}]},{\"@type\":\"ImageObject\",\"inLanguage\":\"en-US\",\"@id\":\"https:\/\/andreapop.com\/producto\/sombrero-de-corte-elegante\/#primaryimage\",\"url\":\"https:\/\/i0.wp.com\/andreapop.com\/wp-content\/uploads\/2025\/03\/Sobrero-Fedora-Las-Montanas.webp?fit=1600%2C1019&ssl=1\",\"contentUrl\":\"https:\/\/i0.wp.com\/andreapop.com\/wp-content\/uploads\/2025\/03\/Sobrero-Fedora-Las-Montanas.webp?fit=1600%2C1019&ssl=1\",\"width\":1600,\"height\":1019,\"caption\":\"sombrero fedora artesanal Las Monta\u00f1as\"},{\"@type\":\"BreadcrumbList\",\"@id\":\"https:\/\/andreapop.com\/producto\/sombrero-de-corte-elegante\/#breadcrumb\",\"itemListElement\":[{\"@type\":\"ListItem\",\"position\":1,\"name\":\"Portada\",\"item\":\"https:\/\/andreapop.com\/\"},{\"@type\":\"ListItem\",\"position\":2,\"name\":\"Tienda de Sombrerer\u00eda &#8211; Herramientas y Sombreros Artesanales\",\"item\":\"https:\/\/andreapop.com\/tienda\/\"},{\"@type\":\"ListItem\",\"position\":3,\"name\":\"Sombrero Fedora Elegante &#8220;Las Monta\u00f1as&#8221;\"}]},{\"@type\":\"WebSite\",\"@id\":\"https:\/\/andreapop.com\/#website\",\"url\":\"https:\/\/andreapop.com\/\",\"name\":\"Andrea Pop\",\"description\":\"Aprende a crear sombreros \u00fanicos y personalizados\",\"publisher\":{\"@id\":\"https:\/\/andreapop.com\/#organization\"},\"alternateName\":\"Andrea Pop Hat Maker\",\"potentialAction\":[{\"@type\":\"SearchAction\",\"target\":{\"@type\":\"EntryPoint\",\"urlTemplate\":\"https:\/\/andreapop.com\/?s={search_term_string}\"},\"query-input\":{\"@type\":\"PropertyValueSpecification\",\"valueRequired\":true,\"valueName\":\"search_term_string\"}}],\"inLanguage\":\"en-US\"},{\"@type\":\"Organization\",\"@id\":\"https:\/\/andreapop.com\/#organization\",\"name\":\"Andrea Pop\",\"url\":\"https:\/\/andreapop.com\/\",\"logo\":{\"@type\":\"ImageObject\",\"inLanguage\":\"en-US\",\"@id\":\"https:\/\/andreapop.com\/#\/schema\/logo\/image\/\",\"url\":\"https:\/\/andreapop.com\/wp-content\/uploads\/2025\/03\/SILUETA.png\",\"contentUrl\":\"https:\/\/andreapop.com\/wp-content\/uploads\/2025\/03\/SILUETA.png\",\"width\":1920,\"height\":1080,\"caption\":\"Andrea Pop\"},\"image\":{\"@id\":\"https:\/\/andreapop.com\/#\/schema\/logo\/image\/\"},\"email\":\"info@andreapop.com\",\"legalName\":\"Andrea Pop\",\"foundingDate\":\"2025-01-01\",\"vatID\":\"X4653121Z\",\"taxID\":\"X4653121Z\",\"numberOfEmployees\":{\"@type\":\"QuantitativeValue\",\"minValue\":\"1\",\"maxValue\":\"10\"}}]}<\/script>\n<!-- \/ Yoast SEO Premium plugin. -->","yoast_head_json":{"title":"Sombrero Fedora Elegante \"Las Monta\u00f1as\" - Andrea Pop","description":"El sombrero fedora, de ala ancha, Las Monta\u00f1as es un sombrero artesanal elegante. Estilo atemporal y dise\u00f1o exclusivo para almas libres y sofisticadas.","robots":{"index":"index","follow":"follow","max-snippet":"max-snippet:-1","max-image-preview":"max-image-preview:large","max-video-preview":"max-video-preview:-1"},"canonical":"https:\/\/andreapop.com\/en\/product\/sombrero-de-corte-elegante\/","og_locale":"en_US","og_type":"article","og_title":"Sombrero Fedora Elegante \"Las Monta\u00f1as\"","og_description":"El sombrero fedora, de ala ancha, Las Monta\u00f1as es un sombrero artesanal elegante. Estilo atemporal y dise\u00f1o exclusivo para almas libres y sofisticadas.","og_url":"https:\/\/andreapop.com\/en\/product\/sombrero-de-corte-elegante\/","og_site_name":"Andrea Pop","article_modified_time":"2025-06-21T15:43:55+00:00","og_image":[{"width":1600,"height":1019,"url":"https:\/\/andreapop.com\/wp-content\/uploads\/2025\/03\/Sobrero-Fedora-Las-Montanas.webp","type":"image\/webp"}],"twitter_card":"summary_large_image","twitter_misc":{"Est. reading time":"2 minutes"},"schema":{"@context":"https:\/\/schema.org","@graph":[{"@type":"WebPage","@id":"https:\/\/andreapop.com\/producto\/sombrero-de-corte-elegante\/","url":"https:\/\/andreapop.com\/producto\/sombrero-de-corte-elegante\/","name":"Sombrero Fedora Elegante \"Las Monta\u00f1as\" - Andrea Pop","isPartOf":{"@id":"https:\/\/andreapop.com\/#website"},"primaryImageOfPage":{"@id":"https:\/\/andreapop.com\/producto\/sombrero-de-corte-elegante\/#primaryimage"},"image":{"@id":"https:\/\/andreapop.com\/producto\/sombrero-de-corte-elegante\/#primaryimage"},"thumbnailUrl":"https:\/\/i0.wp.com\/andreapop.com\/wp-content\/uploads\/2025\/03\/Sobrero-Fedora-Las-Montanas.webp?fit=1600%2C1019&ssl=1","datePublished":"2025-03-04T22:15:36+00:00","dateModified":"2025-06-21T15:43:55+00:00","description":"El sombrero fedora, de ala ancha, Las Monta\u00f1as es un sombrero artesanal elegante. Estilo atemporal y dise\u00f1o exclusivo para almas libres y sofisticadas.","breadcrumb":{"@id":"https:\/\/andreapop.com\/producto\/sombrero-de-corte-elegante\/#breadcrumb"},"inLanguage":"en-US","potentialAction":[{"@type":"ReadAction","target":["https:\/\/andreapop.com\/producto\/sombrero-de-corte-elegante\/"]}]},{"@type":"ImageObject","inLanguage":"en-US","@id":"https:\/\/andreapop.com\/producto\/sombrero-de-corte-elegante\/#primaryimage","url":"https:\/\/i0.wp.com\/andreapop.com\/wp-content\/uploads\/2025\/03\/Sobrero-Fedora-Las-Montanas.webp?fit=1600%2C1019&ssl=1","contentUrl":"https:\/\/i0.wp.com\/andreapop.com\/wp-content\/uploads\/2025\/03\/Sobrero-Fedora-Las-Montanas.webp?fit=1600%2C1019&ssl=1","width":1600,"height":1019,"caption":"sombrero fedora artesanal Las Monta\u00f1as"},{"@type":"BreadcrumbList","@id":"https:\/\/andreapop.com\/producto\/sombrero-de-corte-elegante\/#breadcrumb","itemListElement":[{"@type":"ListItem","position":1,"name":"Portada","item":"https:\/\/andreapop.com\/"},{"@type":"ListItem","position":2,"name":"Tienda de Sombrerer\u00eda &#8211; Herramientas y Sombreros Artesanales","item":"https:\/\/andreapop.com\/tienda\/"},{"@type":"ListItem","position":3,"name":"Sombrero Fedora Elegante &#8220;Las Monta\u00f1as&#8221;"}]},{"@type":"WebSite","@id":"https:\/\/andreapop.com\/#website","url":"https:\/\/andreapop.com\/","name":"Andrea Pop","description":"Aprende a crear sombreros \u00fanicos y personalizados","publisher":{"@id":"https:\/\/andreapop.com\/#organization"},"alternateName":"Andrea Pop Hat Maker","potentialAction":[{"@type":"SearchAction","target":{"@type":"EntryPoint","urlTemplate":"https:\/\/andreapop.com\/?s={search_term_string}"},"query-input":{"@type":"PropertyValueSpecification","valueRequired":true,"valueName":"search_term_string"}}],"inLanguage":"en-US"},{"@type":"Organization","@id":"https:\/\/andreapop.com\/#organization","name":"Andrea Pop","url":"https:\/\/andreapop.com\/","logo":{"@type":"ImageObject","inLanguage":"en-US","@id":"https:\/\/andreapop.com\/#\/schema\/logo\/image\/","url":"https:\/\/andreapop.com\/wp-content\/uploads\/2025\/03\/SILUETA.png","contentUrl":"https:\/\/andreapop.com\/wp-content\/uploads\/2025\/03\/SILUETA.png","width":1920,"height":1080,"caption":"Andrea Pop"},"image":{"@id":"https:\/\/andreapop.com\/#\/schema\/logo\/image\/"},"email":"info@andreapop.com","legalName":"Andrea Pop","foundingDate":"2025-01-01","vatID":"X4653121Z","taxID":"X4653121Z","numberOfEmployees":{"@type":"QuantitativeValue","minValue":"1","maxValue":"10"}}]}},"jetpack_sharing_enabled":true,"_links":{"self":[{"href":"https:\/\/andreapop.com\/en\/wp-json\/wp\/v2\/product\/8282","targetHints":{"allow":["GET"]}}],"collection":[{"href":"https:\/\/andreapop.com\/en\/wp-json\/wp\/v2\/product"}],"about":[{"href":"https:\/\/andreapop.com\/en\/wp-json\/wp\/v2\/types\/product"}],"replies":[{"embeddable":true,"href":"https:\/\/andreapop.com\/en\/wp-json\/wp\/v2\/comments?post=8282"}],"wp:featuredmedia":[{"embeddable":true,"href":"https:\/\/andreapop.com\/en\/wp-json\/wp\/v2\/media\/10206"}],"wp:attachment":[{"href":"https:\/\/andreapop.com\/en\/wp-json\/wp\/v2\/media?parent=8282"}],"wp:term":[{"taxonomy":"product_brand","embeddable":true,"href":"https:\/\/andreapop.com\/en\/wp-json\/wp\/v2\/product_brand?post=8282"},{"taxonomy":"product_cat","embeddable":true,"href":"https:\/\/andreapop.com\/en\/wp-json\/wp\/v2\/product_cat?post=8282"},{"taxonomy":"product_tag","embeddable":true,"href":"https:\/\/andreapop.com\/en\/wp-json\/wp\/v2\/product_tag?post=8282"}],"curies":[{"name":"wp","href":"https:\/\/api.w.org\/{rel}","templated":true}]}}