{"id":8285,"date":"2025-03-04T22:16:25","date_gmt":"2025-03-04T22:16:25","guid":{"rendered":"https:\/\/andreapop.com\/?post_type=product&#038;p=8285"},"modified":"2025-06-21T15:41:05","modified_gmt":"2025-06-21T15:41:05","slug":"sombrero-fedora-la-justicia","status":"publish","type":"product","link":"https:\/\/andreapop.com\/en\/product\/sombrero-fedora-la-justicia\/","title":{"rendered":"Fedora Hat \"La Justicia\"."},"content":{"rendered":"<p data-start=\"697\" data-end=\"768\"><strong data-start=\"697\" data-end=\"768\">Fedora Hat La Justicia \u2013 Style, Character, and Spanish Craftsmanship<\/strong><\/p>\n<p data-start=\"770\" data-end=\"1043\" class=\"translation-block\">The <strong data-start=\"773\" data-end=\"804\">La Justicia fedora hat<\/strong> is a piece that conveys strength, authenticity, and elegance. Inspired by the classic style of the \n <strong data-start=\"901\" data-end=\"920\">fedora hat<\/strong>, this exclusive Andrea Pop design stands out for its firm silhouette, well-defined brim, and carefully crafted details.<\/p>\n<p data-start=\"1045\" data-end=\"1275\" class=\"translation-block\">Each piece is a <strong data-start=\"1063\" data-end=\"1085\">handcrafted hat<\/strong>, handmade by expert hatters. This model is part of our collection of <strong data-start=\"1182\" data-end=\"1212\">hats made in Spain<\/strong>, where tradition and quality come together in a unique product.<\/p>\n<p data-start=\"1277\" data-end=\"1448\">Ideal for those looking to stand out with a piece full of character, the Fedora La Justicia is more than an accessory: it\u2019s a style statement rooted in local craftsmanship.<\/p>\n<p>Once the hat is purchased, and in the case that we are unable to customize it with the same chart, we will contact you and assign the chart that best suits your personality.<\/p>\n<p>&nbsp;<\/p>\n<ul>\n<li>Hat made by hand in Spain<\/li>\n<li>Color: Fuchsia pink color<\/li>\n<li>Material: hat-100% wool felt merino<\/li>\n<li>Crown hat: 11.5 cm<\/li>\n<li>Wing hat: 9 cm<\/li>\n<li>The color may vary slightly from the image depending on the lighting.<\/li>\n<\/ul>\n<p>We strongly recommend measuring your head before placing the order and not using the size of other hat brands you may own as a reference.<\/p>","protected":false},"excerpt":{"rendered":"<p>Fedora Hat<\/p>\n<p>100% Merino wool felt<\/p>\n<p>Fuchsia pink color, with Viking motifs and slightly burnt.<\/p>\n<p>*<strong>The letter may vary<\/strong> it is part of a tarot deck<\/p>","protected":false},"featured_media":10202,"comment_status":"open","ping_status":"closed","template":"","meta":{"inline_featured_image":false},"product_brand":[],"product_cat":[352],"product_tag":[],"class_list":{"0":"post-8285","1":"product","2":"type-product","3":"status-publish","4":"has-post-thumbnail","6":"product_cat-sombreros","8":"first","9":"instock","10":"taxable","11":"shipping-taxable","12":"purchasable","13":"product-type-variable"},"yoast_head":"<!-- This site is optimized with the Yoast SEO Premium plugin v25.3.1 (Yoast SEO v25.4) - https:\/\/yoast.com\/wordpress\/plugins\/seo\/ -->\n<title>Sombrero Fedora &quot;La Justicia&quot; - Andrea Pop<\/title>\n<meta name=\"description\" content=\"El sombrero fedora La Justicia es un sombrero artesanal hecho en Espa\u00f1a con dise\u00f1o \u00fanico y car\u00e1cter. Descubre elegancia y autenticidad en cada detalle.\" \/>\n<meta name=\"robots\" content=\"index, follow, max-snippet:-1, max-image-preview:large, max-video-preview:-1\" \/>\n<link rel=\"canonical\" href=\"https:\/\/andreapop.com\/en\/product\/sombrero-fedora-la-justicia\/\" \/>\n<meta property=\"og:locale\" content=\"en_US\" \/>\n<meta property=\"og:type\" content=\"article\" \/>\n<meta property=\"og:title\" content=\"Sombrero Fedora &quot;La Justicia&quot;\" \/>\n<meta property=\"og:description\" content=\"El sombrero fedora La Justicia es un sombrero artesanal hecho en Espa\u00f1a con dise\u00f1o \u00fanico y car\u00e1cter. Descubre elegancia y autenticidad en cada detalle.\" \/>\n<meta property=\"og:url\" content=\"https:\/\/andreapop.com\/en\/product\/sombrero-fedora-la-justicia\/\" \/>\n<meta property=\"og:site_name\" content=\"Andrea Pop\" \/>\n<meta property=\"article:modified_time\" content=\"2025-06-21T15:41:05+00:00\" \/>\n<meta property=\"og:image\" content=\"https:\/\/andreapop.com\/wp-content\/uploads\/2025\/03\/Sombrero-Fedora-La-Justicia-.webp\" \/>\n\t<meta property=\"og:image:width\" content=\"845\" \/>\n\t<meta property=\"og:image:height\" content=\"566\" \/>\n\t<meta property=\"og:image:type\" content=\"image\/webp\" \/>\n<meta name=\"twitter:card\" content=\"summary_large_image\" \/>\n<meta name=\"twitter:label1\" content=\"Est. reading time\" \/>\n\t<meta name=\"twitter:data1\" content=\"2 minutes\" \/>\n<script type=\"application\/ld+json\" class=\"yoast-schema-graph\">{\"@context\":\"https:\/\/schema.org\",\"@graph\":[{\"@type\":\"WebPage\",\"@id\":\"https:\/\/andreapop.com\/producto\/sombrero-fedora-la-justicia\/\",\"url\":\"https:\/\/andreapop.com\/producto\/sombrero-fedora-la-justicia\/\",\"name\":\"Sombrero Fedora \\\"La Justicia\\\" - Andrea Pop\",\"isPartOf\":{\"@id\":\"https:\/\/andreapop.com\/#website\"},\"primaryImageOfPage\":{\"@id\":\"https:\/\/andreapop.com\/producto\/sombrero-fedora-la-justicia\/#primaryimage\"},\"image\":{\"@id\":\"https:\/\/andreapop.com\/producto\/sombrero-fedora-la-justicia\/#primaryimage\"},\"thumbnailUrl\":\"https:\/\/i0.wp.com\/andreapop.com\/wp-content\/uploads\/2025\/03\/Sombrero-Fedora-La-Justicia-.webp?fit=845%2C566&ssl=1\",\"datePublished\":\"2025-03-04T22:16:25+00:00\",\"dateModified\":\"2025-06-21T15:41:05+00:00\",\"description\":\"El sombrero fedora La Justicia es un sombrero artesanal hecho en Espa\u00f1a con dise\u00f1o \u00fanico y car\u00e1cter. Descubre elegancia y autenticidad en cada detalle.\",\"breadcrumb\":{\"@id\":\"https:\/\/andreapop.com\/producto\/sombrero-fedora-la-justicia\/#breadcrumb\"},\"inLanguage\":\"en-US\",\"potentialAction\":[{\"@type\":\"ReadAction\",\"target\":[\"https:\/\/andreapop.com\/producto\/sombrero-fedora-la-justicia\/\"]}]},{\"@type\":\"ImageObject\",\"inLanguage\":\"en-US\",\"@id\":\"https:\/\/andreapop.com\/producto\/sombrero-fedora-la-justicia\/#primaryimage\",\"url\":\"https:\/\/i0.wp.com\/andreapop.com\/wp-content\/uploads\/2025\/03\/Sombrero-Fedora-La-Justicia-.webp?fit=845%2C566&ssl=1\",\"contentUrl\":\"https:\/\/i0.wp.com\/andreapop.com\/wp-content\/uploads\/2025\/03\/Sombrero-Fedora-La-Justicia-.webp?fit=845%2C566&ssl=1\",\"width\":845,\"height\":566,\"caption\":\"sombrero fedora artesanal\"},{\"@type\":\"BreadcrumbList\",\"@id\":\"https:\/\/andreapop.com\/producto\/sombrero-fedora-la-justicia\/#breadcrumb\",\"itemListElement\":[{\"@type\":\"ListItem\",\"position\":1,\"name\":\"Portada\",\"item\":\"https:\/\/andreapop.com\/\"},{\"@type\":\"ListItem\",\"position\":2,\"name\":\"Tienda de Sombrerer\u00eda &#8211; Herramientas y Sombreros Artesanales\",\"item\":\"https:\/\/andreapop.com\/tienda\/\"},{\"@type\":\"ListItem\",\"position\":3,\"name\":\"Sombrero Fedora &#8220;La Justicia&#8221;\"}]},{\"@type\":\"WebSite\",\"@id\":\"https:\/\/andreapop.com\/#website\",\"url\":\"https:\/\/andreapop.com\/\",\"name\":\"Andrea Pop\",\"description\":\"Aprende a crear sombreros \u00fanicos y personalizados\",\"publisher\":{\"@id\":\"https:\/\/andreapop.com\/#organization\"},\"alternateName\":\"Andrea Pop Hat Maker\",\"potentialAction\":[{\"@type\":\"SearchAction\",\"target\":{\"@type\":\"EntryPoint\",\"urlTemplate\":\"https:\/\/andreapop.com\/?s={search_term_string}\"},\"query-input\":{\"@type\":\"PropertyValueSpecification\",\"valueRequired\":true,\"valueName\":\"search_term_string\"}}],\"inLanguage\":\"en-US\"},{\"@type\":\"Organization\",\"@id\":\"https:\/\/andreapop.com\/#organization\",\"name\":\"Andrea Pop\",\"url\":\"https:\/\/andreapop.com\/\",\"logo\":{\"@type\":\"ImageObject\",\"inLanguage\":\"en-US\",\"@id\":\"https:\/\/andreapop.com\/#\/schema\/logo\/image\/\",\"url\":\"https:\/\/andreapop.com\/wp-content\/uploads\/2025\/03\/SILUETA.png\",\"contentUrl\":\"https:\/\/andreapop.com\/wp-content\/uploads\/2025\/03\/SILUETA.png\",\"width\":1920,\"height\":1080,\"caption\":\"Andrea Pop\"},\"image\":{\"@id\":\"https:\/\/andreapop.com\/#\/schema\/logo\/image\/\"},\"email\":\"info@andreapop.com\",\"legalName\":\"Andrea Pop\",\"foundingDate\":\"2025-01-01\",\"vatID\":\"X4653121Z\",\"taxID\":\"X4653121Z\",\"numberOfEmployees\":{\"@type\":\"QuantitativeValue\",\"minValue\":\"1\",\"maxValue\":\"10\"}}]}<\/script>\n<!-- \/ Yoast SEO Premium plugin. -->","yoast_head_json":{"title":"Sombrero Fedora \"La Justicia\" - Andrea Pop","description":"El sombrero fedora La Justicia es un sombrero artesanal hecho en Espa\u00f1a con dise\u00f1o \u00fanico y car\u00e1cter. Descubre elegancia y autenticidad en cada detalle.","robots":{"index":"index","follow":"follow","max-snippet":"max-snippet:-1","max-image-preview":"max-image-preview:large","max-video-preview":"max-video-preview:-1"},"canonical":"https:\/\/andreapop.com\/en\/product\/sombrero-fedora-la-justicia\/","og_locale":"en_US","og_type":"article","og_title":"Sombrero Fedora \"La Justicia\"","og_description":"El sombrero fedora La Justicia es un sombrero artesanal hecho en Espa\u00f1a con dise\u00f1o \u00fanico y car\u00e1cter. Descubre elegancia y autenticidad en cada detalle.","og_url":"https:\/\/andreapop.com\/en\/product\/sombrero-fedora-la-justicia\/","og_site_name":"Andrea Pop","article_modified_time":"2025-06-21T15:41:05+00:00","og_image":[{"width":845,"height":566,"url":"https:\/\/andreapop.com\/wp-content\/uploads\/2025\/03\/Sombrero-Fedora-La-Justicia-.webp","type":"image\/webp"}],"twitter_card":"summary_large_image","twitter_misc":{"Est. reading time":"2 minutes"},"schema":{"@context":"https:\/\/schema.org","@graph":[{"@type":"WebPage","@id":"https:\/\/andreapop.com\/producto\/sombrero-fedora-la-justicia\/","url":"https:\/\/andreapop.com\/producto\/sombrero-fedora-la-justicia\/","name":"Sombrero Fedora \"La Justicia\" - Andrea Pop","isPartOf":{"@id":"https:\/\/andreapop.com\/#website"},"primaryImageOfPage":{"@id":"https:\/\/andreapop.com\/producto\/sombrero-fedora-la-justicia\/#primaryimage"},"image":{"@id":"https:\/\/andreapop.com\/producto\/sombrero-fedora-la-justicia\/#primaryimage"},"thumbnailUrl":"https:\/\/i0.wp.com\/andreapop.com\/wp-content\/uploads\/2025\/03\/Sombrero-Fedora-La-Justicia-.webp?fit=845%2C566&ssl=1","datePublished":"2025-03-04T22:16:25+00:00","dateModified":"2025-06-21T15:41:05+00:00","description":"El sombrero fedora La Justicia es un sombrero artesanal hecho en Espa\u00f1a con dise\u00f1o \u00fanico y car\u00e1cter. Descubre elegancia y autenticidad en cada detalle.","breadcrumb":{"@id":"https:\/\/andreapop.com\/producto\/sombrero-fedora-la-justicia\/#breadcrumb"},"inLanguage":"en-US","potentialAction":[{"@type":"ReadAction","target":["https:\/\/andreapop.com\/producto\/sombrero-fedora-la-justicia\/"]}]},{"@type":"ImageObject","inLanguage":"en-US","@id":"https:\/\/andreapop.com\/producto\/sombrero-fedora-la-justicia\/#primaryimage","url":"https:\/\/i0.wp.com\/andreapop.com\/wp-content\/uploads\/2025\/03\/Sombrero-Fedora-La-Justicia-.webp?fit=845%2C566&ssl=1","contentUrl":"https:\/\/i0.wp.com\/andreapop.com\/wp-content\/uploads\/2025\/03\/Sombrero-Fedora-La-Justicia-.webp?fit=845%2C566&ssl=1","width":845,"height":566,"caption":"sombrero fedora artesanal"},{"@type":"BreadcrumbList","@id":"https:\/\/andreapop.com\/producto\/sombrero-fedora-la-justicia\/#breadcrumb","itemListElement":[{"@type":"ListItem","position":1,"name":"Portada","item":"https:\/\/andreapop.com\/"},{"@type":"ListItem","position":2,"name":"Tienda de Sombrerer\u00eda &#8211; Herramientas y Sombreros Artesanales","item":"https:\/\/andreapop.com\/tienda\/"},{"@type":"ListItem","position":3,"name":"Sombrero Fedora &#8220;La Justicia&#8221;"}]},{"@type":"WebSite","@id":"https:\/\/andreapop.com\/#website","url":"https:\/\/andreapop.com\/","name":"Andrea Pop","description":"Aprende a crear sombreros \u00fanicos y personalizados","publisher":{"@id":"https:\/\/andreapop.com\/#organization"},"alternateName":"Andrea Pop Hat Maker","potentialAction":[{"@type":"SearchAction","target":{"@type":"EntryPoint","urlTemplate":"https:\/\/andreapop.com\/?s={search_term_string}"},"query-input":{"@type":"PropertyValueSpecification","valueRequired":true,"valueName":"search_term_string"}}],"inLanguage":"en-US"},{"@type":"Organization","@id":"https:\/\/andreapop.com\/#organization","name":"Andrea Pop","url":"https:\/\/andreapop.com\/","logo":{"@type":"ImageObject","inLanguage":"en-US","@id":"https:\/\/andreapop.com\/#\/schema\/logo\/image\/","url":"https:\/\/andreapop.com\/wp-content\/uploads\/2025\/03\/SILUETA.png","contentUrl":"https:\/\/andreapop.com\/wp-content\/uploads\/2025\/03\/SILUETA.png","width":1920,"height":1080,"caption":"Andrea Pop"},"image":{"@id":"https:\/\/andreapop.com\/#\/schema\/logo\/image\/"},"email":"info@andreapop.com","legalName":"Andrea Pop","foundingDate":"2025-01-01","vatID":"X4653121Z","taxID":"X4653121Z","numberOfEmployees":{"@type":"QuantitativeValue","minValue":"1","maxValue":"10"}}]}},"jetpack_sharing_enabled":true,"_links":{"self":[{"href":"https:\/\/andreapop.com\/en\/wp-json\/wp\/v2\/product\/8285","targetHints":{"allow":["GET"]}}],"collection":[{"href":"https:\/\/andreapop.com\/en\/wp-json\/wp\/v2\/product"}],"about":[{"href":"https:\/\/andreapop.com\/en\/wp-json\/wp\/v2\/types\/product"}],"replies":[{"embeddable":true,"href":"https:\/\/andreapop.com\/en\/wp-json\/wp\/v2\/comments?post=8285"}],"wp:featuredmedia":[{"embeddable":true,"href":"https:\/\/andreapop.com\/en\/wp-json\/wp\/v2\/media\/10202"}],"wp:attachment":[{"href":"https:\/\/andreapop.com\/en\/wp-json\/wp\/v2\/media?parent=8285"}],"wp:term":[{"taxonomy":"product_brand","embeddable":true,"href":"https:\/\/andreapop.com\/en\/wp-json\/wp\/v2\/product_brand?post=8285"},{"taxonomy":"product_cat","embeddable":true,"href":"https:\/\/andreapop.com\/en\/wp-json\/wp\/v2\/product_cat?post=8285"},{"taxonomy":"product_tag","embeddable":true,"href":"https:\/\/andreapop.com\/en\/wp-json\/wp\/v2\/product_tag?post=8285"}],"curies":[{"name":"wp","href":"https:\/\/api.w.org\/{rel}","templated":true}]}}