{"id":8773,"date":"2025-03-12T15:01:37","date_gmt":"2025-03-12T15:01:37","guid":{"rendered":"https:\/\/andreapop.com\/?post_type=product&#038;p=8773"},"modified":"2026-03-26T15:26:16","modified_gmt":"2026-03-26T15:26:16","slug":"conformer","status":"publish","type":"product","link":"https:\/\/andreapop.com\/en\/product\/conformer\/","title":{"rendered":"HAT CONFORMER"},"content":{"rendered":"<h1>Conformador para Sombreros | Conformador Artesanal de Precisi\u00f3n<\/h1>\n<p data-start=\"914\" data-end=\"1293\" class=\"translation-block\">The <strong data-start=\"917\" data-end=\"933\">conformateur<\/strong> (also known as <strong data-start=\"957\" data-end=\"970\">conformer<\/strong> or <strong data-start=\"973\" data-end=\"1001\">hat shaper<\/strong>) is a classic and indispensable tool in high-precision artisanal millinery. Designed to accurately measure the shape of the customer's head, this device makes it possible to faithfully reproduce the cranial silhouette, guaranteeing a perfect, personalized fit of the hat.<\/p>\n<p data-start=\"914\" data-end=\"1293\"><strong data-start=\"831\" data-end=\"912\">Conformateur \u2013 Precise measurement and craftsmanship for the perfect hat<\/strong><\/p>\n<h3 data-start=\"1295\" data-end=\"1331\">\u00bfPara qu\u00e9 sirve un conformador?<\/h3>\n<p data-start=\"1333\" data-end=\"1614\" class=\"translation-block\">The <strong data-start=\"1336\" data-end=\"1361\">hat shaper<\/strong> is used to take actual head measurements, not just the circumference, but also its specific shape (oval, round, asymmetrical, etc.). This is essential for custom-made hats, where comfort and a perfect fit are essential.<\/p>\n<p data-start=\"1616\" data-end=\"1953\" class=\"translation-block\">This <strong data-start=\"1621\" data-end=\"1651\">hat shaper<\/strong>works by placing the tool directly on the customer's head. Using a system of rods, needles, and tracing paper, an exact mold or template is obtained, which is then transferred to the last using a <strong data-start=\"1879\" data-end=\"1892\"> hat shaper<\/strong>, or adapter, creating a completely personalized piece..<\/p>\n<h3 data-start=\"1955\" data-end=\"1986\">Features and benefits:<\/h3>\n<ul data-start=\"1988\" data-end=\"2353\">\n<li data-start=\"1988\" data-end=\"2055\">\n<p data-start=\"1990\" data-end=\"2055\">Handcrafted with strong and durable materials.<\/p>\n<\/li>\n<li data-start=\"2056\" data-end=\"2123\">\n<p data-start=\"2058\" data-end=\"2123\">Ideal for professional hat makers who create custom pieces.<\/p>\n<\/li>\n<li data-start=\"2124\" data-end=\"2190\">\n<p data-start=\"2126\" data-end=\"2190\">It provides precision, comfort and fidelity in the final result.<\/p>\n<\/li>\n<li data-start=\"2191\" data-end=\"2254\">\n<p data-start=\"2193\" data-end=\"2254\">Compatible with felt, straw or mixed fabric hats.<\/p>\n<\/li>\n<li data-start=\"2255\" data-end=\"2353\">\n<p data-start=\"2257\" data-end=\"2353\">It adds value to craftsmanship, ensuring a luxurious customer experience.<\/p>\n<\/li>\n<\/ul>\n<p data-start=\"2355\" data-end=\"2613\">The <strong data-start=\"2358\" data-end=\"2388\">conformador de Andrea Pop<\/strong> es mucho m\u00e1s que una herramienta: es el puente entre la tradici\u00f3n sombrerera y el arte del detalle hecho a mano. Si buscas excelencia y perfecci\u00f3n en cada sombrero, este <strong data-start=\"2559\" data-end=\"2587\">conformador de sombreros<\/strong> es esencial en tu taller.<\/p>\n<p><strong>Details:<\/strong><\/p>\n<p>Handmade<\/p>\n<p>Tipo de material: PETG (100% reciclable), ACERO.<\/p>\n<p><strong>Conformer Description:<\/strong><\/p>\n<p>Proceso de fabricaci\u00f3n: Impresi\u00f3n 3D (FDM), Laser. <em>Como resultado del proceso de corte del metal, pueden observarse marcas superficiales o l\u00edneas en la pieza met\u00e1lica. Estas son inherentes al proceso de fabricaci\u00f3n, presentes en todas las unidades y no afectan las tolerancias ni el rendimiento del producto.<\/em><\/p>\n<p>Usage: A precision tool. It can be adjusted to heads ranging from size 53 to 62.<\/p>\n<p><strong>Instructions for Use:<\/strong><\/p>\n<p>Measurement: Measure the exact head circumference of your clients.<\/p>\n<p>Pattern creation: Design custom patterns to achieve a truly personalized fit for the hat.<\/p>","protected":false},"excerpt":{"rendered":"<p class=\"ai-optimize-31\">Measuring tool designed with 3D technology to accurately capture the head circumference and ensure a perfect fit.<\/p>\n<p class=\"ai-optimize-32\">\n<div class=\"wonderplugin-video\" style=\"width:600px;height:400px;position:relative;display:block;background-color:#000;overflow:hidden;max-width:100%;margin:0 auto\" data-aspectratio=\"1.5\">\n<div class=\"wpve-videoplayer\" style=\"display:block;position:relative;width:100%;height:100%\" data-mp4=\"https:\/\/andreapop.com\/wp-content\/uploads\/2025\/03\/conformer-formillon.mp4\" data-skinfolder=\"https:\/\/andreapop.com\/wp-content\/plugins\/wonderplugin-video-embed\/engine\/\" data-webm=\"https:\/\/andreapop.com\/wp-content\/uploads\/2025\/03\/conformer-formillon-1.webm\" data-playbutton=\"https:\/\/andreapop.com\/wp-content\/plugins\/wonderplugin-video-embed\/engine\/playvideo-64-64-0.png\"><\/div>\n<\/div>\n<p>&nbsp;<\/p>","protected":false},"featured_media":11104,"comment_status":"open","ping_status":"closed","template":"","meta":{"inline_featured_image":false},"product_brand":[],"product_cat":[347],"product_tag":[],"class_list":{"0":"post-8773","1":"product","2":"type-product","3":"status-publish","4":"has-post-thumbnail","6":"product_cat-herramientas-para-sombreros","8":"first","9":"instock","10":"taxable","11":"shipping-taxable","12":"purchasable","13":"product-type-simple"},"yoast_head":"<!-- This site is optimized with the Yoast SEO Premium plugin v25.3.1 (Yoast SEO v25.4) - https:\/\/yoast.com\/wordpress\/plugins\/seo\/ -->\n<title>Conformer para Sombreros | Conformador Artesanal<\/title>\n<meta name=\"description\" content=\"El Conformateur es una herramienta usada para medir el tama\u00f1o y la forma de la cabeza de una persona, de modo que se pueda confeccionar un sombrero a medida\" \/>\n<meta name=\"robots\" content=\"index, follow, max-snippet:-1, max-image-preview:large, max-video-preview:-1\" \/>\n<link rel=\"canonical\" href=\"https:\/\/andreapop.com\/en\/product\/conformer\/\" \/>\n<meta property=\"og:locale\" content=\"en_US\" \/>\n<meta property=\"og:type\" content=\"article\" \/>\n<meta property=\"og:title\" content=\"HAT CONFORMER\" \/>\n<meta property=\"og:description\" content=\"El Conformateur es una herramienta usada para medir el tama\u00f1o y la forma de la cabeza de una persona, de modo que se pueda confeccionar un sombrero a medida\" \/>\n<meta property=\"og:url\" content=\"https:\/\/andreapop.com\/en\/product\/conformer\/\" \/>\n<meta property=\"og:site_name\" content=\"Andrea Pop\" \/>\n<meta property=\"article:modified_time\" content=\"2026-03-26T15:26:16+00:00\" \/>\n<meta property=\"og:image\" content=\"https:\/\/andreapop.com\/wp-content\/uploads\/2026\/01\/CONFORMER-1.webp\" \/>\n\t<meta property=\"og:image:width\" content=\"1536\" \/>\n\t<meta property=\"og:image:height\" content=\"1024\" \/>\n\t<meta property=\"og:image:type\" content=\"image\/webp\" \/>\n<meta name=\"twitter:card\" content=\"summary_large_image\" \/>\n<meta name=\"twitter:label1\" content=\"Est. reading time\" \/>\n\t<meta name=\"twitter:data1\" content=\"2 minutes\" \/>\n<script type=\"application\/ld+json\" class=\"yoast-schema-graph\">{\"@context\":\"https:\/\/schema.org\",\"@graph\":[{\"@type\":\"WebPage\",\"@id\":\"https:\/\/andreapop.com\/producto\/conformer\/\",\"url\":\"https:\/\/andreapop.com\/producto\/conformer\/\",\"name\":\"Conformer para Sombreros | Conformador Artesanal\",\"isPartOf\":{\"@id\":\"https:\/\/andreapop.com\/#website\"},\"primaryImageOfPage\":{\"@id\":\"https:\/\/andreapop.com\/producto\/conformer\/#primaryimage\"},\"image\":{\"@id\":\"https:\/\/andreapop.com\/producto\/conformer\/#primaryimage\"},\"thumbnailUrl\":\"https:\/\/i0.wp.com\/andreapop.com\/wp-content\/uploads\/2026\/01\/CONFORMER-1.webp?fit=1536%2C1024&ssl=1\",\"datePublished\":\"2025-03-12T15:01:37+00:00\",\"dateModified\":\"2026-03-26T15:26:16+00:00\",\"description\":\"El Conformateur es una herramienta usada para medir el tama\u00f1o y la forma de la cabeza de una persona, de modo que se pueda confeccionar un sombrero a medida\",\"breadcrumb\":{\"@id\":\"https:\/\/andreapop.com\/producto\/conformer\/#breadcrumb\"},\"inLanguage\":\"en-US\",\"potentialAction\":[{\"@type\":\"ReadAction\",\"target\":[\"https:\/\/andreapop.com\/producto\/conformer\/\"]}]},{\"@type\":\"ImageObject\",\"inLanguage\":\"en-US\",\"@id\":\"https:\/\/andreapop.com\/producto\/conformer\/#primaryimage\",\"url\":\"https:\/\/i0.wp.com\/andreapop.com\/wp-content\/uploads\/2026\/01\/CONFORMER-1.webp?fit=1536%2C1024&ssl=1\",\"contentUrl\":\"https:\/\/i0.wp.com\/andreapop.com\/wp-content\/uploads\/2026\/01\/CONFORMER-1.webp?fit=1536%2C1024&ssl=1\",\"width\":1536,\"height\":1024,\"caption\":\"CONFORMER\"},{\"@type\":\"BreadcrumbList\",\"@id\":\"https:\/\/andreapop.com\/producto\/conformer\/#breadcrumb\",\"itemListElement\":[{\"@type\":\"ListItem\",\"position\":1,\"name\":\"Portada\",\"item\":\"https:\/\/andreapop.com\/\"},{\"@type\":\"ListItem\",\"position\":2,\"name\":\"Tienda de Sombrerer\u00eda &#8211; Herramientas y Sombreros Artesanales\",\"item\":\"https:\/\/andreapop.com\/tienda\/\"},{\"@type\":\"ListItem\",\"position\":3,\"name\":\"HAT CONFORMER\"}]},{\"@type\":\"WebSite\",\"@id\":\"https:\/\/andreapop.com\/#website\",\"url\":\"https:\/\/andreapop.com\/\",\"name\":\"Andrea Pop\",\"description\":\"Aprende a crear sombreros \u00fanicos y personalizados\",\"publisher\":{\"@id\":\"https:\/\/andreapop.com\/#organization\"},\"alternateName\":\"Andrea Pop Hat Maker\",\"potentialAction\":[{\"@type\":\"SearchAction\",\"target\":{\"@type\":\"EntryPoint\",\"urlTemplate\":\"https:\/\/andreapop.com\/?s={search_term_string}\"},\"query-input\":{\"@type\":\"PropertyValueSpecification\",\"valueRequired\":true,\"valueName\":\"search_term_string\"}}],\"inLanguage\":\"en-US\"},{\"@type\":\"Organization\",\"@id\":\"https:\/\/andreapop.com\/#organization\",\"name\":\"Andrea Pop\",\"url\":\"https:\/\/andreapop.com\/\",\"logo\":{\"@type\":\"ImageObject\",\"inLanguage\":\"en-US\",\"@id\":\"https:\/\/andreapop.com\/#\/schema\/logo\/image\/\",\"url\":\"https:\/\/andreapop.com\/wp-content\/uploads\/2025\/03\/SILUETA.png\",\"contentUrl\":\"https:\/\/andreapop.com\/wp-content\/uploads\/2025\/03\/SILUETA.png\",\"width\":1920,\"height\":1080,\"caption\":\"Andrea Pop\"},\"image\":{\"@id\":\"https:\/\/andreapop.com\/#\/schema\/logo\/image\/\"},\"email\":\"info@andreapop.com\",\"legalName\":\"Andrea Pop\",\"foundingDate\":\"2025-01-01\",\"vatID\":\"X4653121Z\",\"taxID\":\"X4653121Z\",\"numberOfEmployees\":{\"@type\":\"QuantitativeValue\",\"minValue\":\"1\",\"maxValue\":\"10\"}}]}<\/script>\n<!-- \/ Yoast SEO Premium plugin. -->","yoast_head_json":{"title":"Conformer para Sombreros | Conformador Artesanal","description":"El Conformateur es una herramienta usada para medir el tama\u00f1o y la forma de la cabeza de una persona, de modo que se pueda confeccionar un sombrero a medida","robots":{"index":"index","follow":"follow","max-snippet":"max-snippet:-1","max-image-preview":"max-image-preview:large","max-video-preview":"max-video-preview:-1"},"canonical":"https:\/\/andreapop.com\/en\/product\/conformer\/","og_locale":"en_US","og_type":"article","og_title":"HAT CONFORMER","og_description":"El Conformateur es una herramienta usada para medir el tama\u00f1o y la forma de la cabeza de una persona, de modo que se pueda confeccionar un sombrero a medida","og_url":"https:\/\/andreapop.com\/en\/product\/conformer\/","og_site_name":"Andrea Pop","article_modified_time":"2026-03-26T15:26:16+00:00","og_image":[{"width":1536,"height":1024,"url":"https:\/\/andreapop.com\/wp-content\/uploads\/2026\/01\/CONFORMER-1.webp","type":"image\/webp"}],"twitter_card":"summary_large_image","twitter_misc":{"Est. reading time":"2 minutes"},"schema":{"@context":"https:\/\/schema.org","@graph":[{"@type":"WebPage","@id":"https:\/\/andreapop.com\/producto\/conformer\/","url":"https:\/\/andreapop.com\/producto\/conformer\/","name":"Conformer para Sombreros | Conformador Artesanal","isPartOf":{"@id":"https:\/\/andreapop.com\/#website"},"primaryImageOfPage":{"@id":"https:\/\/andreapop.com\/producto\/conformer\/#primaryimage"},"image":{"@id":"https:\/\/andreapop.com\/producto\/conformer\/#primaryimage"},"thumbnailUrl":"https:\/\/i0.wp.com\/andreapop.com\/wp-content\/uploads\/2026\/01\/CONFORMER-1.webp?fit=1536%2C1024&ssl=1","datePublished":"2025-03-12T15:01:37+00:00","dateModified":"2026-03-26T15:26:16+00:00","description":"El Conformateur es una herramienta usada para medir el tama\u00f1o y la forma de la cabeza de una persona, de modo que se pueda confeccionar un sombrero a medida","breadcrumb":{"@id":"https:\/\/andreapop.com\/producto\/conformer\/#breadcrumb"},"inLanguage":"en-US","potentialAction":[{"@type":"ReadAction","target":["https:\/\/andreapop.com\/producto\/conformer\/"]}]},{"@type":"ImageObject","inLanguage":"en-US","@id":"https:\/\/andreapop.com\/producto\/conformer\/#primaryimage","url":"https:\/\/i0.wp.com\/andreapop.com\/wp-content\/uploads\/2026\/01\/CONFORMER-1.webp?fit=1536%2C1024&ssl=1","contentUrl":"https:\/\/i0.wp.com\/andreapop.com\/wp-content\/uploads\/2026\/01\/CONFORMER-1.webp?fit=1536%2C1024&ssl=1","width":1536,"height":1024,"caption":"CONFORMER"},{"@type":"BreadcrumbList","@id":"https:\/\/andreapop.com\/producto\/conformer\/#breadcrumb","itemListElement":[{"@type":"ListItem","position":1,"name":"Portada","item":"https:\/\/andreapop.com\/"},{"@type":"ListItem","position":2,"name":"Tienda de Sombrerer\u00eda &#8211; Herramientas y Sombreros Artesanales","item":"https:\/\/andreapop.com\/tienda\/"},{"@type":"ListItem","position":3,"name":"HAT CONFORMER"}]},{"@type":"WebSite","@id":"https:\/\/andreapop.com\/#website","url":"https:\/\/andreapop.com\/","name":"Andrea Pop","description":"Aprende a crear sombreros \u00fanicos y personalizados","publisher":{"@id":"https:\/\/andreapop.com\/#organization"},"alternateName":"Andrea Pop Hat Maker","potentialAction":[{"@type":"SearchAction","target":{"@type":"EntryPoint","urlTemplate":"https:\/\/andreapop.com\/?s={search_term_string}"},"query-input":{"@type":"PropertyValueSpecification","valueRequired":true,"valueName":"search_term_string"}}],"inLanguage":"en-US"},{"@type":"Organization","@id":"https:\/\/andreapop.com\/#organization","name":"Andrea Pop","url":"https:\/\/andreapop.com\/","logo":{"@type":"ImageObject","inLanguage":"en-US","@id":"https:\/\/andreapop.com\/#\/schema\/logo\/image\/","url":"https:\/\/andreapop.com\/wp-content\/uploads\/2025\/03\/SILUETA.png","contentUrl":"https:\/\/andreapop.com\/wp-content\/uploads\/2025\/03\/SILUETA.png","width":1920,"height":1080,"caption":"Andrea Pop"},"image":{"@id":"https:\/\/andreapop.com\/#\/schema\/logo\/image\/"},"email":"info@andreapop.com","legalName":"Andrea Pop","foundingDate":"2025-01-01","vatID":"X4653121Z","taxID":"X4653121Z","numberOfEmployees":{"@type":"QuantitativeValue","minValue":"1","maxValue":"10"}}]}},"jetpack_sharing_enabled":true,"_links":{"self":[{"href":"https:\/\/andreapop.com\/en\/wp-json\/wp\/v2\/product\/8773","targetHints":{"allow":["GET"]}}],"collection":[{"href":"https:\/\/andreapop.com\/en\/wp-json\/wp\/v2\/product"}],"about":[{"href":"https:\/\/andreapop.com\/en\/wp-json\/wp\/v2\/types\/product"}],"replies":[{"embeddable":true,"href":"https:\/\/andreapop.com\/en\/wp-json\/wp\/v2\/comments?post=8773"}],"wp:featuredmedia":[{"embeddable":true,"href":"https:\/\/andreapop.com\/en\/wp-json\/wp\/v2\/media\/11104"}],"wp:attachment":[{"href":"https:\/\/andreapop.com\/en\/wp-json\/wp\/v2\/media?parent=8773"}],"wp:term":[{"taxonomy":"product_brand","embeddable":true,"href":"https:\/\/andreapop.com\/en\/wp-json\/wp\/v2\/product_brand?post=8773"},{"taxonomy":"product_cat","embeddable":true,"href":"https:\/\/andreapop.com\/en\/wp-json\/wp\/v2\/product_cat?post=8773"},{"taxonomy":"product_tag","embeddable":true,"href":"https:\/\/andreapop.com\/en\/wp-json\/wp\/v2\/product_tag?post=8773"}],"curies":[{"name":"wp","href":"https:\/\/api.w.org\/{rel}","templated":true}]}}