{"id":8776,"date":"2025-03-12T15:06:51","date_gmt":"2025-03-12T15:06:51","guid":{"rendered":"https:\/\/andreapop.com\/?post_type=product&#038;p=8776"},"modified":"2026-03-26T15:26:17","modified_gmt":"2026-03-26T15:26:17","slug":"formillon","status":"publish","type":"product","link":"https:\/\/andreapop.com\/en\/product\/formillon\/","title":{"rendered":"FORMILLON"},"content":{"rendered":"<h1 data-start=\"703\" data-end=\"773\"><strong data-start=\"703\" data-end=\"773\">Formillon \u2013 Artisan Precision for Shaping Hats<\/strong><\/h1>\n<p data-start=\"775\" data-end=\"1059\" class=\"translation-block\">The <strong>formillon<\/strong> is an essential tool in the traditional craft of hat making. Designed in CAD and 3D printed with high-performance filament, then hand-finished, the formillon allows for accurately replicating the unique shape of each client\u2019s head, while also enabling precise work on the hat brim\u2014marking lines, defining curves, and reinforcing the brim\u2019s structure.<\/p>\n<p class=\"translation-block\">Made with durable, high-strength materials, Andrea Pop\u2019s <strong>formillon<\/strong> is designed to fit perfectly into various hat blocks, providing a secure and effective hold. Thanks to its adjustable structure, it is ideal for both high-crown and low-crown hats.<\/p>\n<p><strong>Details:<\/strong><\/p>\n<p>Handmade<\/p>\n<p>Type of material: PETG (100% recyclable), STEEL<\/p>\n<p><strong>Description:<\/strong><\/p>\n<p>Proceso de fabricaci\u00f3n: Impresi\u00f3n 3D (FDM), Laser. <em>Como resultado del proceso de corte del metal, pueden observarse marcas superficiales o l\u00edneas en la pieza met\u00e1lica. Estas son inherentes al proceso de fabricaci\u00f3n, presentes en todas las unidades y no afectan las tolerancias ni el rendimiento del producto.<\/em><\/p>\n<p><strong>Use:<\/strong> The Formillion is a tool designed to precisely replicate the unique shape of each client's head. Its main function is to mold the hat with accuracy, ensuring a comfortable and fully customized fit. It can be adjusted to heads ranging from size 53 to 62.<\/p>\n<p>Advantages of Formillion:<\/p>\n<ul>\n<li>Precision: Allows for molding hats that fit the client's head perfectly, providing comfort and style.<\/li>\n<li>Reusable: Its adjustable design allows for repeated use, making it a practical and durable investment.<\/li>\n<li>Customization: Each fit is unique, providing a personalized experience for every client.<\/li>\n<li>Craftsmanship: Reflects a high level of skill and attention to detail, solidifying the art of hat making.<\/li>\n<li>Efficiency: Storing the client's measurements simplifies the process for future orders, improving productivity and service.<\/li>\n<\/ul>","protected":false},"excerpt":{"rendered":"<p class=\"ai-optimize-31\">Replicate the exact shape of your client's head with this innovative tool made using 3D printing.<\/p>\n<p class=\"ai-optimize-32\">\n<div class=\"wonderplugin-video\" style=\"width:600px;height:400px;position:relative;display:block;background-color:#000;overflow:hidden;max-width:100%;margin:0 auto\" data-aspectratio=\"1.5\">\n<div class=\"wpve-videoplayer\" style=\"display:block;position:relative;width:100%;height:100%\" data-mp4=\"https:\/\/andreapop.com\/wp-content\/uploads\/2025\/03\/conformer-formillon.mp4\" data-skinfolder=\"https:\/\/andreapop.com\/wp-content\/plugins\/wonderplugin-video-embed\/engine\/\" data-webm=\"https:\/\/andreapop.com\/wp-content\/uploads\/2025\/03\/conformer-formillon-1.webm\" data-playbutton=\"https:\/\/andreapop.com\/wp-content\/plugins\/wonderplugin-video-embed\/engine\/playvideo-64-64-0.png\"><\/div>\n<\/div>","protected":false},"featured_media":11101,"comment_status":"open","ping_status":"closed","template":"","meta":{"inline_featured_image":false},"product_brand":[],"product_cat":[347],"product_tag":[],"class_list":{"0":"post-8776","1":"product","2":"type-product","3":"status-publish","4":"has-post-thumbnail","6":"product_cat-herramientas-para-sombreros","8":"first","9":"instock","10":"taxable","11":"shipping-taxable","12":"purchasable","13":"product-type-simple"},"yoast_head":"<!-- This site is optimized with the Yoast SEO Premium plugin v25.3.1 (Yoast SEO v25.4) - https:\/\/yoast.com\/wordpress\/plugins\/seo\/ -->\n<title>FORMILLON - Andrea Pop<\/title>\n<meta name=\"description\" content=\"El Formillion es una herramienta indispensable para los fabricantes de sombreros profesionales, dise\u00f1ada para garantizar medidas precisas e impecables.\" \/>\n<meta name=\"robots\" content=\"index, follow, max-snippet:-1, max-image-preview:large, max-video-preview:-1\" \/>\n<link rel=\"canonical\" href=\"https:\/\/andreapop.com\/en\/product\/formillon\/\" \/>\n<meta property=\"og:locale\" content=\"en_US\" \/>\n<meta property=\"og:type\" content=\"article\" \/>\n<meta property=\"og:title\" content=\"FORMILLON\" \/>\n<meta property=\"og:description\" content=\"El Formillion es una herramienta indispensable para los fabricantes de sombreros profesionales, dise\u00f1ada para garantizar medidas precisas e impecables.\" \/>\n<meta property=\"og:url\" content=\"https:\/\/andreapop.com\/en\/product\/formillon\/\" \/>\n<meta property=\"og:site_name\" content=\"Andrea Pop\" \/>\n<meta property=\"article:modified_time\" content=\"2026-03-26T15:26:17+00:00\" \/>\n<meta property=\"og:image\" content=\"https:\/\/andreapop.com\/wp-content\/uploads\/2026\/01\/FORMILLON.webp\" \/>\n\t<meta property=\"og:image:width\" content=\"1536\" \/>\n\t<meta property=\"og:image:height\" content=\"1024\" \/>\n\t<meta property=\"og:image:type\" content=\"image\/webp\" \/>\n<meta name=\"twitter:card\" content=\"summary_large_image\" \/>\n<meta name=\"twitter:label1\" content=\"Est. reading time\" \/>\n\t<meta name=\"twitter:data1\" content=\"2 minutes\" \/>\n<script type=\"application\/ld+json\" class=\"yoast-schema-graph\">{\"@context\":\"https:\/\/schema.org\",\"@graph\":[{\"@type\":\"WebPage\",\"@id\":\"https:\/\/andreapop.com\/producto\/formillon\/\",\"url\":\"https:\/\/andreapop.com\/producto\/formillon\/\",\"name\":\"FORMILLON - Andrea Pop\",\"isPartOf\":{\"@id\":\"https:\/\/andreapop.com\/#website\"},\"primaryImageOfPage\":{\"@id\":\"https:\/\/andreapop.com\/producto\/formillon\/#primaryimage\"},\"image\":{\"@id\":\"https:\/\/andreapop.com\/producto\/formillon\/#primaryimage\"},\"thumbnailUrl\":\"https:\/\/i0.wp.com\/andreapop.com\/wp-content\/uploads\/2026\/01\/FORMILLON.webp?fit=1536%2C1024&ssl=1\",\"datePublished\":\"2025-03-12T15:06:51+00:00\",\"dateModified\":\"2026-03-26T15:26:17+00:00\",\"description\":\"El Formillion es una herramienta indispensable para los fabricantes de sombreros profesionales, dise\u00f1ada para garantizar medidas precisas e impecables.\",\"breadcrumb\":{\"@id\":\"https:\/\/andreapop.com\/producto\/formillon\/#breadcrumb\"},\"inLanguage\":\"en-US\",\"potentialAction\":[{\"@type\":\"ReadAction\",\"target\":[\"https:\/\/andreapop.com\/producto\/formillon\/\"]}]},{\"@type\":\"ImageObject\",\"inLanguage\":\"en-US\",\"@id\":\"https:\/\/andreapop.com\/producto\/formillon\/#primaryimage\",\"url\":\"https:\/\/i0.wp.com\/andreapop.com\/wp-content\/uploads\/2026\/01\/FORMILLON.webp?fit=1536%2C1024&ssl=1\",\"contentUrl\":\"https:\/\/i0.wp.com\/andreapop.com\/wp-content\/uploads\/2026\/01\/FORMILLON.webp?fit=1536%2C1024&ssl=1\",\"width\":1536,\"height\":1024,\"caption\":\"FORMILLON\"},{\"@type\":\"BreadcrumbList\",\"@id\":\"https:\/\/andreapop.com\/producto\/formillon\/#breadcrumb\",\"itemListElement\":[{\"@type\":\"ListItem\",\"position\":1,\"name\":\"Portada\",\"item\":\"https:\/\/andreapop.com\/\"},{\"@type\":\"ListItem\",\"position\":2,\"name\":\"Tienda de Sombrerer\u00eda &#8211; Herramientas y Sombreros Artesanales\",\"item\":\"https:\/\/andreapop.com\/tienda\/\"},{\"@type\":\"ListItem\",\"position\":3,\"name\":\"FORMILLON\"}]},{\"@type\":\"WebSite\",\"@id\":\"https:\/\/andreapop.com\/#website\",\"url\":\"https:\/\/andreapop.com\/\",\"name\":\"Andrea Pop\",\"description\":\"Aprende a crear sombreros \u00fanicos y personalizados\",\"publisher\":{\"@id\":\"https:\/\/andreapop.com\/#organization\"},\"alternateName\":\"Andrea Pop Hat Maker\",\"potentialAction\":[{\"@type\":\"SearchAction\",\"target\":{\"@type\":\"EntryPoint\",\"urlTemplate\":\"https:\/\/andreapop.com\/?s={search_term_string}\"},\"query-input\":{\"@type\":\"PropertyValueSpecification\",\"valueRequired\":true,\"valueName\":\"search_term_string\"}}],\"inLanguage\":\"en-US\"},{\"@type\":\"Organization\",\"@id\":\"https:\/\/andreapop.com\/#organization\",\"name\":\"Andrea Pop\",\"url\":\"https:\/\/andreapop.com\/\",\"logo\":{\"@type\":\"ImageObject\",\"inLanguage\":\"en-US\",\"@id\":\"https:\/\/andreapop.com\/#\/schema\/logo\/image\/\",\"url\":\"https:\/\/andreapop.com\/wp-content\/uploads\/2025\/03\/SILUETA.png\",\"contentUrl\":\"https:\/\/andreapop.com\/wp-content\/uploads\/2025\/03\/SILUETA.png\",\"width\":1920,\"height\":1080,\"caption\":\"Andrea Pop\"},\"image\":{\"@id\":\"https:\/\/andreapop.com\/#\/schema\/logo\/image\/\"},\"email\":\"info@andreapop.com\",\"legalName\":\"Andrea Pop\",\"foundingDate\":\"2025-01-01\",\"vatID\":\"X4653121Z\",\"taxID\":\"X4653121Z\",\"numberOfEmployees\":{\"@type\":\"QuantitativeValue\",\"minValue\":\"1\",\"maxValue\":\"10\"}}]}<\/script>\n<!-- \/ Yoast SEO Premium plugin. -->","yoast_head_json":{"title":"FORMILLON - Andrea Pop","description":"El Formillion es una herramienta indispensable para los fabricantes de sombreros profesionales, dise\u00f1ada para garantizar medidas precisas e impecables.","robots":{"index":"index","follow":"follow","max-snippet":"max-snippet:-1","max-image-preview":"max-image-preview:large","max-video-preview":"max-video-preview:-1"},"canonical":"https:\/\/andreapop.com\/en\/product\/formillon\/","og_locale":"en_US","og_type":"article","og_title":"FORMILLON","og_description":"El Formillion es una herramienta indispensable para los fabricantes de sombreros profesionales, dise\u00f1ada para garantizar medidas precisas e impecables.","og_url":"https:\/\/andreapop.com\/en\/product\/formillon\/","og_site_name":"Andrea Pop","article_modified_time":"2026-03-26T15:26:17+00:00","og_image":[{"width":1536,"height":1024,"url":"https:\/\/andreapop.com\/wp-content\/uploads\/2026\/01\/FORMILLON.webp","type":"image\/webp"}],"twitter_card":"summary_large_image","twitter_misc":{"Est. reading time":"2 minutes"},"schema":{"@context":"https:\/\/schema.org","@graph":[{"@type":"WebPage","@id":"https:\/\/andreapop.com\/producto\/formillon\/","url":"https:\/\/andreapop.com\/producto\/formillon\/","name":"FORMILLON - Andrea Pop","isPartOf":{"@id":"https:\/\/andreapop.com\/#website"},"primaryImageOfPage":{"@id":"https:\/\/andreapop.com\/producto\/formillon\/#primaryimage"},"image":{"@id":"https:\/\/andreapop.com\/producto\/formillon\/#primaryimage"},"thumbnailUrl":"https:\/\/i0.wp.com\/andreapop.com\/wp-content\/uploads\/2026\/01\/FORMILLON.webp?fit=1536%2C1024&ssl=1","datePublished":"2025-03-12T15:06:51+00:00","dateModified":"2026-03-26T15:26:17+00:00","description":"El Formillion es una herramienta indispensable para los fabricantes de sombreros profesionales, dise\u00f1ada para garantizar medidas precisas e impecables.","breadcrumb":{"@id":"https:\/\/andreapop.com\/producto\/formillon\/#breadcrumb"},"inLanguage":"en-US","potentialAction":[{"@type":"ReadAction","target":["https:\/\/andreapop.com\/producto\/formillon\/"]}]},{"@type":"ImageObject","inLanguage":"en-US","@id":"https:\/\/andreapop.com\/producto\/formillon\/#primaryimage","url":"https:\/\/i0.wp.com\/andreapop.com\/wp-content\/uploads\/2026\/01\/FORMILLON.webp?fit=1536%2C1024&ssl=1","contentUrl":"https:\/\/i0.wp.com\/andreapop.com\/wp-content\/uploads\/2026\/01\/FORMILLON.webp?fit=1536%2C1024&ssl=1","width":1536,"height":1024,"caption":"FORMILLON"},{"@type":"BreadcrumbList","@id":"https:\/\/andreapop.com\/producto\/formillon\/#breadcrumb","itemListElement":[{"@type":"ListItem","position":1,"name":"Portada","item":"https:\/\/andreapop.com\/"},{"@type":"ListItem","position":2,"name":"Tienda de Sombrerer\u00eda &#8211; Herramientas y Sombreros Artesanales","item":"https:\/\/andreapop.com\/tienda\/"},{"@type":"ListItem","position":3,"name":"FORMILLON"}]},{"@type":"WebSite","@id":"https:\/\/andreapop.com\/#website","url":"https:\/\/andreapop.com\/","name":"Andrea Pop","description":"Aprende a crear sombreros \u00fanicos y personalizados","publisher":{"@id":"https:\/\/andreapop.com\/#organization"},"alternateName":"Andrea Pop Hat Maker","potentialAction":[{"@type":"SearchAction","target":{"@type":"EntryPoint","urlTemplate":"https:\/\/andreapop.com\/?s={search_term_string}"},"query-input":{"@type":"PropertyValueSpecification","valueRequired":true,"valueName":"search_term_string"}}],"inLanguage":"en-US"},{"@type":"Organization","@id":"https:\/\/andreapop.com\/#organization","name":"Andrea Pop","url":"https:\/\/andreapop.com\/","logo":{"@type":"ImageObject","inLanguage":"en-US","@id":"https:\/\/andreapop.com\/#\/schema\/logo\/image\/","url":"https:\/\/andreapop.com\/wp-content\/uploads\/2025\/03\/SILUETA.png","contentUrl":"https:\/\/andreapop.com\/wp-content\/uploads\/2025\/03\/SILUETA.png","width":1920,"height":1080,"caption":"Andrea Pop"},"image":{"@id":"https:\/\/andreapop.com\/#\/schema\/logo\/image\/"},"email":"info@andreapop.com","legalName":"Andrea Pop","foundingDate":"2025-01-01","vatID":"X4653121Z","taxID":"X4653121Z","numberOfEmployees":{"@type":"QuantitativeValue","minValue":"1","maxValue":"10"}}]}},"jetpack_sharing_enabled":true,"_links":{"self":[{"href":"https:\/\/andreapop.com\/en\/wp-json\/wp\/v2\/product\/8776","targetHints":{"allow":["GET"]}}],"collection":[{"href":"https:\/\/andreapop.com\/en\/wp-json\/wp\/v2\/product"}],"about":[{"href":"https:\/\/andreapop.com\/en\/wp-json\/wp\/v2\/types\/product"}],"replies":[{"embeddable":true,"href":"https:\/\/andreapop.com\/en\/wp-json\/wp\/v2\/comments?post=8776"}],"wp:featuredmedia":[{"embeddable":true,"href":"https:\/\/andreapop.com\/en\/wp-json\/wp\/v2\/media\/11101"}],"wp:attachment":[{"href":"https:\/\/andreapop.com\/en\/wp-json\/wp\/v2\/media?parent=8776"}],"wp:term":[{"taxonomy":"product_brand","embeddable":true,"href":"https:\/\/andreapop.com\/en\/wp-json\/wp\/v2\/product_brand?post=8776"},{"taxonomy":"product_cat","embeddable":true,"href":"https:\/\/andreapop.com\/en\/wp-json\/wp\/v2\/product_cat?post=8776"},{"taxonomy":"product_tag","embeddable":true,"href":"https:\/\/andreapop.com\/en\/wp-json\/wp\/v2\/product_tag?post=8776"}],"curies":[{"name":"wp","href":"https:\/\/api.w.org\/{rel}","templated":true}]}}