{"id":10663,"date":"2025-06-03T09:55:47","date_gmt":"2025-06-03T09:55:47","guid":{"rendered":"https:\/\/andreapop.com\/?post_type=product&#038;p=10663"},"modified":"2025-11-25T20:19:42","modified_gmt":"2025-11-25T20:19:42","slug":"kit-iniciacion-sombrereria","status":"publish","type":"product","link":"https:\/\/andreapop.com\/it\/product\/kit-iniciacion-sombrereria\/","title":{"rendered":"Kit di Iniziazione alla Cappelleria"},"content":{"rendered":"<h2  data-start=\"671\" data-end=\"765\">Kit Fisico di Iniziazione alla Cappelleria | Crea il Tuo Primo Cappello<\/h2>\n<div class=\"tutor-course-content-content\">\n<div class=\"tutor-course-tags-wrap\">\n<div class=\"tutor-course-tags\">\n<p  data-start=\"397\" data-end=\"588\" class=\"translation-block\"><strong data-start=\"397\" data-end=\"429\">\ud83d\udd39 Descrizione del prodotto:<\/strong><br data-start=\"429\" data-end=\"432\">Questo <strong data-start=\"478\" data-end=\"514\">Kit di Iniziazione alla Cappelleria<\/strong> \u00e8 ideale affinch\u00e9, quando accedi al corso, tu possa muovere i primi passi in questa affascinante arte artigianale toccando gli strumenti e i materiali, e iniziare a creare il tuo laboratorio.<\/p>\n<p  data-start=\"590\" data-end=\"630\">Include tutto il necessario per iniziare:<\/p>\n<ul data-start=\"631\" data-end=\"837\">\n<li  data-start=\"631\" data-end=\"700\">\n<p  data-start=\"633\" data-end=\"700\" class=\"translation-block\"><strong data-start=\"633\" data-end=\"647\">1 base<\/strong> (secondo disponibilit\u00e0) in feltro o paglia, pronta da modellare.<\/p>\n<\/li>\n<li  data-start=\"701\" data-end=\"760\">\n<p  data-start=\"703\" data-end=\"760\" class=\"translation-block\"><strong data-start=\"703\" data-end=\"721\">1 forma base<\/strong>, perfetta per i tuoi primi modelli.<\/p>\n<\/li>\n<li  data-start=\"761\" data-end=\"837\">\n<p  data-start=\"763\" data-end=\"837\" class=\"translation-block\"><strong data-start=\"763\" data-end=\"787\">200 grammi di indurente professionale<\/strong>, per dare alle tue creazioni una tenuta professionale.<\/p>\n<\/li>\n<\/ul>\n<p  data-start=\"839\" data-end=\"1023\">Perfetto per principianti, autodidatti o appassionati di design artigianale. Ti servono solo le tue mani, un po\u2019 di creativit\u00e0 e questo kit per iniziare a dare forma ai tuoi pezzi unici.<\/p>\n<p  data-start=\"839\" data-end=\"1023\">Questo prodotto non pu\u00f2 essere acquistato separatamente! Richiede l'acquisto di un corso nella modalit\u00e0 Accesso Premium o Base.<\/p>\n<\/div>\n<\/div>\n<\/div>","protected":false},"excerpt":{"rendered":"<p class=\"ai-optimize-64\" data-start=\"590\" data-end=\"630\">Include tutto il necessario per iniziare:<\/p>\n<ul data-start=\"631\" data-end=\"837\">\n<li class=\"ai-optimize-65\" data-start=\"631\" data-end=\"700\">\n<p class=\"ai-optimize-66 translation-block\" data-start=\"633\" data-end=\"700\"><strong data-start=\"633\" data-end=\"647\">1 cappellina<\/strong> (secondo disponibilit\u00e0) in feltro o paglia, pronta da modellare.<\/p>\n<\/li>\n<li class=\"ai-optimize-67\" data-start=\"701\" data-end=\"760\">\n<p class=\"ai-optimize-68 translation-block\" data-start=\"703\" data-end=\"760\"><strong data-start=\"703\" data-end=\"721\">1 forma base<\/strong>, perfetta per i tuoi primi modelli.<\/p>\n<\/li>\n<li class=\"ai-optimize-69\" data-start=\"761\" data-end=\"837\">\n<p class=\"ai-optimize-70 translation-block\" data-start=\"763\" data-end=\"837\"><strong data-start=\"763\" data-end=\"787\">200 grammi di indurente tessile<\/strong>, per dare alle tue creazioni una tenuta professionale.<\/p>\n<\/li>\n<\/ul>\n<p class=\"ai-optimize-71\" data-start=\"839\" data-end=\"1023\">Perfetto per principianti, autodidatti o appassionati di design artigianale. Ti servono solo le tue mani, un po\u2019 di creativit\u00e0 e questo kit per iniziare a dare forma ai tuoi pezzi unici.<\/p>","protected":false},"featured_media":10834,"comment_status":"open","ping_status":"closed","template":"","meta":{"inline_featured_image":false},"product_brand":[],"product_cat":[21],"product_tag":[],"class_list":{"0":"post-10663","1":"product","2":"type-product","3":"status-publish","4":"has-post-thumbnail","6":"product_cat-materiales-sombreros","8":"first","9":"instock","10":"sold-individually","11":"taxable","12":"shipping-taxable","13":"purchasable","14":"product-type-simple"},"yoast_head":"<!-- This site is optimized with the Yoast SEO Premium plugin v25.3.1 (Yoast SEO v25.4) - https:\/\/yoast.com\/wordpress\/plugins\/seo\/ -->\n<title>Kit de iniciaci\u00f3n en la sombrerer\u00eda - Andrea Pop<\/title>\n<meta name=\"description\" content=\"Aprende sombrerer\u00eda desde casa con este kit de iniciaci\u00f3n. Incluye capelina, horma b\u00e1sica y endurecedor textil. \u00a1Empieza tu arte hoy!\" \/>\n<meta name=\"robots\" content=\"index, follow, max-snippet:-1, max-image-preview:large, max-video-preview:-1\" \/>\n<link rel=\"canonical\" href=\"https:\/\/andreapop.com\/it\/product\/kit-iniciacion-sombrereria\/\" \/>\n<meta property=\"og:locale\" content=\"it_IT\" \/>\n<meta property=\"og:type\" content=\"article\" \/>\n<meta property=\"og:title\" content=\"Kit de Iniciaci\u00f3n en Sombrerer\u00eda\" \/>\n<meta property=\"og:description\" content=\"Aprende sombrerer\u00eda desde casa con este kit de iniciaci\u00f3n. Incluye capelina, horma b\u00e1sica y endurecedor textil. \u00a1Empieza tu arte hoy!\" \/>\n<meta property=\"og:url\" content=\"https:\/\/andreapop.com\/it\/product\/kit-iniciacion-sombrereria\/\" \/>\n<meta property=\"og:site_name\" content=\"Andrea Pop\" \/>\n<meta property=\"article:modified_time\" content=\"2025-11-25T20:19:42+00:00\" \/>\n<meta property=\"og:image\" content=\"https:\/\/i0.wp.com\/andreapop.com\/wp-content\/uploads\/2025\/06\/SOLO-CAJA-.webp?fit=1338%2C1004&ssl=1\" \/>\n\t<meta property=\"og:image:width\" content=\"1338\" \/>\n\t<meta property=\"og:image:height\" content=\"1004\" \/>\n\t<meta property=\"og:image:type\" content=\"image\/webp\" \/>\n<meta name=\"twitter:card\" content=\"summary_large_image\" \/>\n<meta name=\"twitter:label1\" content=\"Tempo di lettura stimato\" \/>\n\t<meta name=\"twitter:data1\" content=\"1 minuto\" \/>\n<script type=\"application\/ld+json\" class=\"yoast-schema-graph\">{\"@context\":\"https:\/\/schema.org\",\"@graph\":[{\"@type\":\"WebPage\",\"@id\":\"https:\/\/andreapop.com\/producto\/kit-iniciacion-sombrereria\/\",\"url\":\"https:\/\/andreapop.com\/producto\/kit-iniciacion-sombrereria\/\",\"name\":\"Kit de iniciaci\u00f3n en la sombrerer\u00eda - Andrea Pop\",\"isPartOf\":{\"@id\":\"https:\/\/andreapop.com\/#website\"},\"primaryImageOfPage\":{\"@id\":\"https:\/\/andreapop.com\/producto\/kit-iniciacion-sombrereria\/#primaryimage\"},\"image\":{\"@id\":\"https:\/\/andreapop.com\/producto\/kit-iniciacion-sombrereria\/#primaryimage\"},\"thumbnailUrl\":\"https:\/\/i0.wp.com\/andreapop.com\/wp-content\/uploads\/2025\/06\/SOLO-CAJA-.webp?fit=1338%2C1004&ssl=1\",\"datePublished\":\"2025-06-03T09:55:47+00:00\",\"dateModified\":\"2025-11-25T20:19:42+00:00\",\"description\":\"Aprende sombrerer\u00eda desde casa con este kit de iniciaci\u00f3n. Incluye capelina, horma b\u00e1sica y endurecedor textil. \u00a1Empieza tu arte hoy!\",\"breadcrumb\":{\"@id\":\"https:\/\/andreapop.com\/producto\/kit-iniciacion-sombrereria\/#breadcrumb\"},\"inLanguage\":\"it-IT\",\"potentialAction\":[{\"@type\":\"ReadAction\",\"target\":[\"https:\/\/andreapop.com\/producto\/kit-iniciacion-sombrereria\/\"]}]},{\"@type\":\"ImageObject\",\"inLanguage\":\"it-IT\",\"@id\":\"https:\/\/andreapop.com\/producto\/kit-iniciacion-sombrereria\/#primaryimage\",\"url\":\"https:\/\/i0.wp.com\/andreapop.com\/wp-content\/uploads\/2025\/06\/SOLO-CAJA-.webp?fit=1338%2C1004&ssl=1\",\"contentUrl\":\"https:\/\/i0.wp.com\/andreapop.com\/wp-content\/uploads\/2025\/06\/SOLO-CAJA-.webp?fit=1338%2C1004&ssl=1\",\"width\":1338,\"height\":1004,\"caption\":\"caja kit iniciacion sombrereria\"},{\"@type\":\"BreadcrumbList\",\"@id\":\"https:\/\/andreapop.com\/producto\/kit-iniciacion-sombrereria\/#breadcrumb\",\"itemListElement\":[{\"@type\":\"ListItem\",\"position\":1,\"name\":\"Portada\",\"item\":\"https:\/\/andreapop.com\/\"},{\"@type\":\"ListItem\",\"position\":2,\"name\":\"Tienda de Sombrerer\u00eda &#8211; Herramientas y Sombreros Artesanales\",\"item\":\"https:\/\/andreapop.com\/tienda\/\"},{\"@type\":\"ListItem\",\"position\":3,\"name\":\"Kit de Iniciaci\u00f3n en Sombrerer\u00eda\"}]},{\"@type\":\"WebSite\",\"@id\":\"https:\/\/andreapop.com\/#website\",\"url\":\"https:\/\/andreapop.com\/\",\"name\":\"Andrea Pop\",\"description\":\"Aprende a crear sombreros \u00fanicos y personalizados\",\"publisher\":{\"@id\":\"https:\/\/andreapop.com\/#organization\"},\"alternateName\":\"Andrea Pop Hat Maker\",\"potentialAction\":[{\"@type\":\"SearchAction\",\"target\":{\"@type\":\"EntryPoint\",\"urlTemplate\":\"https:\/\/andreapop.com\/?s={search_term_string}\"},\"query-input\":{\"@type\":\"PropertyValueSpecification\",\"valueRequired\":true,\"valueName\":\"search_term_string\"}}],\"inLanguage\":\"it-IT\"},{\"@type\":\"Organization\",\"@id\":\"https:\/\/andreapop.com\/#organization\",\"name\":\"Andrea Pop\",\"url\":\"https:\/\/andreapop.com\/\",\"logo\":{\"@type\":\"ImageObject\",\"inLanguage\":\"it-IT\",\"@id\":\"https:\/\/andreapop.com\/#\/schema\/logo\/image\/\",\"url\":\"https:\/\/andreapop.com\/wp-content\/uploads\/2025\/03\/SILUETA.png\",\"contentUrl\":\"https:\/\/andreapop.com\/wp-content\/uploads\/2025\/03\/SILUETA.png\",\"width\":1920,\"height\":1080,\"caption\":\"Andrea Pop\"},\"image\":{\"@id\":\"https:\/\/andreapop.com\/#\/schema\/logo\/image\/\"},\"email\":\"info@andreapop.com\",\"legalName\":\"Andrea Pop\",\"foundingDate\":\"2025-01-01\",\"vatID\":\"X4653121Z\",\"taxID\":\"X4653121Z\",\"numberOfEmployees\":{\"@type\":\"QuantitativeValue\",\"minValue\":\"1\",\"maxValue\":\"10\"}}]}<\/script>\n<!-- \/ Yoast SEO Premium plugin. -->","yoast_head_json":{"title":"Kit de iniciaci\u00f3n en la sombrerer\u00eda - Andrea Pop","description":"Aprende sombrerer\u00eda desde casa con este kit de iniciaci\u00f3n. Incluye capelina, horma b\u00e1sica y endurecedor textil. \u00a1Empieza tu arte hoy!","robots":{"index":"index","follow":"follow","max-snippet":"max-snippet:-1","max-image-preview":"max-image-preview:large","max-video-preview":"max-video-preview:-1"},"canonical":"https:\/\/andreapop.com\/it\/product\/kit-iniciacion-sombrereria\/","og_locale":"it_IT","og_type":"article","og_title":"Kit de Iniciaci\u00f3n en Sombrerer\u00eda","og_description":"Aprende sombrerer\u00eda desde casa con este kit de iniciaci\u00f3n. Incluye capelina, horma b\u00e1sica y endurecedor textil. \u00a1Empieza tu arte hoy!","og_url":"https:\/\/andreapop.com\/it\/product\/kit-iniciacion-sombrereria\/","og_site_name":"Andrea Pop","article_modified_time":"2025-11-25T20:19:42+00:00","og_image":[{"width":1338,"height":1004,"url":"https:\/\/i0.wp.com\/andreapop.com\/wp-content\/uploads\/2025\/06\/SOLO-CAJA-.webp?fit=1338%2C1004&ssl=1","type":"image\/webp"}],"twitter_card":"summary_large_image","twitter_misc":{"Tempo di lettura stimato":"1 minuto"},"schema":{"@context":"https:\/\/schema.org","@graph":[{"@type":"WebPage","@id":"https:\/\/andreapop.com\/producto\/kit-iniciacion-sombrereria\/","url":"https:\/\/andreapop.com\/producto\/kit-iniciacion-sombrereria\/","name":"Kit de iniciaci\u00f3n en la sombrerer\u00eda - Andrea Pop","isPartOf":{"@id":"https:\/\/andreapop.com\/#website"},"primaryImageOfPage":{"@id":"https:\/\/andreapop.com\/producto\/kit-iniciacion-sombrereria\/#primaryimage"},"image":{"@id":"https:\/\/andreapop.com\/producto\/kit-iniciacion-sombrereria\/#primaryimage"},"thumbnailUrl":"https:\/\/i0.wp.com\/andreapop.com\/wp-content\/uploads\/2025\/06\/SOLO-CAJA-.webp?fit=1338%2C1004&ssl=1","datePublished":"2025-06-03T09:55:47+00:00","dateModified":"2025-11-25T20:19:42+00:00","description":"Aprende sombrerer\u00eda desde casa con este kit de iniciaci\u00f3n. Incluye capelina, horma b\u00e1sica y endurecedor textil. \u00a1Empieza tu arte hoy!","breadcrumb":{"@id":"https:\/\/andreapop.com\/producto\/kit-iniciacion-sombrereria\/#breadcrumb"},"inLanguage":"it-IT","potentialAction":[{"@type":"ReadAction","target":["https:\/\/andreapop.com\/producto\/kit-iniciacion-sombrereria\/"]}]},{"@type":"ImageObject","inLanguage":"it-IT","@id":"https:\/\/andreapop.com\/producto\/kit-iniciacion-sombrereria\/#primaryimage","url":"https:\/\/i0.wp.com\/andreapop.com\/wp-content\/uploads\/2025\/06\/SOLO-CAJA-.webp?fit=1338%2C1004&ssl=1","contentUrl":"https:\/\/i0.wp.com\/andreapop.com\/wp-content\/uploads\/2025\/06\/SOLO-CAJA-.webp?fit=1338%2C1004&ssl=1","width":1338,"height":1004,"caption":"caja kit iniciacion sombrereria"},{"@type":"BreadcrumbList","@id":"https:\/\/andreapop.com\/producto\/kit-iniciacion-sombrereria\/#breadcrumb","itemListElement":[{"@type":"ListItem","position":1,"name":"Portada","item":"https:\/\/andreapop.com\/"},{"@type":"ListItem","position":2,"name":"Tienda de Sombrerer\u00eda &#8211; Herramientas y Sombreros Artesanales","item":"https:\/\/andreapop.com\/tienda\/"},{"@type":"ListItem","position":3,"name":"Kit de Iniciaci\u00f3n en Sombrerer\u00eda"}]},{"@type":"WebSite","@id":"https:\/\/andreapop.com\/#website","url":"https:\/\/andreapop.com\/","name":"Andrea Pop","description":"Aprende a crear sombreros \u00fanicos y personalizados","publisher":{"@id":"https:\/\/andreapop.com\/#organization"},"alternateName":"Andrea Pop Hat Maker","potentialAction":[{"@type":"SearchAction","target":{"@type":"EntryPoint","urlTemplate":"https:\/\/andreapop.com\/?s={search_term_string}"},"query-input":{"@type":"PropertyValueSpecification","valueRequired":true,"valueName":"search_term_string"}}],"inLanguage":"it-IT"},{"@type":"Organization","@id":"https:\/\/andreapop.com\/#organization","name":"Andrea Pop","url":"https:\/\/andreapop.com\/","logo":{"@type":"ImageObject","inLanguage":"it-IT","@id":"https:\/\/andreapop.com\/#\/schema\/logo\/image\/","url":"https:\/\/andreapop.com\/wp-content\/uploads\/2025\/03\/SILUETA.png","contentUrl":"https:\/\/andreapop.com\/wp-content\/uploads\/2025\/03\/SILUETA.png","width":1920,"height":1080,"caption":"Andrea Pop"},"image":{"@id":"https:\/\/andreapop.com\/#\/schema\/logo\/image\/"},"email":"info@andreapop.com","legalName":"Andrea Pop","foundingDate":"2025-01-01","vatID":"X4653121Z","taxID":"X4653121Z","numberOfEmployees":{"@type":"QuantitativeValue","minValue":"1","maxValue":"10"}}]}},"jetpack_sharing_enabled":true,"_links":{"self":[{"href":"https:\/\/andreapop.com\/it\/wp-json\/wp\/v2\/product\/10663","targetHints":{"allow":["GET"]}}],"collection":[{"href":"https:\/\/andreapop.com\/it\/wp-json\/wp\/v2\/product"}],"about":[{"href":"https:\/\/andreapop.com\/it\/wp-json\/wp\/v2\/types\/product"}],"replies":[{"embeddable":true,"href":"https:\/\/andreapop.com\/it\/wp-json\/wp\/v2\/comments?post=10663"}],"wp:featuredmedia":[{"embeddable":true,"href":"https:\/\/andreapop.com\/it\/wp-json\/wp\/v2\/media\/10834"}],"wp:attachment":[{"href":"https:\/\/andreapop.com\/it\/wp-json\/wp\/v2\/media?parent=10663"}],"wp:term":[{"taxonomy":"product_brand","embeddable":true,"href":"https:\/\/andreapop.com\/it\/wp-json\/wp\/v2\/product_brand?post=10663"},{"taxonomy":"product_cat","embeddable":true,"href":"https:\/\/andreapop.com\/it\/wp-json\/wp\/v2\/product_cat?post=10663"},{"taxonomy":"product_tag","embeddable":true,"href":"https:\/\/andreapop.com\/it\/wp-json\/wp\/v2\/product_tag?post=10663"}],"curies":[{"name":"wp","href":"https:\/\/api.w.org\/{rel}","templated":true}]}}