{"id":10892,"date":"2025-06-25T16:22:37","date_gmt":"2025-06-25T16:22:37","guid":{"rendered":"https:\/\/andreapop.com\/?post_type=product&#038;p=10892"},"modified":"2026-03-29T19:14:32","modified_gmt":"2026-03-29T19:14:32","slug":"curso-presencial-de-sombrereria","status":"publish","type":"product","link":"https:\/\/andreapop.com\/it\/product\/curso-presencial-de-sombrereria\/","title":{"rendered":"CURSO DE SOMBRERERIA &#8211; 25 ABRIL"},"content":{"rendered":"<p data-start=\"141\" data-end=\"269\">\u00bfTe gustar\u00eda aprender a crear tus propios sombreros y explorar el arte de la sombrerer\u00eda de forma presencial?<\/p>\n<p data-start=\"271\" data-end=\"432\">En nuestro <strong data-start=\"282\" data-end=\"313\">Curso de Sombrerer\u00eda Grupal<\/strong> aprender\u00e1s todas las t\u00e9cnicas necesarias para dise\u00f1ar y confeccionar un sombrero desde el primer paso hasta el \u00faltimo.<\/p>\n<p data-start=\"625\" data-end=\"954\">Iniciaremos el curso con una parte te\u00f3rica fundamental para entender la variedad de materiales y herramientas del oficio: desde distintos tipos de fieltros hasta fibras de origen vegetal, sin olvidar el elegante <strong data-start=\"786\" data-end=\"805\">Cappello Panama <\/strong>y conocer\u00e1s los <strong data-start=\"786\" data-end=\"805\">diferentes tipos de hormas, alturas, tallas y mucho m\u00e1s.<\/strong><\/p>\n<p data-start=\"956\" data-end=\"1377\">Despu\u00e9s pasaremos a la parte m\u00e1s emocionante: la <strong data-start=\"1005\" data-end=\"1017\">pr\u00e1ctica<\/strong>. Tendr\u00e1s la oportunidad de crear, dise\u00f1ar y personalizar un sombrero totalmente a medida. Aprender\u00e1s a preparar el fieltro, moldear la copa, cortar y planchar el ala, colocar el tafilete interior y darle el toque final seg\u00fan tu estilo. Durante todo el proceso tendr\u00e1s acceso a todos los materiales y herramientas necesarios para que puedas crear con libertad.<\/p>\n<p data-start=\"1379\" data-end=\"1683\">Lo que hace \u00fanico a nuestro curso es la <strong data-start=\"1419\" data-end=\"1485\">fusi\u00f3n entre la sombrerer\u00eda ancestral y la sombrerer\u00eda moderna<\/strong>. Somos el \u00fanico curso presencial en Espa\u00f1a donde, adem\u00e1s de aprender a crear tus propios sombreros, descubrir\u00e1s c\u00f3mo dise\u00f1amos, fabricamos y utilizamos nuestras propias herramientas impresas en 3D.<\/p>\n<p data-start=\"1685\" data-end=\"1807\">Al finalizar, habr\u00e1s adquirido todos los conocimientos necesarios para <strong data-start=\"1756\" data-end=\"1806\">comenzar a trabajar por tu cuenta de inmediato<\/strong>.<\/p>\n<p class=\"cvGsUA direction-ltr align-center para-style-body\"><strong><span class=\"a_GcMg font-feature-liga-off font-feature-clig-off font-feature-calt-off text-decoration-underline text-strikethrough-none\">\ud83d\uddd3 Detalles del curso<\/span><\/strong><\/p>\n<p data-start=\"186\" data-end=\"245\">\ud83d\udcc5 <strong data-start=\"189\" data-end=\"210\">PRESENCIAL:<\/strong> <strong data-start=\"211\" data-end=\"245\">S\u00e1bado 25 de abril de 2026<\/strong><\/p>\n<p class=\"cvGsUA direction-ltr align-center para-style-body\"><span class=\"a_GcMg font-feature-liga-off font-feature-clig-off font-feature-calt-off text-decoration-none text-strikethrough-none\">\ud83d\udccd Arganda del Rey, Madrid (posibilidad de recogida en coche en Madrid Centro, zona aproximada metro Conde de Casal)<\/span><\/p>\n<p class=\"cvGsUA direction-ltr align-center para-style-body\"><span class=\"a_GcMg font-feature-liga-off font-feature-clig-off font-feature-calt-off text-decoration-none text-strikethrough-none\">\ud83d\udd59 10:00 &#8211; 19:00 h aprox.<\/span><\/p>\n<p class=\"cvGsUA direction-ltr align-justify para-style-body\"><strong><span class=\"a_GcMg font-feature-liga-off font-feature-clig-off font-feature-calt-off text-decoration-none text-strikethrough-none\">\ud83d\uddd3<\/span><span class=\"a_GcMg font-feature-liga-off font-feature-clig-off font-feature-calt-off text-decoration-none text-strikethrough-none\">Include:<\/span><\/strong><\/p>\n<p class=\"cvGsUA direction-ltr align-justify para-style-body\"><span class=\"a_GcMg font-feature-liga-off font-feature-clig-off font-feature-calt-off text-decoration-none text-strikethrough-none\">\ud83c\udfa9 Tu sombrero de fieltro 100% lana merino (color blanco marfil ya que sobre el mismo es como mejor se ven las diferentes t\u00e9cnicas de quemado y pirograbado).<\/span><\/p>\n<p class=\"cvGsUA direction-ltr align-justify para-style-body\"><span class=\"a_GcMg font-feature-liga-off font-feature-clig-off font-feature-calt-off text-decoration-none text-strikethrough-none\">\ud83d\udcd6 Manual pr\u00e1ctico con todo lo aprendido.<\/span><\/p>\n<p class=\"cvGsUA direction-ltr align-justify para-style-body\"><span class=\"a_GcMg font-feature-liga-off font-feature-clig-off font-feature-calt-off text-decoration-none text-strikethrough-none\">\ud83d\udccb Lista completa de proveedores de materiales y herramientas.<\/span><\/p>\n<p class=\"cvGsUA direction-ltr align-justify para-style-body\"><span class=\"a_GcMg font-feature-liga-off font-feature-clig-off font-feature-calt-off text-decoration-none text-strikethrough-none\">\ud83d\udee0 Posibilidad de adquirir herramientas el mismo d\u00eda del curso.<\/span><\/p>\n<p class=\"cvGsUA direction-ltr align-justify para-style-body\"><span class=\"a_GcMg font-feature-liga-off font-feature-clig-off font-feature-calt-off text-decoration-none text-strikethrough-none\">Las <\/span><span class=\"a_GcMg font-feature-liga-off font-feature-clig-off font-feature-calt-off text-strikethrough-none text-decoration-underline\"><strong>plazas son muy limitadas,<\/strong>\u00a0<\/span><span class=\"a_GcMg font-feature-liga-off font-feature-clig-off font-feature-calt-off text-strikethrough-none text-decoration-none\">as\u00ed que no lo pienses m\u00e1s, reserva la tuya y ad\u00e9ntrate en el apasionante mundo de la sombrerer\u00eda.<\/span><span style=\"color: #ffffff;\">Il <strong data-start=\"284\" data-end=\"316\">sombrero fedora Las Monta\u00f1as<\/strong> es un s\u00edmbolo de estilo y autenticidad. Dise\u00f1ado con un corte elegante y fabricado a mano en Espa\u00f1a, es parte de nuestra colecci\u00f3n de <strong data-start=\"451\" data-end=\"474\">sombreros artesanos<\/strong>. Este <strong data-start=\"481\" data-end=\"503\">sombrero artesanal<\/strong> une tradici\u00f3n y dise\u00f1o atemporal para quienes valoran la calidad. Forma parte de nuestros exclusivos <strong data-start=\"605\" data-end=\"635\">sombreros hechos en Espa\u00f1a<\/strong>, creados para esp\u00edritus libres que aprcian la distinci\u00f3n y el detalle.<\/span><\/p>","protected":false},"excerpt":{"rendered":"<p data-start=\"141\" data-end=\"269\">\u00bfTe gustar\u00eda aprender a crear tus propios sombreros y explorar el arte de la sombrerer\u00eda de forma presencial?<\/p>\n<p data-start=\"271\" data-end=\"432\">En nuestro <strong data-start=\"282\" data-end=\"313\">Curso de Sombrerer\u00eda Grupal<\/strong> aprender\u00e1s todas las t\u00e9cnicas necesarias para dise\u00f1ar y confeccionar un sombrero desde el primer paso hasta el \u00faltimo.<\/p>\n<p data-start=\"434\" data-end=\"623\">Iniciaremos el curso con una parte te\u00f3rica fundamental para entender la variedad de materiales y herramientas del oficio: desde distintos tipos de fieltros hasta fibras de origen vegetal, sin olvidar el elegante sombrero Panam\u00e1 y conocer\u00e1s los diferentes tipos de hormas, alturas, tallas y mucho m\u00e1s.<\/p>\n<p class=\"cvGsUA direction-ltr align-center para-style-body\"><strong><span class=\"a_GcMg font-feature-liga-off font-feature-clig-off font-feature-calt-off text-decoration-underline text-strikethrough-none\">\ud83d\uddd3 Detalles del curso<\/span><\/strong><\/p>\n<p data-start=\"186\" data-end=\"245\">\ud83d\udcc5 <strong data-start=\"189\" data-end=\"210\">PRESENCIAL:<\/strong> <strong data-start=\"211\" data-end=\"245\">S\u00e1bado 25 de abril de 2026<\/strong><\/p>\n<p class=\"cvGsUA direction-ltr align-center para-style-body\"><span class=\"a_GcMg font-feature-liga-off font-feature-clig-off font-feature-calt-off text-decoration-none text-strikethrough-none\">\ud83d\udccd Arganda del Rey, Madrid (posibilidad de recogida en coche en Madrid Centro, zona aproximada metro Conde de Casal)<\/span><\/p>\n<p class=\"cvGsUA direction-ltr align-center para-style-body\"><span class=\"a_GcMg font-feature-liga-off font-feature-clig-off font-feature-calt-off text-decoration-none text-strikethrough-none\">\ud83d\udd59 10:00 &#8211; 19:00 h aprox.<\/span><\/p>","protected":false},"featured_media":10948,"comment_status":"open","ping_status":"closed","template":"","meta":{"inline_featured_image":false},"product_brand":[],"product_cat":[352],"product_tag":[],"class_list":{"0":"post-10892","1":"product","2":"type-product","3":"status-publish","4":"has-post-thumbnail","6":"product_cat-sombreros","8":"first","9":"instock","10":"virtual","11":"taxable","12":"purchasable","13":"product-type-simple"},"yoast_head":"<!-- This site is optimized with the Yoast SEO Premium plugin v25.3.1 (Yoast SEO v25.4) - https:\/\/yoast.com\/wordpress\/plugins\/seo\/ -->\n<title>CURSO DE SOMBRERERIA - 25 ABRIL - Andrea Pop<\/title>\n<meta name=\"description\" content=\"El sombrero fedora, de ala ancha, Las Monta\u00f1as es un sombrero artesanal elegante. Estilo atemporal y dise\u00f1o exclusivo para almas libres y sofisticadas.\" \/>\n<meta name=\"robots\" content=\"index, follow, max-snippet:-1, max-image-preview:large, max-video-preview:-1\" \/>\n<link rel=\"canonical\" href=\"https:\/\/andreapop.com\/it\/product\/curso-presencial-de-sombrereria\/\" \/>\n<meta property=\"og:locale\" content=\"it_IT\" \/>\n<meta property=\"og:type\" content=\"article\" \/>\n<meta property=\"og:title\" content=\"CURSO DE SOMBRERERIA - 25 ABRIL\" \/>\n<meta property=\"og:description\" content=\"El sombrero fedora, de ala ancha, Las Monta\u00f1as es un sombrero artesanal elegante. Estilo atemporal y dise\u00f1o exclusivo para almas libres y sofisticadas.\" \/>\n<meta property=\"og:url\" content=\"https:\/\/andreapop.com\/it\/product\/curso-presencial-de-sombrereria\/\" \/>\n<meta property=\"og:site_name\" content=\"Andrea Pop\" \/>\n<meta property=\"article:modified_time\" content=\"2026-03-29T19:14:32+00:00\" \/>\n<meta property=\"og:image\" content=\"https:\/\/andreapop.com\/wp-content\/uploads\/2025\/06\/IMG_2087.webp\" \/>\n\t<meta property=\"og:image:width\" content=\"1170\" \/>\n\t<meta property=\"og:image:height\" content=\"658\" \/>\n\t<meta property=\"og:image:type\" content=\"image\/webp\" \/>\n<meta name=\"twitter:card\" content=\"summary_large_image\" \/>\n<meta name=\"twitter:label1\" content=\"Tempo di lettura stimato\" \/>\n\t<meta name=\"twitter:data1\" content=\"3 minuti\" \/>\n<script type=\"application\/ld+json\" class=\"yoast-schema-graph\">{\"@context\":\"https:\/\/schema.org\",\"@graph\":[{\"@type\":\"WebPage\",\"@id\":\"https:\/\/andreapop.com\/producto\/curso-presencial-de-sombrereria\/\",\"url\":\"https:\/\/andreapop.com\/producto\/curso-presencial-de-sombrereria\/\",\"name\":\"CURSO DE SOMBRERERIA - 25 ABRIL - Andrea Pop\",\"isPartOf\":{\"@id\":\"https:\/\/andreapop.com\/#website\"},\"primaryImageOfPage\":{\"@id\":\"https:\/\/andreapop.com\/producto\/curso-presencial-de-sombrereria\/#primaryimage\"},\"image\":{\"@id\":\"https:\/\/andreapop.com\/producto\/curso-presencial-de-sombrereria\/#primaryimage\"},\"thumbnailUrl\":\"https:\/\/i0.wp.com\/andreapop.com\/wp-content\/uploads\/2025\/06\/IMG_2087.webp?fit=1170%2C658&ssl=1\",\"datePublished\":\"2025-06-25T16:22:37+00:00\",\"dateModified\":\"2026-03-29T19:14:32+00:00\",\"description\":\"El sombrero fedora, de ala ancha, Las Monta\u00f1as es un sombrero artesanal elegante. Estilo atemporal y dise\u00f1o exclusivo para almas libres y sofisticadas.\",\"breadcrumb\":{\"@id\":\"https:\/\/andreapop.com\/producto\/curso-presencial-de-sombrereria\/#breadcrumb\"},\"inLanguage\":\"it-IT\",\"potentialAction\":[{\"@type\":\"ReadAction\",\"target\":[\"https:\/\/andreapop.com\/producto\/curso-presencial-de-sombrereria\/\"]}]},{\"@type\":\"ImageObject\",\"inLanguage\":\"it-IT\",\"@id\":\"https:\/\/andreapop.com\/producto\/curso-presencial-de-sombrereria\/#primaryimage\",\"url\":\"https:\/\/i0.wp.com\/andreapop.com\/wp-content\/uploads\/2025\/06\/IMG_2087.webp?fit=1170%2C658&ssl=1\",\"contentUrl\":\"https:\/\/i0.wp.com\/andreapop.com\/wp-content\/uploads\/2025\/06\/IMG_2087.webp?fit=1170%2C658&ssl=1\",\"width\":1170,\"height\":658},{\"@type\":\"BreadcrumbList\",\"@id\":\"https:\/\/andreapop.com\/producto\/curso-presencial-de-sombrereria\/#breadcrumb\",\"itemListElement\":[{\"@type\":\"ListItem\",\"position\":1,\"name\":\"Portada\",\"item\":\"https:\/\/andreapop.com\/\"},{\"@type\":\"ListItem\",\"position\":2,\"name\":\"Tienda de Sombrerer\u00eda &#8211; Herramientas y Sombreros Artesanales\",\"item\":\"https:\/\/andreapop.com\/tienda\/\"},{\"@type\":\"ListItem\",\"position\":3,\"name\":\"CURSO DE SOMBRERERIA &#8211; 25 ABRIL\"}]},{\"@type\":\"WebSite\",\"@id\":\"https:\/\/andreapop.com\/#website\",\"url\":\"https:\/\/andreapop.com\/\",\"name\":\"Andrea Pop\",\"description\":\"Aprende a crear sombreros \u00fanicos y personalizados\",\"publisher\":{\"@id\":\"https:\/\/andreapop.com\/#organization\"},\"alternateName\":\"Andrea Pop Hat Maker\",\"potentialAction\":[{\"@type\":\"SearchAction\",\"target\":{\"@type\":\"EntryPoint\",\"urlTemplate\":\"https:\/\/andreapop.com\/?s={search_term_string}\"},\"query-input\":{\"@type\":\"PropertyValueSpecification\",\"valueRequired\":true,\"valueName\":\"search_term_string\"}}],\"inLanguage\":\"it-IT\"},{\"@type\":\"Organization\",\"@id\":\"https:\/\/andreapop.com\/#organization\",\"name\":\"Andrea Pop\",\"url\":\"https:\/\/andreapop.com\/\",\"logo\":{\"@type\":\"ImageObject\",\"inLanguage\":\"it-IT\",\"@id\":\"https:\/\/andreapop.com\/#\/schema\/logo\/image\/\",\"url\":\"https:\/\/andreapop.com\/wp-content\/uploads\/2025\/03\/SILUETA.png\",\"contentUrl\":\"https:\/\/andreapop.com\/wp-content\/uploads\/2025\/03\/SILUETA.png\",\"width\":1920,\"height\":1080,\"caption\":\"Andrea Pop\"},\"image\":{\"@id\":\"https:\/\/andreapop.com\/#\/schema\/logo\/image\/\"},\"email\":\"info@andreapop.com\",\"legalName\":\"Andrea Pop\",\"foundingDate\":\"2025-01-01\",\"vatID\":\"X4653121Z\",\"taxID\":\"X4653121Z\",\"numberOfEmployees\":{\"@type\":\"QuantitativeValue\",\"minValue\":\"1\",\"maxValue\":\"10\"}}]}<\/script>\n<!-- \/ Yoast SEO Premium plugin. -->","yoast_head_json":{"title":"CURSO DE SOMBRERERIA - 25 ABRIL - Andrea Pop","description":"El sombrero fedora, de ala ancha, Las Monta\u00f1as es un sombrero artesanal elegante. Estilo atemporal y dise\u00f1o exclusivo para almas libres y sofisticadas.","robots":{"index":"index","follow":"follow","max-snippet":"max-snippet:-1","max-image-preview":"max-image-preview:large","max-video-preview":"max-video-preview:-1"},"canonical":"https:\/\/andreapop.com\/it\/product\/curso-presencial-de-sombrereria\/","og_locale":"it_IT","og_type":"article","og_title":"CURSO DE SOMBRERERIA - 25 ABRIL","og_description":"El sombrero fedora, de ala ancha, Las Monta\u00f1as es un sombrero artesanal elegante. Estilo atemporal y dise\u00f1o exclusivo para almas libres y sofisticadas.","og_url":"https:\/\/andreapop.com\/it\/product\/curso-presencial-de-sombrereria\/","og_site_name":"Andrea Pop","article_modified_time":"2026-03-29T19:14:32+00:00","og_image":[{"width":1170,"height":658,"url":"https:\/\/andreapop.com\/wp-content\/uploads\/2025\/06\/IMG_2087.webp","type":"image\/webp"}],"twitter_card":"summary_large_image","twitter_misc":{"Tempo di lettura stimato":"3 minuti"},"schema":{"@context":"https:\/\/schema.org","@graph":[{"@type":"WebPage","@id":"https:\/\/andreapop.com\/producto\/curso-presencial-de-sombrereria\/","url":"https:\/\/andreapop.com\/producto\/curso-presencial-de-sombrereria\/","name":"CURSO DE SOMBRERERIA - 25 ABRIL - Andrea Pop","isPartOf":{"@id":"https:\/\/andreapop.com\/#website"},"primaryImageOfPage":{"@id":"https:\/\/andreapop.com\/producto\/curso-presencial-de-sombrereria\/#primaryimage"},"image":{"@id":"https:\/\/andreapop.com\/producto\/curso-presencial-de-sombrereria\/#primaryimage"},"thumbnailUrl":"https:\/\/i0.wp.com\/andreapop.com\/wp-content\/uploads\/2025\/06\/IMG_2087.webp?fit=1170%2C658&ssl=1","datePublished":"2025-06-25T16:22:37+00:00","dateModified":"2026-03-29T19:14:32+00:00","description":"El sombrero fedora, de ala ancha, Las Monta\u00f1as es un sombrero artesanal elegante. Estilo atemporal y dise\u00f1o exclusivo para almas libres y sofisticadas.","breadcrumb":{"@id":"https:\/\/andreapop.com\/producto\/curso-presencial-de-sombrereria\/#breadcrumb"},"inLanguage":"it-IT","potentialAction":[{"@type":"ReadAction","target":["https:\/\/andreapop.com\/producto\/curso-presencial-de-sombrereria\/"]}]},{"@type":"ImageObject","inLanguage":"it-IT","@id":"https:\/\/andreapop.com\/producto\/curso-presencial-de-sombrereria\/#primaryimage","url":"https:\/\/i0.wp.com\/andreapop.com\/wp-content\/uploads\/2025\/06\/IMG_2087.webp?fit=1170%2C658&ssl=1","contentUrl":"https:\/\/i0.wp.com\/andreapop.com\/wp-content\/uploads\/2025\/06\/IMG_2087.webp?fit=1170%2C658&ssl=1","width":1170,"height":658},{"@type":"BreadcrumbList","@id":"https:\/\/andreapop.com\/producto\/curso-presencial-de-sombrereria\/#breadcrumb","itemListElement":[{"@type":"ListItem","position":1,"name":"Portada","item":"https:\/\/andreapop.com\/"},{"@type":"ListItem","position":2,"name":"Tienda de Sombrerer\u00eda &#8211; Herramientas y Sombreros Artesanales","item":"https:\/\/andreapop.com\/tienda\/"},{"@type":"ListItem","position":3,"name":"CURSO DE SOMBRERERIA &#8211; 25 ABRIL"}]},{"@type":"WebSite","@id":"https:\/\/andreapop.com\/#website","url":"https:\/\/andreapop.com\/","name":"Andrea Pop","description":"Aprende a crear sombreros \u00fanicos y personalizados","publisher":{"@id":"https:\/\/andreapop.com\/#organization"},"alternateName":"Andrea Pop Hat Maker","potentialAction":[{"@type":"SearchAction","target":{"@type":"EntryPoint","urlTemplate":"https:\/\/andreapop.com\/?s={search_term_string}"},"query-input":{"@type":"PropertyValueSpecification","valueRequired":true,"valueName":"search_term_string"}}],"inLanguage":"it-IT"},{"@type":"Organization","@id":"https:\/\/andreapop.com\/#organization","name":"Andrea Pop","url":"https:\/\/andreapop.com\/","logo":{"@type":"ImageObject","inLanguage":"it-IT","@id":"https:\/\/andreapop.com\/#\/schema\/logo\/image\/","url":"https:\/\/andreapop.com\/wp-content\/uploads\/2025\/03\/SILUETA.png","contentUrl":"https:\/\/andreapop.com\/wp-content\/uploads\/2025\/03\/SILUETA.png","width":1920,"height":1080,"caption":"Andrea Pop"},"image":{"@id":"https:\/\/andreapop.com\/#\/schema\/logo\/image\/"},"email":"info@andreapop.com","legalName":"Andrea Pop","foundingDate":"2025-01-01","vatID":"X4653121Z","taxID":"X4653121Z","numberOfEmployees":{"@type":"QuantitativeValue","minValue":"1","maxValue":"10"}}]}},"jetpack_sharing_enabled":true,"_links":{"self":[{"href":"https:\/\/andreapop.com\/it\/wp-json\/wp\/v2\/product\/10892","targetHints":{"allow":["GET"]}}],"collection":[{"href":"https:\/\/andreapop.com\/it\/wp-json\/wp\/v2\/product"}],"about":[{"href":"https:\/\/andreapop.com\/it\/wp-json\/wp\/v2\/types\/product"}],"replies":[{"embeddable":true,"href":"https:\/\/andreapop.com\/it\/wp-json\/wp\/v2\/comments?post=10892"}],"wp:featuredmedia":[{"embeddable":true,"href":"https:\/\/andreapop.com\/it\/wp-json\/wp\/v2\/media\/10948"}],"wp:attachment":[{"href":"https:\/\/andreapop.com\/it\/wp-json\/wp\/v2\/media?parent=10892"}],"wp:term":[{"taxonomy":"product_brand","embeddable":true,"href":"https:\/\/andreapop.com\/it\/wp-json\/wp\/v2\/product_brand?post=10892"},{"taxonomy":"product_cat","embeddable":true,"href":"https:\/\/andreapop.com\/it\/wp-json\/wp\/v2\/product_cat?post=10892"},{"taxonomy":"product_tag","embeddable":true,"href":"https:\/\/andreapop.com\/it\/wp-json\/wp\/v2\/product_tag?post=10892"}],"curies":[{"name":"wp","href":"https:\/\/api.w.org\/{rel}","templated":true}]}}