{"id":8247,"date":"2025-03-04T21:25:15","date_gmt":"2025-03-04T21:25:15","guid":{"rendered":"https:\/\/andreapop.com\/?post_type=product&#038;p=8247"},"modified":"2025-06-21T15:44:44","modified_gmt":"2025-06-21T15:44:44","slug":"sombrero-cattleman-el-cordobes","status":"publish","type":"product","link":"https:\/\/andreapop.com\/it\/product\/sombrero-cattleman-el-cordobes\/","title":{"rendered":"Sombrero Cattleman &#8220;El Cordob\u00e9s&#8221;"},"content":{"rendered":"<p class=\"\" data-start=\"870\" data-end=\"946\"><strong data-start=\"870\" data-end=\"946\">Sombrero cordob\u00e9s Cattleman &#8220;El Cordob\u00e9s&#8221; \u2013 Tradici\u00f3n andaluza con esp\u00edritu vaquero<\/strong><\/p>\n<p class=\"translation-block\" data-start=\"948\" data-end=\"1267\">El <strong data-start=\"951\" data-end=\"994\">sombrero cattleman cordob\u00e9s <\/strong>es una pieza \u00fanica que combina la elegancia del <strong data-start=\"1043\" data-end=\"1071\">sombrero estilo cordob\u00e9s<\/strong> con la presencia imponente del <strong data-start=\"1103\" data-end=\"1130\">sombrero tipo cattleman<\/strong>. Inspirado en la cultura andaluza y el car\u00e1cter del campo, este dise\u00f1o rinde homenaje al esp\u00edritu libre y sofisticado del sur de Espa\u00f1a.<\/p>\n<p class=\"translation-block\" data-start=\"1269\" data-end=\"1615\">Hecho a mano por expertos sombrereros, forma parte de nuestra colecci\u00f3n de <strong data-start=\"1344\" data-end=\"1384\">sombreros artesanos hechos en Espa\u00f1a<\/strong>, donde la calidad, la forma y el alma son protagonistas. Con ala amplia, copa marcada y acabados impecables, este <strong data-start=\"1499\" data-end=\"1528\">sombrero vaquero elegante<\/strong> es ideal para quienes buscan una silueta cl\u00e1sica con una presencia fuerte y aut\u00e9ntica.<\/p>\n<p class=\"translation-block\" data-start=\"1617\" data-end=\"1735\">Ya sea para un evento especial o para el d\u00eda a d\u00eda con car\u00e1cter, <strong data-start=\"1682\" data-end=\"1697\">El Cordob\u00e9s<\/strong> es un sombrero que habla por s\u00ed solo.<\/p>\n<ul>\n<li>Color: crudo<\/li>\n<li>Material: fibra vegetal<\/li>\n<li>Corona: 10 cm<\/li>\n<li>Ala: 9 cm<\/li>\n<li>El color puede ser ligeramente diferente al de la imagen dependiendo de la iluminaci\u00f3n.<\/li>\n<\/ul>\n<p>Le recomendamos encarecidamente que mida su cabeza antes de realizar el pedido y no tome como referencia el tama\u00f1o de otras marcas de sombreros que pueda tener.<\/p>\n<p><span style=\"color: #ffffff;\">Este sombrero fusiona la elegancia del <strong data-start=\"448\" data-end=\"476\">sombrero estilo cordob\u00e9s<\/strong> con la fuerza del <strong data-start=\"495\" data-end=\"522\">sombrero tipo cattleman<\/strong>. De color <strong data-start=\"533\" data-end=\"542\">crudo<\/strong>, con <strong data-start=\"548\" data-end=\"567\">corona de 10 cm<\/strong> y <strong data-start=\"570\" data-end=\"585\">ala de 9 cm<\/strong>, su dise\u00f1o ofrece una silueta imponente y refinada. Elaborado en <strong data-start=\"651\" data-end=\"668\">fibra vegetal<\/strong>, es un <strong data-start=\"676\" data-end=\"697\">sombrero artesano<\/strong> 100% hecho en Espa\u00f1a, ideal para quienes buscan car\u00e1cter, calidad y autenticidad. Parte de nuestra colecci\u00f3n de <strong data-start=\"810\" data-end=\"833\">sombreros artesanos<\/strong>, este modelo destaca por sus l\u00edneas firmes, estilo atemporal y alma andaluza. Un <strong data-start=\"915\" data-end=\"944\">sombrero vaquero elegante<\/strong> pensado para destacar.<\/span><\/p>","protected":false},"excerpt":{"rendered":"<p>Sombrero cordob\u00e9s<\/p>\n<p>Fibra vegetal 100 %<\/p>\n<p>Color crudo, con cinta de color negro.<\/p>\n<p>Hecho artesanalmente en Espa\u00f1a<\/p>","protected":false},"featured_media":10210,"comment_status":"open","ping_status":"closed","template":"","meta":{"inline_featured_image":false},"product_brand":[],"product_cat":[352],"product_tag":[],"class_list":{"0":"post-8247","1":"product","2":"type-product","3":"status-publish","4":"has-post-thumbnail","6":"product_cat-sombreros","8":"first","9":"instock","10":"taxable","11":"shipping-taxable","12":"purchasable","13":"product-type-variable"},"yoast_head":"<!-- This site is optimized with the Yoast SEO Premium plugin v25.3.1 (Yoast SEO v25.4) - https:\/\/yoast.com\/wordpress\/plugins\/seo\/ -->\n<title>Sombrero Cattleman &quot;El Cordob\u00e9s&quot; - Andrea Pop<\/title>\n<meta name=\"description\" content=\"El sombrero cordob\u00e9s cattleman &quot;El Cordob\u00e9s&quot; fusiona tradici\u00f3n andaluza y estilo vaquero. Un sombrero artesano hecho en Espa\u00f1a con dise\u00f1o aut\u00e9ntico.\" \/>\n<meta name=\"robots\" content=\"index, follow, max-snippet:-1, max-image-preview:large, max-video-preview:-1\" \/>\n<link rel=\"canonical\" href=\"https:\/\/andreapop.com\/it\/product\/sombrero-cattleman-el-cordobes\/\" \/>\n<meta property=\"og:locale\" content=\"it_IT\" \/>\n<meta property=\"og:type\" content=\"article\" \/>\n<meta property=\"og:title\" content=\"Sombrero Cattleman &quot;El Cordob\u00e9s&quot;\" \/>\n<meta property=\"og:description\" content=\"El sombrero cordob\u00e9s cattleman &quot;El Cordob\u00e9s&quot; fusiona tradici\u00f3n andaluza y estilo vaquero. Un sombrero artesano hecho en Espa\u00f1a con dise\u00f1o aut\u00e9ntico.\" \/>\n<meta property=\"og:url\" content=\"https:\/\/andreapop.com\/it\/product\/sombrero-cattleman-el-cordobes\/\" \/>\n<meta property=\"og:site_name\" content=\"Andrea Pop\" \/>\n<meta property=\"article:modified_time\" content=\"2025-06-21T15:44:44+00:00\" \/>\n<meta property=\"og:image\" content=\"https:\/\/andreapop.com\/wp-content\/uploads\/2025\/03\/Sombrero-Cordobes-mujer-.webp\" \/>\n\t<meta property=\"og:image:width\" content=\"1600\" \/>\n\t<meta property=\"og:image:height\" content=\"1041\" \/>\n\t<meta property=\"og:image:type\" content=\"image\/webp\" \/>\n<meta name=\"twitter:card\" content=\"summary_large_image\" \/>\n<meta name=\"twitter:label1\" content=\"Tempo di lettura stimato\" \/>\n\t<meta name=\"twitter:data1\" content=\"2 minuti\" \/>\n<script type=\"application\/ld+json\" class=\"yoast-schema-graph\">{\"@context\":\"https:\/\/schema.org\",\"@graph\":[{\"@type\":\"WebPage\",\"@id\":\"https:\/\/andreapop.com\/producto\/sombrero-cattleman-el-cordobes\/\",\"url\":\"https:\/\/andreapop.com\/producto\/sombrero-cattleman-el-cordobes\/\",\"name\":\"Sombrero Cattleman \\\"El Cordob\u00e9s\\\" - Andrea Pop\",\"isPartOf\":{\"@id\":\"https:\/\/andreapop.com\/#website\"},\"primaryImageOfPage\":{\"@id\":\"https:\/\/andreapop.com\/producto\/sombrero-cattleman-el-cordobes\/#primaryimage\"},\"image\":{\"@id\":\"https:\/\/andreapop.com\/producto\/sombrero-cattleman-el-cordobes\/#primaryimage\"},\"thumbnailUrl\":\"https:\/\/i0.wp.com\/andreapop.com\/wp-content\/uploads\/2025\/03\/Sombrero-Cordobes-mujer-.webp?fit=1600%2C1041&ssl=1\",\"datePublished\":\"2025-03-04T21:25:15+00:00\",\"dateModified\":\"2025-06-21T15:44:44+00:00\",\"description\":\"El sombrero cordob\u00e9s cattleman \\\"El Cordob\u00e9s\\\" fusiona tradici\u00f3n andaluza y estilo vaquero. Un sombrero artesano hecho en Espa\u00f1a con dise\u00f1o aut\u00e9ntico.\",\"breadcrumb\":{\"@id\":\"https:\/\/andreapop.com\/producto\/sombrero-cattleman-el-cordobes\/#breadcrumb\"},\"inLanguage\":\"it-IT\",\"potentialAction\":[{\"@type\":\"ReadAction\",\"target\":[\"https:\/\/andreapop.com\/producto\/sombrero-cattleman-el-cordobes\/\"]}]},{\"@type\":\"ImageObject\",\"inLanguage\":\"it-IT\",\"@id\":\"https:\/\/andreapop.com\/producto\/sombrero-cattleman-el-cordobes\/#primaryimage\",\"url\":\"https:\/\/i0.wp.com\/andreapop.com\/wp-content\/uploads\/2025\/03\/Sombrero-Cordobes-mujer-.webp?fit=1600%2C1041&ssl=1\",\"contentUrl\":\"https:\/\/i0.wp.com\/andreapop.com\/wp-content\/uploads\/2025\/03\/Sombrero-Cordobes-mujer-.webp?fit=1600%2C1041&ssl=1\",\"width\":1600,\"height\":1041,\"caption\":\"sombrero cordobes mujer\"},{\"@type\":\"BreadcrumbList\",\"@id\":\"https:\/\/andreapop.com\/producto\/sombrero-cattleman-el-cordobes\/#breadcrumb\",\"itemListElement\":[{\"@type\":\"ListItem\",\"position\":1,\"name\":\"Portada\",\"item\":\"https:\/\/andreapop.com\/\"},{\"@type\":\"ListItem\",\"position\":2,\"name\":\"Tienda de Sombrerer\u00eda &#8211; Herramientas y Sombreros Artesanales\",\"item\":\"https:\/\/andreapop.com\/tienda\/\"},{\"@type\":\"ListItem\",\"position\":3,\"name\":\"Sombrero Cattleman \u00abEl Cordob\u00e9s\u00bb\"}]},{\"@type\":\"WebSite\",\"@id\":\"https:\/\/andreapop.com\/#website\",\"url\":\"https:\/\/andreapop.com\/\",\"name\":\"Andrea Pop\",\"description\":\"Aprende a crear sombreros \u00fanicos y personalizados\",\"publisher\":{\"@id\":\"https:\/\/andreapop.com\/#organization\"},\"alternateName\":\"Andrea Pop Hat Maker\",\"potentialAction\":[{\"@type\":\"SearchAction\",\"target\":{\"@type\":\"EntryPoint\",\"urlTemplate\":\"https:\/\/andreapop.com\/?s={search_term_string}\"},\"query-input\":{\"@type\":\"PropertyValueSpecification\",\"valueRequired\":true,\"valueName\":\"search_term_string\"}}],\"inLanguage\":\"it-IT\"},{\"@type\":\"Organization\",\"@id\":\"https:\/\/andreapop.com\/#organization\",\"name\":\"Andrea Pop\",\"url\":\"https:\/\/andreapop.com\/\",\"logo\":{\"@type\":\"ImageObject\",\"inLanguage\":\"it-IT\",\"@id\":\"https:\/\/andreapop.com\/#\/schema\/logo\/image\/\",\"url\":\"https:\/\/andreapop.com\/wp-content\/uploads\/2025\/03\/SILUETA.png\",\"contentUrl\":\"https:\/\/andreapop.com\/wp-content\/uploads\/2025\/03\/SILUETA.png\",\"width\":1920,\"height\":1080,\"caption\":\"Andrea Pop\"},\"image\":{\"@id\":\"https:\/\/andreapop.com\/#\/schema\/logo\/image\/\"},\"email\":\"info@andreapop.com\",\"legalName\":\"Andrea Pop\",\"foundingDate\":\"2025-01-01\",\"vatID\":\"X4653121Z\",\"taxID\":\"X4653121Z\",\"numberOfEmployees\":{\"@type\":\"QuantitativeValue\",\"minValue\":\"1\",\"maxValue\":\"10\"}}]}<\/script>\n<!-- \/ Yoast SEO Premium plugin. -->","yoast_head_json":{"title":"Sombrero Cattleman \"El Cordob\u00e9s\" - Andrea Pop","description":"El sombrero cordob\u00e9s cattleman \"El Cordob\u00e9s\" fusiona tradici\u00f3n andaluza y estilo vaquero. Un sombrero artesano hecho en Espa\u00f1a con dise\u00f1o aut\u00e9ntico.","robots":{"index":"index","follow":"follow","max-snippet":"max-snippet:-1","max-image-preview":"max-image-preview:large","max-video-preview":"max-video-preview:-1"},"canonical":"https:\/\/andreapop.com\/it\/product\/sombrero-cattleman-el-cordobes\/","og_locale":"it_IT","og_type":"article","og_title":"Sombrero Cattleman \"El Cordob\u00e9s\"","og_description":"El sombrero cordob\u00e9s cattleman \"El Cordob\u00e9s\" fusiona tradici\u00f3n andaluza y estilo vaquero. Un sombrero artesano hecho en Espa\u00f1a con dise\u00f1o aut\u00e9ntico.","og_url":"https:\/\/andreapop.com\/it\/product\/sombrero-cattleman-el-cordobes\/","og_site_name":"Andrea Pop","article_modified_time":"2025-06-21T15:44:44+00:00","og_image":[{"width":1600,"height":1041,"url":"https:\/\/andreapop.com\/wp-content\/uploads\/2025\/03\/Sombrero-Cordobes-mujer-.webp","type":"image\/webp"}],"twitter_card":"summary_large_image","twitter_misc":{"Tempo di lettura stimato":"2 minuti"},"schema":{"@context":"https:\/\/schema.org","@graph":[{"@type":"WebPage","@id":"https:\/\/andreapop.com\/producto\/sombrero-cattleman-el-cordobes\/","url":"https:\/\/andreapop.com\/producto\/sombrero-cattleman-el-cordobes\/","name":"Sombrero Cattleman \"El Cordob\u00e9s\" - Andrea Pop","isPartOf":{"@id":"https:\/\/andreapop.com\/#website"},"primaryImageOfPage":{"@id":"https:\/\/andreapop.com\/producto\/sombrero-cattleman-el-cordobes\/#primaryimage"},"image":{"@id":"https:\/\/andreapop.com\/producto\/sombrero-cattleman-el-cordobes\/#primaryimage"},"thumbnailUrl":"https:\/\/i0.wp.com\/andreapop.com\/wp-content\/uploads\/2025\/03\/Sombrero-Cordobes-mujer-.webp?fit=1600%2C1041&ssl=1","datePublished":"2025-03-04T21:25:15+00:00","dateModified":"2025-06-21T15:44:44+00:00","description":"El sombrero cordob\u00e9s cattleman \"El Cordob\u00e9s\" fusiona tradici\u00f3n andaluza y estilo vaquero. Un sombrero artesano hecho en Espa\u00f1a con dise\u00f1o aut\u00e9ntico.","breadcrumb":{"@id":"https:\/\/andreapop.com\/producto\/sombrero-cattleman-el-cordobes\/#breadcrumb"},"inLanguage":"it-IT","potentialAction":[{"@type":"ReadAction","target":["https:\/\/andreapop.com\/producto\/sombrero-cattleman-el-cordobes\/"]}]},{"@type":"ImageObject","inLanguage":"it-IT","@id":"https:\/\/andreapop.com\/producto\/sombrero-cattleman-el-cordobes\/#primaryimage","url":"https:\/\/i0.wp.com\/andreapop.com\/wp-content\/uploads\/2025\/03\/Sombrero-Cordobes-mujer-.webp?fit=1600%2C1041&ssl=1","contentUrl":"https:\/\/i0.wp.com\/andreapop.com\/wp-content\/uploads\/2025\/03\/Sombrero-Cordobes-mujer-.webp?fit=1600%2C1041&ssl=1","width":1600,"height":1041,"caption":"sombrero cordobes mujer"},{"@type":"BreadcrumbList","@id":"https:\/\/andreapop.com\/producto\/sombrero-cattleman-el-cordobes\/#breadcrumb","itemListElement":[{"@type":"ListItem","position":1,"name":"Portada","item":"https:\/\/andreapop.com\/"},{"@type":"ListItem","position":2,"name":"Tienda de Sombrerer\u00eda &#8211; Herramientas y Sombreros Artesanales","item":"https:\/\/andreapop.com\/tienda\/"},{"@type":"ListItem","position":3,"name":"Sombrero Cattleman \u00abEl Cordob\u00e9s\u00bb"}]},{"@type":"WebSite","@id":"https:\/\/andreapop.com\/#website","url":"https:\/\/andreapop.com\/","name":"Andrea Pop","description":"Aprende a crear sombreros \u00fanicos y personalizados","publisher":{"@id":"https:\/\/andreapop.com\/#organization"},"alternateName":"Andrea Pop Hat Maker","potentialAction":[{"@type":"SearchAction","target":{"@type":"EntryPoint","urlTemplate":"https:\/\/andreapop.com\/?s={search_term_string}"},"query-input":{"@type":"PropertyValueSpecification","valueRequired":true,"valueName":"search_term_string"}}],"inLanguage":"it-IT"},{"@type":"Organization","@id":"https:\/\/andreapop.com\/#organization","name":"Andrea Pop","url":"https:\/\/andreapop.com\/","logo":{"@type":"ImageObject","inLanguage":"it-IT","@id":"https:\/\/andreapop.com\/#\/schema\/logo\/image\/","url":"https:\/\/andreapop.com\/wp-content\/uploads\/2025\/03\/SILUETA.png","contentUrl":"https:\/\/andreapop.com\/wp-content\/uploads\/2025\/03\/SILUETA.png","width":1920,"height":1080,"caption":"Andrea Pop"},"image":{"@id":"https:\/\/andreapop.com\/#\/schema\/logo\/image\/"},"email":"info@andreapop.com","legalName":"Andrea Pop","foundingDate":"2025-01-01","vatID":"X4653121Z","taxID":"X4653121Z","numberOfEmployees":{"@type":"QuantitativeValue","minValue":"1","maxValue":"10"}}]}},"jetpack_sharing_enabled":true,"_links":{"self":[{"href":"https:\/\/andreapop.com\/it\/wp-json\/wp\/v2\/product\/8247","targetHints":{"allow":["GET"]}}],"collection":[{"href":"https:\/\/andreapop.com\/it\/wp-json\/wp\/v2\/product"}],"about":[{"href":"https:\/\/andreapop.com\/it\/wp-json\/wp\/v2\/types\/product"}],"replies":[{"embeddable":true,"href":"https:\/\/andreapop.com\/it\/wp-json\/wp\/v2\/comments?post=8247"}],"wp:featuredmedia":[{"embeddable":true,"href":"https:\/\/andreapop.com\/it\/wp-json\/wp\/v2\/media\/10210"}],"wp:attachment":[{"href":"https:\/\/andreapop.com\/it\/wp-json\/wp\/v2\/media?parent=8247"}],"wp:term":[{"taxonomy":"product_brand","embeddable":true,"href":"https:\/\/andreapop.com\/it\/wp-json\/wp\/v2\/product_brand?post=8247"},{"taxonomy":"product_cat","embeddable":true,"href":"https:\/\/andreapop.com\/it\/wp-json\/wp\/v2\/product_cat?post=8247"},{"taxonomy":"product_tag","embeddable":true,"href":"https:\/\/andreapop.com\/it\/wp-json\/wp\/v2\/product_tag?post=8247"}],"curies":[{"name":"wp","href":"https:\/\/api.w.org\/{rel}","templated":true}]}}