{"id":8282,"date":"2025-03-04T22:15:36","date_gmt":"2025-03-04T22:15:36","guid":{"rendered":"https:\/\/andreapop.com\/?post_type=product&#038;p=8282"},"modified":"2025-06-21T15:43:55","modified_gmt":"2025-06-21T15:43:55","slug":"sombrero-de-corte-elegante","status":"publish","type":"product","link":"https:\/\/andreapop.com\/it\/product\/sombrero-de-corte-elegante\/","title":{"rendered":"Sombrero Fedora Elegante &#8220;Las Monta\u00f1as&#8221;"},"content":{"rendered":"<p data-start=\"751\" data-end=\"821\"><strong data-start=\"751\" data-end=\"821\">Sombrero Fedora elegante Las Monta\u00f1as \u2013 Elegancia serena y car\u00e1cter natural<\/strong><\/p>\n<p data-start=\"823\" data-end=\"1096\">Este <strong data-start=\"826\" data-end=\"858\">sombrero\u00a0 de ala ancha &#8220;Las Monta\u00f1as&#8221;<\/strong> es un homenaje a la libertad, la introspecci\u00f3n y la conexi\u00f3n con la naturaleza. Este <strong data-start=\"944\" data-end=\"966\">sombrero artesanal<\/strong> ha sido creado con l\u00edneas limpias y un corte elegante, perfecto para quienes buscan una pieza refinada con un esp\u00edritu aut\u00e9ntico.<\/p>\n<p data-start=\"1098\" data-end=\"1390\" class=\"translation-block\">Confeccionado a mano por expertos sombrereros, forma parte de nuestra exclusiva l\u00ednea de <strong data-start=\"1187\" data-end=\"1217\">sombreros fedoras elegantes hechos en Espa\u00f1a<\/strong>, donde cada detalle refleja calidad, tradici\u00f3n y sensibilidad est\u00e9tica. Su dise\u00f1o vers\u00e1til lo convierte en un complemento ideal tanto para looks casuales como sofisticados.<\/p>\n<p data-start=\"1392\" data-end=\"1502\">El sombrero Fedora Las Monta\u00f1as de ala ancha, consta de un elegante look y no es solo un accesorio, es una invitaci\u00f3n a vivir con prop\u00f3sito, estilo y profundidad.<\/p>\n<ul>\n<li>Color: gris claro<\/li>\n<li>Material: fieltro 100% pelo de conejo<\/li>\n<li>Corona: 11,5 cm<\/li>\n<li>Ala: 9 cm<\/li>\n<li>El color puede ser ligeramente diferente al de la imagen dependiendo de la iluminaci\u00f3n.<\/li>\n<\/ul>\n<p>Le recomendamos encarecidamente que mida su cabeza antes de realizar el pedido y no tome como referencia el tama\u00f1o de otras marcas de sombreros que pueda tener.<\/p>\n<p><span style=\"color: #ffffff;\">Il <strong data-start=\"284\" data-end=\"316\">sombrero fedora Las Monta\u00f1as<\/strong> es un s\u00edmbolo de estilo y autenticidad. Dise\u00f1ado con un corte elegante y fabricado a mano en Espa\u00f1a, es parte de nuestra colecci\u00f3n de <strong data-start=\"451\" data-end=\"474\">sombreros artesanos<\/strong>. Este <strong data-start=\"481\" data-end=\"503\">sombrero artesanal<\/strong> une tradici\u00f3n y dise\u00f1o atemporal para quienes valoran la calidad. Forma parte de nuestros exclusivos <strong data-start=\"605\" data-end=\"635\">sombreros hechos en Espa\u00f1a<\/strong>, creados para esp\u00edritus libres que aprecian la distinci\u00f3n y el detalle.<\/span><\/p>","protected":false},"excerpt":{"rendered":"<p>Sombrero Fedora<\/p>\n<p>Fieltro 100% Pelo de Conejo<\/p>\n<p>Color gris claro, con paisaje de monta\u00f1a y estrellas bordados a mano.<\/p>\n<p>Hecho artesanalmente en Espa\u00f1a<\/p>","protected":false},"featured_media":10206,"comment_status":"open","ping_status":"closed","template":"","meta":{"inline_featured_image":false},"product_brand":[],"product_cat":[352],"product_tag":[],"class_list":{"0":"post-8282","1":"product","2":"type-product","3":"status-publish","4":"has-post-thumbnail","6":"product_cat-sombreros","8":"first","9":"instock","10":"taxable","11":"shipping-taxable","12":"purchasable","13":"product-type-variable"},"yoast_head":"<!-- This site is optimized with the Yoast SEO Premium plugin v25.3.1 (Yoast SEO v25.4) - https:\/\/yoast.com\/wordpress\/plugins\/seo\/ -->\n<title>Sombrero Fedora Elegante &quot;Las Monta\u00f1as&quot; - Andrea Pop<\/title>\n<meta name=\"description\" content=\"El sombrero fedora, de ala ancha, Las Monta\u00f1as es un sombrero artesanal elegante. Estilo atemporal y dise\u00f1o exclusivo para almas libres y sofisticadas.\" \/>\n<meta name=\"robots\" content=\"index, follow, max-snippet:-1, max-image-preview:large, max-video-preview:-1\" \/>\n<link rel=\"canonical\" href=\"https:\/\/andreapop.com\/it\/product\/sombrero-de-corte-elegante\/\" \/>\n<meta property=\"og:locale\" content=\"it_IT\" \/>\n<meta property=\"og:type\" content=\"article\" \/>\n<meta property=\"og:title\" content=\"Sombrero Fedora Elegante &quot;Las Monta\u00f1as&quot;\" \/>\n<meta property=\"og:description\" content=\"El sombrero fedora, de ala ancha, Las Monta\u00f1as es un sombrero artesanal elegante. Estilo atemporal y dise\u00f1o exclusivo para almas libres y sofisticadas.\" \/>\n<meta property=\"og:url\" content=\"https:\/\/andreapop.com\/it\/product\/sombrero-de-corte-elegante\/\" \/>\n<meta property=\"og:site_name\" content=\"Andrea Pop\" \/>\n<meta property=\"article:modified_time\" content=\"2025-06-21T15:43:55+00:00\" \/>\n<meta property=\"og:image\" content=\"https:\/\/andreapop.com\/wp-content\/uploads\/2025\/03\/Sobrero-Fedora-Las-Montanas.webp\" \/>\n\t<meta property=\"og:image:width\" content=\"1600\" \/>\n\t<meta property=\"og:image:height\" content=\"1019\" \/>\n\t<meta property=\"og:image:type\" content=\"image\/webp\" \/>\n<meta name=\"twitter:card\" content=\"summary_large_image\" \/>\n<meta name=\"twitter:label1\" content=\"Tempo di lettura stimato\" \/>\n\t<meta name=\"twitter:data1\" content=\"2 minuti\" \/>\n<script type=\"application\/ld+json\" class=\"yoast-schema-graph\">{\"@context\":\"https:\/\/schema.org\",\"@graph\":[{\"@type\":\"WebPage\",\"@id\":\"https:\/\/andreapop.com\/producto\/sombrero-de-corte-elegante\/\",\"url\":\"https:\/\/andreapop.com\/producto\/sombrero-de-corte-elegante\/\",\"name\":\"Sombrero Fedora Elegante \\\"Las Monta\u00f1as\\\" - Andrea Pop\",\"isPartOf\":{\"@id\":\"https:\/\/andreapop.com\/#website\"},\"primaryImageOfPage\":{\"@id\":\"https:\/\/andreapop.com\/producto\/sombrero-de-corte-elegante\/#primaryimage\"},\"image\":{\"@id\":\"https:\/\/andreapop.com\/producto\/sombrero-de-corte-elegante\/#primaryimage\"},\"thumbnailUrl\":\"https:\/\/i0.wp.com\/andreapop.com\/wp-content\/uploads\/2025\/03\/Sobrero-Fedora-Las-Montanas.webp?fit=1600%2C1019&ssl=1\",\"datePublished\":\"2025-03-04T22:15:36+00:00\",\"dateModified\":\"2025-06-21T15:43:55+00:00\",\"description\":\"El sombrero fedora, de ala ancha, Las Monta\u00f1as es un sombrero artesanal elegante. Estilo atemporal y dise\u00f1o exclusivo para almas libres y sofisticadas.\",\"breadcrumb\":{\"@id\":\"https:\/\/andreapop.com\/producto\/sombrero-de-corte-elegante\/#breadcrumb\"},\"inLanguage\":\"it-IT\",\"potentialAction\":[{\"@type\":\"ReadAction\",\"target\":[\"https:\/\/andreapop.com\/producto\/sombrero-de-corte-elegante\/\"]}]},{\"@type\":\"ImageObject\",\"inLanguage\":\"it-IT\",\"@id\":\"https:\/\/andreapop.com\/producto\/sombrero-de-corte-elegante\/#primaryimage\",\"url\":\"https:\/\/i0.wp.com\/andreapop.com\/wp-content\/uploads\/2025\/03\/Sobrero-Fedora-Las-Montanas.webp?fit=1600%2C1019&ssl=1\",\"contentUrl\":\"https:\/\/i0.wp.com\/andreapop.com\/wp-content\/uploads\/2025\/03\/Sobrero-Fedora-Las-Montanas.webp?fit=1600%2C1019&ssl=1\",\"width\":1600,\"height\":1019,\"caption\":\"sombrero fedora artesanal Las Monta\u00f1as\"},{\"@type\":\"BreadcrumbList\",\"@id\":\"https:\/\/andreapop.com\/producto\/sombrero-de-corte-elegante\/#breadcrumb\",\"itemListElement\":[{\"@type\":\"ListItem\",\"position\":1,\"name\":\"Portada\",\"item\":\"https:\/\/andreapop.com\/\"},{\"@type\":\"ListItem\",\"position\":2,\"name\":\"Tienda de Sombrerer\u00eda &#8211; Herramientas y Sombreros Artesanales\",\"item\":\"https:\/\/andreapop.com\/tienda\/\"},{\"@type\":\"ListItem\",\"position\":3,\"name\":\"Sombrero Fedora Elegante &#8220;Las Monta\u00f1as&#8221;\"}]},{\"@type\":\"WebSite\",\"@id\":\"https:\/\/andreapop.com\/#website\",\"url\":\"https:\/\/andreapop.com\/\",\"name\":\"Andrea Pop\",\"description\":\"Aprende a crear sombreros \u00fanicos y personalizados\",\"publisher\":{\"@id\":\"https:\/\/andreapop.com\/#organization\"},\"alternateName\":\"Andrea Pop Hat Maker\",\"potentialAction\":[{\"@type\":\"SearchAction\",\"target\":{\"@type\":\"EntryPoint\",\"urlTemplate\":\"https:\/\/andreapop.com\/?s={search_term_string}\"},\"query-input\":{\"@type\":\"PropertyValueSpecification\",\"valueRequired\":true,\"valueName\":\"search_term_string\"}}],\"inLanguage\":\"it-IT\"},{\"@type\":\"Organization\",\"@id\":\"https:\/\/andreapop.com\/#organization\",\"name\":\"Andrea Pop\",\"url\":\"https:\/\/andreapop.com\/\",\"logo\":{\"@type\":\"ImageObject\",\"inLanguage\":\"it-IT\",\"@id\":\"https:\/\/andreapop.com\/#\/schema\/logo\/image\/\",\"url\":\"https:\/\/andreapop.com\/wp-content\/uploads\/2025\/03\/SILUETA.png\",\"contentUrl\":\"https:\/\/andreapop.com\/wp-content\/uploads\/2025\/03\/SILUETA.png\",\"width\":1920,\"height\":1080,\"caption\":\"Andrea Pop\"},\"image\":{\"@id\":\"https:\/\/andreapop.com\/#\/schema\/logo\/image\/\"},\"email\":\"info@andreapop.com\",\"legalName\":\"Andrea Pop\",\"foundingDate\":\"2025-01-01\",\"vatID\":\"X4653121Z\",\"taxID\":\"X4653121Z\",\"numberOfEmployees\":{\"@type\":\"QuantitativeValue\",\"minValue\":\"1\",\"maxValue\":\"10\"}}]}<\/script>\n<!-- \/ Yoast SEO Premium plugin. -->","yoast_head_json":{"title":"Sombrero Fedora Elegante \"Las Monta\u00f1as\" - Andrea Pop","description":"El sombrero fedora, de ala ancha, Las Monta\u00f1as es un sombrero artesanal elegante. Estilo atemporal y dise\u00f1o exclusivo para almas libres y sofisticadas.","robots":{"index":"index","follow":"follow","max-snippet":"max-snippet:-1","max-image-preview":"max-image-preview:large","max-video-preview":"max-video-preview:-1"},"canonical":"https:\/\/andreapop.com\/it\/product\/sombrero-de-corte-elegante\/","og_locale":"it_IT","og_type":"article","og_title":"Sombrero Fedora Elegante \"Las Monta\u00f1as\"","og_description":"El sombrero fedora, de ala ancha, Las Monta\u00f1as es un sombrero artesanal elegante. Estilo atemporal y dise\u00f1o exclusivo para almas libres y sofisticadas.","og_url":"https:\/\/andreapop.com\/it\/product\/sombrero-de-corte-elegante\/","og_site_name":"Andrea Pop","article_modified_time":"2025-06-21T15:43:55+00:00","og_image":[{"width":1600,"height":1019,"url":"https:\/\/andreapop.com\/wp-content\/uploads\/2025\/03\/Sobrero-Fedora-Las-Montanas.webp","type":"image\/webp"}],"twitter_card":"summary_large_image","twitter_misc":{"Tempo di lettura stimato":"2 minuti"},"schema":{"@context":"https:\/\/schema.org","@graph":[{"@type":"WebPage","@id":"https:\/\/andreapop.com\/producto\/sombrero-de-corte-elegante\/","url":"https:\/\/andreapop.com\/producto\/sombrero-de-corte-elegante\/","name":"Sombrero Fedora Elegante \"Las Monta\u00f1as\" - Andrea Pop","isPartOf":{"@id":"https:\/\/andreapop.com\/#website"},"primaryImageOfPage":{"@id":"https:\/\/andreapop.com\/producto\/sombrero-de-corte-elegante\/#primaryimage"},"image":{"@id":"https:\/\/andreapop.com\/producto\/sombrero-de-corte-elegante\/#primaryimage"},"thumbnailUrl":"https:\/\/i0.wp.com\/andreapop.com\/wp-content\/uploads\/2025\/03\/Sobrero-Fedora-Las-Montanas.webp?fit=1600%2C1019&ssl=1","datePublished":"2025-03-04T22:15:36+00:00","dateModified":"2025-06-21T15:43:55+00:00","description":"El sombrero fedora, de ala ancha, Las Monta\u00f1as es un sombrero artesanal elegante. Estilo atemporal y dise\u00f1o exclusivo para almas libres y sofisticadas.","breadcrumb":{"@id":"https:\/\/andreapop.com\/producto\/sombrero-de-corte-elegante\/#breadcrumb"},"inLanguage":"it-IT","potentialAction":[{"@type":"ReadAction","target":["https:\/\/andreapop.com\/producto\/sombrero-de-corte-elegante\/"]}]},{"@type":"ImageObject","inLanguage":"it-IT","@id":"https:\/\/andreapop.com\/producto\/sombrero-de-corte-elegante\/#primaryimage","url":"https:\/\/i0.wp.com\/andreapop.com\/wp-content\/uploads\/2025\/03\/Sobrero-Fedora-Las-Montanas.webp?fit=1600%2C1019&ssl=1","contentUrl":"https:\/\/i0.wp.com\/andreapop.com\/wp-content\/uploads\/2025\/03\/Sobrero-Fedora-Las-Montanas.webp?fit=1600%2C1019&ssl=1","width":1600,"height":1019,"caption":"sombrero fedora artesanal Las Monta\u00f1as"},{"@type":"BreadcrumbList","@id":"https:\/\/andreapop.com\/producto\/sombrero-de-corte-elegante\/#breadcrumb","itemListElement":[{"@type":"ListItem","position":1,"name":"Portada","item":"https:\/\/andreapop.com\/"},{"@type":"ListItem","position":2,"name":"Tienda de Sombrerer\u00eda &#8211; Herramientas y Sombreros Artesanales","item":"https:\/\/andreapop.com\/tienda\/"},{"@type":"ListItem","position":3,"name":"Sombrero Fedora Elegante &#8220;Las Monta\u00f1as&#8221;"}]},{"@type":"WebSite","@id":"https:\/\/andreapop.com\/#website","url":"https:\/\/andreapop.com\/","name":"Andrea Pop","description":"Aprende a crear sombreros \u00fanicos y personalizados","publisher":{"@id":"https:\/\/andreapop.com\/#organization"},"alternateName":"Andrea Pop Hat Maker","potentialAction":[{"@type":"SearchAction","target":{"@type":"EntryPoint","urlTemplate":"https:\/\/andreapop.com\/?s={search_term_string}"},"query-input":{"@type":"PropertyValueSpecification","valueRequired":true,"valueName":"search_term_string"}}],"inLanguage":"it-IT"},{"@type":"Organization","@id":"https:\/\/andreapop.com\/#organization","name":"Andrea Pop","url":"https:\/\/andreapop.com\/","logo":{"@type":"ImageObject","inLanguage":"it-IT","@id":"https:\/\/andreapop.com\/#\/schema\/logo\/image\/","url":"https:\/\/andreapop.com\/wp-content\/uploads\/2025\/03\/SILUETA.png","contentUrl":"https:\/\/andreapop.com\/wp-content\/uploads\/2025\/03\/SILUETA.png","width":1920,"height":1080,"caption":"Andrea Pop"},"image":{"@id":"https:\/\/andreapop.com\/#\/schema\/logo\/image\/"},"email":"info@andreapop.com","legalName":"Andrea Pop","foundingDate":"2025-01-01","vatID":"X4653121Z","taxID":"X4653121Z","numberOfEmployees":{"@type":"QuantitativeValue","minValue":"1","maxValue":"10"}}]}},"jetpack_sharing_enabled":true,"_links":{"self":[{"href":"https:\/\/andreapop.com\/it\/wp-json\/wp\/v2\/product\/8282","targetHints":{"allow":["GET"]}}],"collection":[{"href":"https:\/\/andreapop.com\/it\/wp-json\/wp\/v2\/product"}],"about":[{"href":"https:\/\/andreapop.com\/it\/wp-json\/wp\/v2\/types\/product"}],"replies":[{"embeddable":true,"href":"https:\/\/andreapop.com\/it\/wp-json\/wp\/v2\/comments?post=8282"}],"wp:featuredmedia":[{"embeddable":true,"href":"https:\/\/andreapop.com\/it\/wp-json\/wp\/v2\/media\/10206"}],"wp:attachment":[{"href":"https:\/\/andreapop.com\/it\/wp-json\/wp\/v2\/media?parent=8282"}],"wp:term":[{"taxonomy":"product_brand","embeddable":true,"href":"https:\/\/andreapop.com\/it\/wp-json\/wp\/v2\/product_brand?post=8282"},{"taxonomy":"product_cat","embeddable":true,"href":"https:\/\/andreapop.com\/it\/wp-json\/wp\/v2\/product_cat?post=8282"},{"taxonomy":"product_tag","embeddable":true,"href":"https:\/\/andreapop.com\/it\/wp-json\/wp\/v2\/product_tag?post=8282"}],"curies":[{"name":"wp","href":"https:\/\/api.w.org\/{rel}","templated":true}]}}