{"id":8285,"date":"2025-03-04T22:16:25","date_gmt":"2025-03-04T22:16:25","guid":{"rendered":"https:\/\/andreapop.com\/?post_type=product&#038;p=8285"},"modified":"2025-06-21T15:41:05","modified_gmt":"2025-06-21T15:41:05","slug":"sombrero-fedora-la-justicia","status":"publish","type":"product","link":"https:\/\/andreapop.com\/it\/product\/sombrero-fedora-la-justicia\/","title":{"rendered":"Sombrero Fedora &#8220;La Justicia&#8221;"},"content":{"rendered":"<p data-start=\"697\" data-end=\"768\"><strong data-start=\"697\" data-end=\"768\">Sombrero Fedora La Justicia \u2013 Estilo, car\u00e1cter y artesan\u00eda espa\u00f1ola<\/strong><\/p>\n<p data-start=\"770\" data-end=\"1043\" class=\"translation-block\">El <strong data-start=\"773\" data-end=\"804\">sombrero fedora La Justicia<\/strong> es una pieza que transmite fuerza, autenticidad y elegancia. Inspirado en el estilo cl\u00e1sico del <strong data-start=\"901\" data-end=\"920\">sombrero fedora<\/strong>, este dise\u00f1o exclusivo de Andrea Pop destaca por su silueta firme, ala bien definida y detalles cuidadosamente elaborados.<\/p>\n<p data-start=\"1045\" data-end=\"1275\" class=\"translation-block\">Cada unidad es un <strong data-start=\"1063\" data-end=\"1085\">sombrero artesanal<\/strong>, confeccionado a mano por expertos sombrereros. Este modelo forma parte de nuestra colecci\u00f3n de <strong data-start=\"1182\" data-end=\"1212\">sombreros hechos en Espa\u00f1a<\/strong>, donde la tradici\u00f3n y la calidad se unen en un producto \u00fanico.<\/p>\n<p data-start=\"1277\" data-end=\"1448\">Ideal para quienes buscan destacar con una pieza de car\u00e1cter, el Fedora La Justicia es m\u00e1s que un accesorio: es una declaraci\u00f3n de estilo con ra\u00edces en la artesan\u00eda local.<\/p>\n<p>Una vez adquirido el sombrero, y para el caso de no poder customizar con la misma carta su sombrero, nos pondremos en contacto con usted y se le asignar\u00e1 la carta que mejor se adapte a su personalidad<\/p>\n<p>&nbsp;<\/p>\n<ul>\n<li>Sombrero hecho artesanalmente en Espa\u00f1a<\/li>\n<li>Color: sombrero rosa fucsia<\/li>\n<li>Material: sombrero fieltro 100% lana merino<\/li>\n<li>Corona sombrero: 11,5 cm<\/li>\n<li>Ala sombrero: 9 cm<\/li>\n<li>El color puede ser ligeramente diferente al de la imagen dependiendo de la iluminaci\u00f3n.<\/li>\n<\/ul>\n<p>Le recomendamos encarecidamente que mida su cabeza antes de realizar el pedido y no tome como referencia el tama\u00f1o de otras marcas de sombreros que pueda tener.<\/p>","protected":false},"excerpt":{"rendered":"<p>Sombrero Fedora<\/p>\n<p>Fieltro lana merino 100 %<\/p>\n<p>Color rosa fucsia, con motivos vikingos y ligeramente quemado<\/p>\n<p>*<strong>La carta puede variar<\/strong> ya que forma parte de una baraja de tarot<\/p>","protected":false},"featured_media":10202,"comment_status":"open","ping_status":"closed","template":"","meta":{"inline_featured_image":false},"product_brand":[],"product_cat":[352],"product_tag":[],"class_list":{"0":"post-8285","1":"product","2":"type-product","3":"status-publish","4":"has-post-thumbnail","6":"product_cat-sombreros","8":"first","9":"instock","10":"taxable","11":"shipping-taxable","12":"purchasable","13":"product-type-variable"},"yoast_head":"<!-- This site is optimized with the Yoast SEO Premium plugin v25.3.1 (Yoast SEO v25.4) - https:\/\/yoast.com\/wordpress\/plugins\/seo\/ -->\n<title>Sombrero Fedora &quot;La Justicia&quot; - Andrea Pop<\/title>\n<meta name=\"description\" content=\"El sombrero fedora La Justicia es un sombrero artesanal hecho en Espa\u00f1a con dise\u00f1o \u00fanico y car\u00e1cter. Descubre elegancia y autenticidad en cada detalle.\" \/>\n<meta name=\"robots\" content=\"index, follow, max-snippet:-1, max-image-preview:large, max-video-preview:-1\" \/>\n<link rel=\"canonical\" href=\"https:\/\/andreapop.com\/it\/product\/sombrero-fedora-la-justicia\/\" \/>\n<meta property=\"og:locale\" content=\"it_IT\" \/>\n<meta property=\"og:type\" content=\"article\" \/>\n<meta property=\"og:title\" content=\"Sombrero Fedora &quot;La Justicia&quot;\" \/>\n<meta property=\"og:description\" content=\"El sombrero fedora La Justicia es un sombrero artesanal hecho en Espa\u00f1a con dise\u00f1o \u00fanico y car\u00e1cter. Descubre elegancia y autenticidad en cada detalle.\" \/>\n<meta property=\"og:url\" content=\"https:\/\/andreapop.com\/it\/product\/sombrero-fedora-la-justicia\/\" \/>\n<meta property=\"og:site_name\" content=\"Andrea Pop\" \/>\n<meta property=\"article:modified_time\" content=\"2025-06-21T15:41:05+00:00\" \/>\n<meta property=\"og:image\" content=\"https:\/\/andreapop.com\/wp-content\/uploads\/2025\/03\/Sombrero-Fedora-La-Justicia-.webp\" \/>\n\t<meta property=\"og:image:width\" content=\"845\" \/>\n\t<meta property=\"og:image:height\" content=\"566\" \/>\n\t<meta property=\"og:image:type\" content=\"image\/webp\" \/>\n<meta name=\"twitter:card\" content=\"summary_large_image\" \/>\n<meta name=\"twitter:label1\" content=\"Tempo di lettura stimato\" \/>\n\t<meta name=\"twitter:data1\" content=\"2 minuti\" \/>\n<script type=\"application\/ld+json\" class=\"yoast-schema-graph\">{\"@context\":\"https:\/\/schema.org\",\"@graph\":[{\"@type\":\"WebPage\",\"@id\":\"https:\/\/andreapop.com\/producto\/sombrero-fedora-la-justicia\/\",\"url\":\"https:\/\/andreapop.com\/producto\/sombrero-fedora-la-justicia\/\",\"name\":\"Sombrero Fedora \\\"La Justicia\\\" - Andrea Pop\",\"isPartOf\":{\"@id\":\"https:\/\/andreapop.com\/#website\"},\"primaryImageOfPage\":{\"@id\":\"https:\/\/andreapop.com\/producto\/sombrero-fedora-la-justicia\/#primaryimage\"},\"image\":{\"@id\":\"https:\/\/andreapop.com\/producto\/sombrero-fedora-la-justicia\/#primaryimage\"},\"thumbnailUrl\":\"https:\/\/i0.wp.com\/andreapop.com\/wp-content\/uploads\/2025\/03\/Sombrero-Fedora-La-Justicia-.webp?fit=845%2C566&ssl=1\",\"datePublished\":\"2025-03-04T22:16:25+00:00\",\"dateModified\":\"2025-06-21T15:41:05+00:00\",\"description\":\"El sombrero fedora La Justicia es un sombrero artesanal hecho en Espa\u00f1a con dise\u00f1o \u00fanico y car\u00e1cter. Descubre elegancia y autenticidad en cada detalle.\",\"breadcrumb\":{\"@id\":\"https:\/\/andreapop.com\/producto\/sombrero-fedora-la-justicia\/#breadcrumb\"},\"inLanguage\":\"it-IT\",\"potentialAction\":[{\"@type\":\"ReadAction\",\"target\":[\"https:\/\/andreapop.com\/producto\/sombrero-fedora-la-justicia\/\"]}]},{\"@type\":\"ImageObject\",\"inLanguage\":\"it-IT\",\"@id\":\"https:\/\/andreapop.com\/producto\/sombrero-fedora-la-justicia\/#primaryimage\",\"url\":\"https:\/\/i0.wp.com\/andreapop.com\/wp-content\/uploads\/2025\/03\/Sombrero-Fedora-La-Justicia-.webp?fit=845%2C566&ssl=1\",\"contentUrl\":\"https:\/\/i0.wp.com\/andreapop.com\/wp-content\/uploads\/2025\/03\/Sombrero-Fedora-La-Justicia-.webp?fit=845%2C566&ssl=1\",\"width\":845,\"height\":566,\"caption\":\"sombrero fedora artesanal\"},{\"@type\":\"BreadcrumbList\",\"@id\":\"https:\/\/andreapop.com\/producto\/sombrero-fedora-la-justicia\/#breadcrumb\",\"itemListElement\":[{\"@type\":\"ListItem\",\"position\":1,\"name\":\"Portada\",\"item\":\"https:\/\/andreapop.com\/\"},{\"@type\":\"ListItem\",\"position\":2,\"name\":\"Tienda de Sombrerer\u00eda &#8211; Herramientas y Sombreros Artesanales\",\"item\":\"https:\/\/andreapop.com\/tienda\/\"},{\"@type\":\"ListItem\",\"position\":3,\"name\":\"Sombrero Fedora &#8220;La Justicia&#8221;\"}]},{\"@type\":\"WebSite\",\"@id\":\"https:\/\/andreapop.com\/#website\",\"url\":\"https:\/\/andreapop.com\/\",\"name\":\"Andrea Pop\",\"description\":\"Aprende a crear sombreros \u00fanicos y personalizados\",\"publisher\":{\"@id\":\"https:\/\/andreapop.com\/#organization\"},\"alternateName\":\"Andrea Pop Hat Maker\",\"potentialAction\":[{\"@type\":\"SearchAction\",\"target\":{\"@type\":\"EntryPoint\",\"urlTemplate\":\"https:\/\/andreapop.com\/?s={search_term_string}\"},\"query-input\":{\"@type\":\"PropertyValueSpecification\",\"valueRequired\":true,\"valueName\":\"search_term_string\"}}],\"inLanguage\":\"it-IT\"},{\"@type\":\"Organization\",\"@id\":\"https:\/\/andreapop.com\/#organization\",\"name\":\"Andrea Pop\",\"url\":\"https:\/\/andreapop.com\/\",\"logo\":{\"@type\":\"ImageObject\",\"inLanguage\":\"it-IT\",\"@id\":\"https:\/\/andreapop.com\/#\/schema\/logo\/image\/\",\"url\":\"https:\/\/andreapop.com\/wp-content\/uploads\/2025\/03\/SILUETA.png\",\"contentUrl\":\"https:\/\/andreapop.com\/wp-content\/uploads\/2025\/03\/SILUETA.png\",\"width\":1920,\"height\":1080,\"caption\":\"Andrea Pop\"},\"image\":{\"@id\":\"https:\/\/andreapop.com\/#\/schema\/logo\/image\/\"},\"email\":\"info@andreapop.com\",\"legalName\":\"Andrea Pop\",\"foundingDate\":\"2025-01-01\",\"vatID\":\"X4653121Z\",\"taxID\":\"X4653121Z\",\"numberOfEmployees\":{\"@type\":\"QuantitativeValue\",\"minValue\":\"1\",\"maxValue\":\"10\"}}]}<\/script>\n<!-- \/ Yoast SEO Premium plugin. -->","yoast_head_json":{"title":"Sombrero Fedora \"La Justicia\" - Andrea Pop","description":"El sombrero fedora La Justicia es un sombrero artesanal hecho en Espa\u00f1a con dise\u00f1o \u00fanico y car\u00e1cter. Descubre elegancia y autenticidad en cada detalle.","robots":{"index":"index","follow":"follow","max-snippet":"max-snippet:-1","max-image-preview":"max-image-preview:large","max-video-preview":"max-video-preview:-1"},"canonical":"https:\/\/andreapop.com\/it\/product\/sombrero-fedora-la-justicia\/","og_locale":"it_IT","og_type":"article","og_title":"Sombrero Fedora \"La Justicia\"","og_description":"El sombrero fedora La Justicia es un sombrero artesanal hecho en Espa\u00f1a con dise\u00f1o \u00fanico y car\u00e1cter. Descubre elegancia y autenticidad en cada detalle.","og_url":"https:\/\/andreapop.com\/it\/product\/sombrero-fedora-la-justicia\/","og_site_name":"Andrea Pop","article_modified_time":"2025-06-21T15:41:05+00:00","og_image":[{"width":845,"height":566,"url":"https:\/\/andreapop.com\/wp-content\/uploads\/2025\/03\/Sombrero-Fedora-La-Justicia-.webp","type":"image\/webp"}],"twitter_card":"summary_large_image","twitter_misc":{"Tempo di lettura stimato":"2 minuti"},"schema":{"@context":"https:\/\/schema.org","@graph":[{"@type":"WebPage","@id":"https:\/\/andreapop.com\/producto\/sombrero-fedora-la-justicia\/","url":"https:\/\/andreapop.com\/producto\/sombrero-fedora-la-justicia\/","name":"Sombrero Fedora \"La Justicia\" - Andrea Pop","isPartOf":{"@id":"https:\/\/andreapop.com\/#website"},"primaryImageOfPage":{"@id":"https:\/\/andreapop.com\/producto\/sombrero-fedora-la-justicia\/#primaryimage"},"image":{"@id":"https:\/\/andreapop.com\/producto\/sombrero-fedora-la-justicia\/#primaryimage"},"thumbnailUrl":"https:\/\/i0.wp.com\/andreapop.com\/wp-content\/uploads\/2025\/03\/Sombrero-Fedora-La-Justicia-.webp?fit=845%2C566&ssl=1","datePublished":"2025-03-04T22:16:25+00:00","dateModified":"2025-06-21T15:41:05+00:00","description":"El sombrero fedora La Justicia es un sombrero artesanal hecho en Espa\u00f1a con dise\u00f1o \u00fanico y car\u00e1cter. Descubre elegancia y autenticidad en cada detalle.","breadcrumb":{"@id":"https:\/\/andreapop.com\/producto\/sombrero-fedora-la-justicia\/#breadcrumb"},"inLanguage":"it-IT","potentialAction":[{"@type":"ReadAction","target":["https:\/\/andreapop.com\/producto\/sombrero-fedora-la-justicia\/"]}]},{"@type":"ImageObject","inLanguage":"it-IT","@id":"https:\/\/andreapop.com\/producto\/sombrero-fedora-la-justicia\/#primaryimage","url":"https:\/\/i0.wp.com\/andreapop.com\/wp-content\/uploads\/2025\/03\/Sombrero-Fedora-La-Justicia-.webp?fit=845%2C566&ssl=1","contentUrl":"https:\/\/i0.wp.com\/andreapop.com\/wp-content\/uploads\/2025\/03\/Sombrero-Fedora-La-Justicia-.webp?fit=845%2C566&ssl=1","width":845,"height":566,"caption":"sombrero fedora artesanal"},{"@type":"BreadcrumbList","@id":"https:\/\/andreapop.com\/producto\/sombrero-fedora-la-justicia\/#breadcrumb","itemListElement":[{"@type":"ListItem","position":1,"name":"Portada","item":"https:\/\/andreapop.com\/"},{"@type":"ListItem","position":2,"name":"Tienda de Sombrerer\u00eda &#8211; Herramientas y Sombreros Artesanales","item":"https:\/\/andreapop.com\/tienda\/"},{"@type":"ListItem","position":3,"name":"Sombrero Fedora &#8220;La Justicia&#8221;"}]},{"@type":"WebSite","@id":"https:\/\/andreapop.com\/#website","url":"https:\/\/andreapop.com\/","name":"Andrea Pop","description":"Aprende a crear sombreros \u00fanicos y personalizados","publisher":{"@id":"https:\/\/andreapop.com\/#organization"},"alternateName":"Andrea Pop Hat Maker","potentialAction":[{"@type":"SearchAction","target":{"@type":"EntryPoint","urlTemplate":"https:\/\/andreapop.com\/?s={search_term_string}"},"query-input":{"@type":"PropertyValueSpecification","valueRequired":true,"valueName":"search_term_string"}}],"inLanguage":"it-IT"},{"@type":"Organization","@id":"https:\/\/andreapop.com\/#organization","name":"Andrea Pop","url":"https:\/\/andreapop.com\/","logo":{"@type":"ImageObject","inLanguage":"it-IT","@id":"https:\/\/andreapop.com\/#\/schema\/logo\/image\/","url":"https:\/\/andreapop.com\/wp-content\/uploads\/2025\/03\/SILUETA.png","contentUrl":"https:\/\/andreapop.com\/wp-content\/uploads\/2025\/03\/SILUETA.png","width":1920,"height":1080,"caption":"Andrea Pop"},"image":{"@id":"https:\/\/andreapop.com\/#\/schema\/logo\/image\/"},"email":"info@andreapop.com","legalName":"Andrea Pop","foundingDate":"2025-01-01","vatID":"X4653121Z","taxID":"X4653121Z","numberOfEmployees":{"@type":"QuantitativeValue","minValue":"1","maxValue":"10"}}]}},"jetpack_sharing_enabled":true,"_links":{"self":[{"href":"https:\/\/andreapop.com\/it\/wp-json\/wp\/v2\/product\/8285","targetHints":{"allow":["GET"]}}],"collection":[{"href":"https:\/\/andreapop.com\/it\/wp-json\/wp\/v2\/product"}],"about":[{"href":"https:\/\/andreapop.com\/it\/wp-json\/wp\/v2\/types\/product"}],"replies":[{"embeddable":true,"href":"https:\/\/andreapop.com\/it\/wp-json\/wp\/v2\/comments?post=8285"}],"wp:featuredmedia":[{"embeddable":true,"href":"https:\/\/andreapop.com\/it\/wp-json\/wp\/v2\/media\/10202"}],"wp:attachment":[{"href":"https:\/\/andreapop.com\/it\/wp-json\/wp\/v2\/media?parent=8285"}],"wp:term":[{"taxonomy":"product_brand","embeddable":true,"href":"https:\/\/andreapop.com\/it\/wp-json\/wp\/v2\/product_brand?post=8285"},{"taxonomy":"product_cat","embeddable":true,"href":"https:\/\/andreapop.com\/it\/wp-json\/wp\/v2\/product_cat?post=8285"},{"taxonomy":"product_tag","embeddable":true,"href":"https:\/\/andreapop.com\/it\/wp-json\/wp\/v2\/product_tag?post=8285"}],"curies":[{"name":"wp","href":"https:\/\/api.w.org\/{rel}","templated":true}]}}