{"id":8776,"date":"2025-03-12T15:06:51","date_gmt":"2025-03-12T15:06:51","guid":{"rendered":"https:\/\/andreapop.com\/?post_type=product&#038;p=8776"},"modified":"2026-03-26T15:26:17","modified_gmt":"2026-03-26T15:26:17","slug":"formillon","status":"publish","type":"product","link":"https:\/\/andreapop.com\/it\/product\/formillon\/","title":{"rendered":"FORMILLON"},"content":{"rendered":"<h1 data-start=\"703\" data-end=\"773\"><strong data-start=\"703\" data-end=\"773\">Formillon \u2013 Precisi\u00f3n artesanal para dar forma al sombrero<\/strong><\/h1>\n<p data-start=\"775\" data-end=\"1059\" class=\"translation-block\">El <strong data-start=\"778\" data-end=\"791\">formillon<\/strong> es una herramienta imprescindible en el oficio tradicional de la sombrerer\u00eda. Dise\u00f1ado en CAD e impreso en 3D&nbsp; con filamento de altas prestaciones, con acabado a mano, el formill\u00f3n permite replicar con precisi\u00f3n la forma \u00fanica de la cabeza de cada cliente, a&nbsp; la vez que permite trabajar con precisi\u00f3n sobre el ala del sombrero, marcando l\u00edneas, definiendo curvas y reforzando la estructura del ala.<\/p>\n<p class=\"translation-block\">Fabricado con materiales resistentes y duraderos, el <strong data-start=\"1636\" data-end=\"1649\">formill\u00f3n<\/strong> de Andrea Pop ha sido dise\u00f1ado para encajar perfectamente en distintas hormas, permitiendo as\u00ed una sujeci\u00f3n firme y eficaz. Gracias a su estructura ajustable, es ideal tanto para sombreros de copa alta como baja.<\/p>\n<p><strong>Dettagli:<\/strong><\/p>\n<p>Fatto a mano<\/p>\n<p>Tipo de material: PETG (100% reciclable), ACERO<\/p>\n<p><strong>Descrizione:<\/strong><\/p>\n<p>Proceso de fabricaci\u00f3n: Impresi\u00f3n 3D (FDM), Laser. <em>Como resultado del proceso de corte del metal, pueden observarse marcas superficiales o l\u00edneas en la pieza met\u00e1lica. Estas son inherentes al proceso de fabricaci\u00f3n, presentes en todas las unidades y no afectan las tolerancias ni el rendimiento del producto.<\/em><\/p>\n<p><strong>Uso:<\/strong> el Formillion es una herramienta dise\u00f1ada para replicar con precisi\u00f3n la forma \u00fanica de la cabeza de cada cliente. Su funci\u00f3n principal es moldear el sombrero con exactitud, asegurando un ajuste c\u00f3modo y totalmente personalizado. Se puede adaptar a cabezas desde la talla 53 hasta la 62.<\/p>\n<p>Ventajas del Formillion:<\/p>\n<ul>\n<li>Precisi\u00f3n: Permite moldear sombreros que se ajustan perfectamente a la cabeza del cliente, brindando comodidad y estilo.<\/li>\n<li>Reutilizable: Su dise\u00f1o ajustable permite usarlo repetidamente, convirti\u00e9ndolo en una inversi\u00f3n pr\u00e1ctica y duradera.<\/li>\n<li>Personalizaci\u00f3n: Cada ajuste es \u00fanico, proporcionando una experiencia personalizada para cada cliente.<\/li>\n<li>Artesan\u00eda: Refleja un alto nivel de habilidad y atenci\u00f3n al detalle, consolidando el arte de la confecci\u00f3n de sombreros.<\/li>\n<li>Eficiencia: Almacenar las medidas del cliente simplifica los procesos para futuros pedidos, mejorando la productividad y el servicio.<\/li>\n<\/ul>","protected":false},"excerpt":{"rendered":"<p class=\"ai-optimize-31\">Replica la forma exacta de la cabeza de tu cliente con esta herramienta innovadora fabricada con impresi\u00f3n 3D<\/p>\n<p class=\"ai-optimize-32\">\n<div class=\"wonderplugin-video\" style=\"width:600px;height:400px;position:relative;display:block;background-color:#000;overflow:hidden;max-width:100%;margin:0 auto\" data-aspectratio=\"1.5\">\n<div class=\"wpve-videoplayer\" style=\"display:block;position:relative;width:100%;height:100%\" data-mp4=\"https:\/\/andreapop.com\/wp-content\/uploads\/2025\/03\/conformer-formillon.mp4\" data-skinfolder=\"https:\/\/andreapop.com\/wp-content\/plugins\/wonderplugin-video-embed\/engine\/\" data-webm=\"https:\/\/andreapop.com\/wp-content\/uploads\/2025\/03\/conformer-formillon-1.webm\" data-playbutton=\"https:\/\/andreapop.com\/wp-content\/plugins\/wonderplugin-video-embed\/engine\/playvideo-64-64-0.png\"><\/div>\n<\/div>","protected":false},"featured_media":11101,"comment_status":"open","ping_status":"closed","template":"","meta":{"inline_featured_image":false},"product_brand":[],"product_cat":[347],"product_tag":[],"class_list":{"0":"post-8776","1":"product","2":"type-product","3":"status-publish","4":"has-post-thumbnail","6":"product_cat-herramientas-para-sombreros","8":"first","9":"instock","10":"taxable","11":"shipping-taxable","12":"purchasable","13":"product-type-simple"},"yoast_head":"<!-- This site is optimized with the Yoast SEO Premium plugin v25.3.1 (Yoast SEO v25.4) - https:\/\/yoast.com\/wordpress\/plugins\/seo\/ -->\n<title>FORMILLON - Andrea Pop<\/title>\n<meta name=\"description\" content=\"El Formillion es una herramienta indispensable para los fabricantes de sombreros profesionales, dise\u00f1ada para garantizar medidas precisas e impecables.\" \/>\n<meta name=\"robots\" content=\"index, follow, max-snippet:-1, max-image-preview:large, max-video-preview:-1\" \/>\n<link rel=\"canonical\" href=\"https:\/\/andreapop.com\/it\/product\/formillon\/\" \/>\n<meta property=\"og:locale\" content=\"it_IT\" \/>\n<meta property=\"og:type\" content=\"article\" \/>\n<meta property=\"og:title\" content=\"FORMILLON\" \/>\n<meta property=\"og:description\" content=\"El Formillion es una herramienta indispensable para los fabricantes de sombreros profesionales, dise\u00f1ada para garantizar medidas precisas e impecables.\" \/>\n<meta property=\"og:url\" content=\"https:\/\/andreapop.com\/it\/product\/formillon\/\" \/>\n<meta property=\"og:site_name\" content=\"Andrea Pop\" \/>\n<meta property=\"article:modified_time\" content=\"2026-03-26T15:26:17+00:00\" \/>\n<meta property=\"og:image\" content=\"https:\/\/andreapop.com\/wp-content\/uploads\/2026\/01\/FORMILLON.webp\" \/>\n\t<meta property=\"og:image:width\" content=\"1536\" \/>\n\t<meta property=\"og:image:height\" content=\"1024\" \/>\n\t<meta property=\"og:image:type\" content=\"image\/webp\" \/>\n<meta name=\"twitter:card\" content=\"summary_large_image\" \/>\n<meta name=\"twitter:label1\" content=\"Tempo di lettura stimato\" \/>\n\t<meta name=\"twitter:data1\" content=\"2 minuti\" \/>\n<script type=\"application\/ld+json\" class=\"yoast-schema-graph\">{\"@context\":\"https:\/\/schema.org\",\"@graph\":[{\"@type\":\"WebPage\",\"@id\":\"https:\/\/andreapop.com\/producto\/formillon\/\",\"url\":\"https:\/\/andreapop.com\/producto\/formillon\/\",\"name\":\"FORMILLON - Andrea Pop\",\"isPartOf\":{\"@id\":\"https:\/\/andreapop.com\/#website\"},\"primaryImageOfPage\":{\"@id\":\"https:\/\/andreapop.com\/producto\/formillon\/#primaryimage\"},\"image\":{\"@id\":\"https:\/\/andreapop.com\/producto\/formillon\/#primaryimage\"},\"thumbnailUrl\":\"https:\/\/i0.wp.com\/andreapop.com\/wp-content\/uploads\/2026\/01\/FORMILLON.webp?fit=1536%2C1024&ssl=1\",\"datePublished\":\"2025-03-12T15:06:51+00:00\",\"dateModified\":\"2026-03-26T15:26:17+00:00\",\"description\":\"El Formillion es una herramienta indispensable para los fabricantes de sombreros profesionales, dise\u00f1ada para garantizar medidas precisas e impecables.\",\"breadcrumb\":{\"@id\":\"https:\/\/andreapop.com\/producto\/formillon\/#breadcrumb\"},\"inLanguage\":\"it-IT\",\"potentialAction\":[{\"@type\":\"ReadAction\",\"target\":[\"https:\/\/andreapop.com\/producto\/formillon\/\"]}]},{\"@type\":\"ImageObject\",\"inLanguage\":\"it-IT\",\"@id\":\"https:\/\/andreapop.com\/producto\/formillon\/#primaryimage\",\"url\":\"https:\/\/i0.wp.com\/andreapop.com\/wp-content\/uploads\/2026\/01\/FORMILLON.webp?fit=1536%2C1024&ssl=1\",\"contentUrl\":\"https:\/\/i0.wp.com\/andreapop.com\/wp-content\/uploads\/2026\/01\/FORMILLON.webp?fit=1536%2C1024&ssl=1\",\"width\":1536,\"height\":1024,\"caption\":\"FORMILLON\"},{\"@type\":\"BreadcrumbList\",\"@id\":\"https:\/\/andreapop.com\/producto\/formillon\/#breadcrumb\",\"itemListElement\":[{\"@type\":\"ListItem\",\"position\":1,\"name\":\"Portada\",\"item\":\"https:\/\/andreapop.com\/\"},{\"@type\":\"ListItem\",\"position\":2,\"name\":\"Tienda de Sombrerer\u00eda &#8211; Herramientas y Sombreros Artesanales\",\"item\":\"https:\/\/andreapop.com\/tienda\/\"},{\"@type\":\"ListItem\",\"position\":3,\"name\":\"FORMILLON\"}]},{\"@type\":\"WebSite\",\"@id\":\"https:\/\/andreapop.com\/#website\",\"url\":\"https:\/\/andreapop.com\/\",\"name\":\"Andrea Pop\",\"description\":\"Aprende a crear sombreros \u00fanicos y personalizados\",\"publisher\":{\"@id\":\"https:\/\/andreapop.com\/#organization\"},\"alternateName\":\"Andrea Pop Hat Maker\",\"potentialAction\":[{\"@type\":\"SearchAction\",\"target\":{\"@type\":\"EntryPoint\",\"urlTemplate\":\"https:\/\/andreapop.com\/?s={search_term_string}\"},\"query-input\":{\"@type\":\"PropertyValueSpecification\",\"valueRequired\":true,\"valueName\":\"search_term_string\"}}],\"inLanguage\":\"it-IT\"},{\"@type\":\"Organization\",\"@id\":\"https:\/\/andreapop.com\/#organization\",\"name\":\"Andrea Pop\",\"url\":\"https:\/\/andreapop.com\/\",\"logo\":{\"@type\":\"ImageObject\",\"inLanguage\":\"it-IT\",\"@id\":\"https:\/\/andreapop.com\/#\/schema\/logo\/image\/\",\"url\":\"https:\/\/andreapop.com\/wp-content\/uploads\/2025\/03\/SILUETA.png\",\"contentUrl\":\"https:\/\/andreapop.com\/wp-content\/uploads\/2025\/03\/SILUETA.png\",\"width\":1920,\"height\":1080,\"caption\":\"Andrea Pop\"},\"image\":{\"@id\":\"https:\/\/andreapop.com\/#\/schema\/logo\/image\/\"},\"email\":\"info@andreapop.com\",\"legalName\":\"Andrea Pop\",\"foundingDate\":\"2025-01-01\",\"vatID\":\"X4653121Z\",\"taxID\":\"X4653121Z\",\"numberOfEmployees\":{\"@type\":\"QuantitativeValue\",\"minValue\":\"1\",\"maxValue\":\"10\"}}]}<\/script>\n<!-- \/ Yoast SEO Premium plugin. -->","yoast_head_json":{"title":"FORMILLON - Andrea Pop","description":"El Formillion es una herramienta indispensable para los fabricantes de sombreros profesionales, dise\u00f1ada para garantizar medidas precisas e impecables.","robots":{"index":"index","follow":"follow","max-snippet":"max-snippet:-1","max-image-preview":"max-image-preview:large","max-video-preview":"max-video-preview:-1"},"canonical":"https:\/\/andreapop.com\/it\/product\/formillon\/","og_locale":"it_IT","og_type":"article","og_title":"FORMILLON","og_description":"El Formillion es una herramienta indispensable para los fabricantes de sombreros profesionales, dise\u00f1ada para garantizar medidas precisas e impecables.","og_url":"https:\/\/andreapop.com\/it\/product\/formillon\/","og_site_name":"Andrea Pop","article_modified_time":"2026-03-26T15:26:17+00:00","og_image":[{"width":1536,"height":1024,"url":"https:\/\/andreapop.com\/wp-content\/uploads\/2026\/01\/FORMILLON.webp","type":"image\/webp"}],"twitter_card":"summary_large_image","twitter_misc":{"Tempo di lettura stimato":"2 minuti"},"schema":{"@context":"https:\/\/schema.org","@graph":[{"@type":"WebPage","@id":"https:\/\/andreapop.com\/producto\/formillon\/","url":"https:\/\/andreapop.com\/producto\/formillon\/","name":"FORMILLON - Andrea Pop","isPartOf":{"@id":"https:\/\/andreapop.com\/#website"},"primaryImageOfPage":{"@id":"https:\/\/andreapop.com\/producto\/formillon\/#primaryimage"},"image":{"@id":"https:\/\/andreapop.com\/producto\/formillon\/#primaryimage"},"thumbnailUrl":"https:\/\/i0.wp.com\/andreapop.com\/wp-content\/uploads\/2026\/01\/FORMILLON.webp?fit=1536%2C1024&ssl=1","datePublished":"2025-03-12T15:06:51+00:00","dateModified":"2026-03-26T15:26:17+00:00","description":"El Formillion es una herramienta indispensable para los fabricantes de sombreros profesionales, dise\u00f1ada para garantizar medidas precisas e impecables.","breadcrumb":{"@id":"https:\/\/andreapop.com\/producto\/formillon\/#breadcrumb"},"inLanguage":"it-IT","potentialAction":[{"@type":"ReadAction","target":["https:\/\/andreapop.com\/producto\/formillon\/"]}]},{"@type":"ImageObject","inLanguage":"it-IT","@id":"https:\/\/andreapop.com\/producto\/formillon\/#primaryimage","url":"https:\/\/i0.wp.com\/andreapop.com\/wp-content\/uploads\/2026\/01\/FORMILLON.webp?fit=1536%2C1024&ssl=1","contentUrl":"https:\/\/i0.wp.com\/andreapop.com\/wp-content\/uploads\/2026\/01\/FORMILLON.webp?fit=1536%2C1024&ssl=1","width":1536,"height":1024,"caption":"FORMILLON"},{"@type":"BreadcrumbList","@id":"https:\/\/andreapop.com\/producto\/formillon\/#breadcrumb","itemListElement":[{"@type":"ListItem","position":1,"name":"Portada","item":"https:\/\/andreapop.com\/"},{"@type":"ListItem","position":2,"name":"Tienda de Sombrerer\u00eda &#8211; Herramientas y Sombreros Artesanales","item":"https:\/\/andreapop.com\/tienda\/"},{"@type":"ListItem","position":3,"name":"FORMILLON"}]},{"@type":"WebSite","@id":"https:\/\/andreapop.com\/#website","url":"https:\/\/andreapop.com\/","name":"Andrea Pop","description":"Aprende a crear sombreros \u00fanicos y personalizados","publisher":{"@id":"https:\/\/andreapop.com\/#organization"},"alternateName":"Andrea Pop Hat Maker","potentialAction":[{"@type":"SearchAction","target":{"@type":"EntryPoint","urlTemplate":"https:\/\/andreapop.com\/?s={search_term_string}"},"query-input":{"@type":"PropertyValueSpecification","valueRequired":true,"valueName":"search_term_string"}}],"inLanguage":"it-IT"},{"@type":"Organization","@id":"https:\/\/andreapop.com\/#organization","name":"Andrea Pop","url":"https:\/\/andreapop.com\/","logo":{"@type":"ImageObject","inLanguage":"it-IT","@id":"https:\/\/andreapop.com\/#\/schema\/logo\/image\/","url":"https:\/\/andreapop.com\/wp-content\/uploads\/2025\/03\/SILUETA.png","contentUrl":"https:\/\/andreapop.com\/wp-content\/uploads\/2025\/03\/SILUETA.png","width":1920,"height":1080,"caption":"Andrea Pop"},"image":{"@id":"https:\/\/andreapop.com\/#\/schema\/logo\/image\/"},"email":"info@andreapop.com","legalName":"Andrea Pop","foundingDate":"2025-01-01","vatID":"X4653121Z","taxID":"X4653121Z","numberOfEmployees":{"@type":"QuantitativeValue","minValue":"1","maxValue":"10"}}]}},"jetpack_sharing_enabled":true,"_links":{"self":[{"href":"https:\/\/andreapop.com\/it\/wp-json\/wp\/v2\/product\/8776","targetHints":{"allow":["GET"]}}],"collection":[{"href":"https:\/\/andreapop.com\/it\/wp-json\/wp\/v2\/product"}],"about":[{"href":"https:\/\/andreapop.com\/it\/wp-json\/wp\/v2\/types\/product"}],"replies":[{"embeddable":true,"href":"https:\/\/andreapop.com\/it\/wp-json\/wp\/v2\/comments?post=8776"}],"wp:featuredmedia":[{"embeddable":true,"href":"https:\/\/andreapop.com\/it\/wp-json\/wp\/v2\/media\/11101"}],"wp:attachment":[{"href":"https:\/\/andreapop.com\/it\/wp-json\/wp\/v2\/media?parent=8776"}],"wp:term":[{"taxonomy":"product_brand","embeddable":true,"href":"https:\/\/andreapop.com\/it\/wp-json\/wp\/v2\/product_brand?post=8776"},{"taxonomy":"product_cat","embeddable":true,"href":"https:\/\/andreapop.com\/it\/wp-json\/wp\/v2\/product_cat?post=8776"},{"taxonomy":"product_tag","embeddable":true,"href":"https:\/\/andreapop.com\/it\/wp-json\/wp\/v2\/product_tag?post=8776"}],"curies":[{"name":"wp","href":"https:\/\/api.w.org\/{rel}","templated":true}]}}